{"id":1569,"date":"2023-10-02T11:44:28","date_gmt":"2023-10-02T09:44:28","guid":{"rendered":"https:\/\/ecologforestry.com\/?page_id=1569"},"modified":"2025-06-23T09:47:09","modified_gmt":"2025-06-23T07:47:09","slug":"hallbarhetsrapport","status":"publish","type":"page","link":"https:\/\/ecologforestry.com\/en\/om-ecolog\/hallbarhetsrapport\/","title":{"rendered":"H\u00e5llbarhetsrapport"},"content":{"rendered":"\t\t<div data-elementor-type=\"wp-page\" data-elementor-id=\"1569\" class=\"elementor elementor-1569\" data-elementor-post-type=\"page\">\n\t\t\t\t\t\t<section class=\"elementor-section elementor-top-section elementor-element elementor-element-72e4fcbe elementor-section-boxed elementor-section-height-default elementor-section-height-default\" data-id=\"72e4fcbe\" data-element_type=\"section\" data-e-type=\"section\">\n\t\t\t\t\t\t<div class=\"elementor-container elementor-column-gap-default\">\n\t\t\t\t\t<div class=\"elementor-column elementor-col-100 elementor-top-column elementor-element elementor-element-4050d47e page_top_image\" data-id=\"4050d47e\" data-element_type=\"column\" data-e-type=\"column\" data-settings=\"{&quot;background_background&quot;:&quot;classic&quot;}\">\n\t\t\t<div class=\"elementor-widget-wrap elementor-element-populated\">\n\t\t\t\t\t\t<div class=\"elementor-element elementor-element-4fed4597 elementor-widget elementor-widget-heading\" data-id=\"4fed4597\" data-element_type=\"widget\" data-e-type=\"widget\" data-widget_type=\"heading.default\">\n\t\t\t\t<div class=\"elementor-widget-container\">\n\t\t\t\t\t<h2 class=\"elementor-heading-title elementor-size-default\">Detta \u00e4r Eco Log<\/h2>\t\t\t\t<\/div>\n\t\t\t\t<\/div>\n\t\t\t\t<div class=\"elementor-element elementor-element-2387516a elementor-widget elementor-widget-text-editor\" data-id=\"2387516a\" data-element_type=\"widget\" data-e-type=\"widget\" data-widget_type=\"text-editor.default\">\n\t\t\t\t<div class=\"elementor-widget-container\">\n\t\t\t\t\t\t\t\t\t<p>Nyckeln till ett framg\u00e5ngsrikt skogsbruk.<\/p>\t\t\t\t\t\t\t\t<\/div>\n\t\t\t\t<\/div>\n\t\t\t\t\t<\/div>\n\t\t<\/div>\n\t\t\t\t\t<\/div>\n\t\t<\/section>\n\t\t\t\t<section class=\"elementor-section elementor-top-section elementor-element elementor-element-3c12115b elementor-section-boxed elementor-section-height-default elementor-section-height-default\" data-id=\"3c12115b\" data-element_type=\"section\" data-e-type=\"section\" data-settings=\"{&quot;background_background&quot;:&quot;classic&quot;}\">\n\t\t\t\t\t\t<div class=\"elementor-container elementor-column-gap-default\">\n\t\t\t\t\t<div class=\"elementor-column elementor-col-100 elementor-top-column elementor-element elementor-element-508c8807\" data-id=\"508c8807\" data-element_type=\"column\" data-e-type=\"column\">\n\t\t\t<div class=\"elementor-widget-wrap elementor-element-populated\">\n\t\t\t\t\t\t<section class=\"elementor-section elementor-inner-section elementor-element elementor-element-577a8f24 elementor-section-boxed elementor-section-height-default elementor-section-height-default\" data-id=\"577a8f24\" data-element_type=\"section\" data-e-type=\"section\">\n\t\t\t\t\t\t<div class=\"elementor-container elementor-column-gap-default\">\n\t\t\t\t\t<div class=\"elementor-column elementor-col-100 elementor-inner-column elementor-element elementor-element-906d439\" data-id=\"906d439\" data-element_type=\"column\" data-e-type=\"column\">\n\t\t\t<div class=\"elementor-widget-wrap elementor-element-populated\">\n\t\t\t\t\t\t<div class=\"elementor-element elementor-element-6e22d492 elementor-widget elementor-widget-heading\" data-id=\"6e22d492\" data-element_type=\"widget\" data-e-type=\"widget\" data-widget_type=\"heading.default\">\n\t\t\t\t<div class=\"elementor-widget-container\">\n\t\t\t\t\t<h2 class=\"elementor-heading-title elementor-size-default\">H\u00e5llbarhetsrapport<\/h2>\t\t\t\t<\/div>\n\t\t\t\t<\/div>\n\t\t\t\t<div class=\"elementor-element elementor-element-78c4f687 elementor-widget elementor-widget-text-editor\" data-id=\"78c4f687\" data-element_type=\"widget\" data-e-type=\"widget\" data-widget_type=\"text-editor.default\">\n\t\t\t\t<div class=\"elementor-widget-container\">\n\t\t\t\t\t\t\t\t\t<p>H\u00e4r kan du l\u00e4sa v\u00e5r h\u00e5llbarhetsrapport f\u00f6r verksamhets\u00e5ret 2024<\/p>\t\t\t\t\t\t\t\t<\/div>\n\t\t\t\t<\/div>\n\t\t\t\t\t<\/div>\n\t\t<\/div>\n\t\t\t\t\t<\/div>\n\t\t<\/section>\n\t\t\t\t<section class=\"elementor-section elementor-inner-section elementor-element elementor-element-234b476 elementor-section-boxed elementor-section-height-default elementor-section-height-default\" data-id=\"234b476\" data-element_type=\"section\" data-e-type=\"section\">\n\t\t\t\t\t\t<div class=\"elementor-container elementor-column-gap-default\">\n\t\t\t\t\t<div class=\"elementor-column elementor-col-100 elementor-inner-column elementor-element elementor-element-d847d7b\" data-id=\"d847d7b\" data-element_type=\"column\" data-e-type=\"column\">\n\t\t\t<div class=\"elementor-widget-wrap elementor-element-populated\">\n\t\t\t\t\t\t<div class=\"elementor-element elementor-element-6573da8 elementor-widget__width-initial elementor-widget elementor-widget-image\" data-id=\"6573da8\" data-element_type=\"widget\" data-e-type=\"widget\" data-widget_type=\"image.default\">\n\t\t\t\t<div class=\"elementor-widget-container\">\n\t\t\t\t\t\t\t\t\t\t\t\t\t\t\t\t<a href=\"https:\/\/ecologforestry.com\/wp-content\/uploads\/2025\/06\/Hallbarhetsrapport_2024_medsignatur.pdf\" target=\"_blank\">\n\t\t\t\t\t\t\t<img fetchpriority=\"high\" decoding=\"async\" width=\"709\" height=\"1002\" src=\"https:\/\/ecologforestry.com\/wp-content\/uploads\/2025\/06\/Hallbarhetsrapport_2024_medsignatur-1.jpg\" class=\"attachment-large size-large wp-image-6794\" alt=\"\" srcset=\"https:\/\/ecologforestry.com\/wp-content\/uploads\/2025\/06\/Hallbarhetsrapport_2024_medsignatur-1.jpg 709w, https:\/\/ecologforestry.com\/wp-content\/uploads\/2025\/06\/Hallbarhetsrapport_2024_medsignatur-1-212x300.jpg 212w\" sizes=\"(max-width: 709px) 100vw, 709px\" \/>\t\t\t\t\t\t\t\t<\/a>\n\t\t\t\t\t\t\t\t\t\t\t\t\t\t\t<\/div>\n\t\t\t\t<\/div>\n\t\t\t\t<div class=\"elementor-element elementor-element-20b2e53 elementor-widget elementor-widget-text-editor\" data-id=\"20b2e53\" data-element_type=\"widget\" data-e-type=\"widget\" data-widget_type=\"text-editor.default\">\n\t\t\t\t<div class=\"elementor-widget-container\">\n\t\t\t\t\t\t\t\t\t<p>Ladda ner 2024 \u00e5rs <a href=\"https:\/\/ecologforestry.comhttps:\/\/ecologforestry.com\/wp-content\/uploads\/2025\/06\/Hallbarhetsrapport_2024_medsignatur.pdf\/wp-content\/uploads\/2025\/06\/Hallbarhetsrapport_2024_medsignatur.pdf\" target=\"_blank\" rel=\"noopener\">H\u00e5llbarhetsrapport h\u00e4r (PDF) \u00bb<\/a><\/p>\t\t\t\t\t\t\t\t<\/div>\n\t\t\t\t<\/div>\n\t\t\t\t\t<\/div>\n\t\t<\/div>\n\t\t\t\t\t<\/div>\n\t\t<\/section>\n\t\t\t\t\t<\/div>\n\t\t<\/div>\n\t\t\t\t\t<\/div>\n\t\t<\/section>\n\t\t\t\t<\/div>\n\t\t","protected":false},"excerpt":{"rendered":"<p>Detta \u00e4r Eco Log Nyckeln till ett framg\u00e5ngsrikt skogsbruk. H\u00e5llbarhetsrapport H\u00e4r kan du l\u00e4sa v\u00e5r h\u00e5llbarhetsrapport f\u00f6r verksamhets\u00e5ret 2024 Ladda ner 2024 \u00e5rs H\u00e5llbarhetsrapport h\u00e4r (PDF) \u00bb<\/p>\n","protected":false},"author":1,"featured_media":0,"parent":1560,"menu_order":10,"comment_status":"closed","ping_status":"closed","template":"","meta":{"_acf_changed":false,"footnotes":""},"class_list":["post-1569","page","type-page","status-publish","hentry"],"acf":[],"_links":{"self":[{"href":"https:\/\/ecologforestry.com\/en\/wp-json\/wp\/v2\/pages\/1569","targetHints":{"allow":["GET"]}}],"collection":[{"href":"https:\/\/ecologforestry.com\/en\/wp-json\/wp\/v2\/pages"}],"about":[{"href":"https:\/\/ecologforestry.com\/en\/wp-json\/wp\/v2\/types\/page"}],"author":[{"embeddable":true,"href":"https:\/\/ecologforestry.com\/en\/wp-json\/wp\/v2\/users\/1"}],"replies":[{"embeddable":true,"href":"https:\/\/ecologforestry.com\/en\/wp-json\/wp\/v2\/comments?post=1569"}],"version-history":[{"count":52,"href":"https:\/\/ecologforestry.com\/en\/wp-json\/wp\/v2\/pages\/1569\/revisions"}],"predecessor-version":[{"id":6800,"href":"https:\/\/ecologforestry.com\/en\/wp-json\/wp\/v2\/pages\/1569\/revisions\/6800"}],"up":[{"embeddable":true,"href":"https:\/\/ecologforestry.com\/en\/wp-json\/wp\/v2\/pages\/1560"}],"wp:attachment":[{"href":"https:\/\/ecologforestry.com\/en\/wp-json\/wp\/v2\/media?parent=1569"}],"curies":[{"name":"wp","href":"https:\/\/api.w.org\/{rel}","templated":true}]}}