{"id":25,"date":"2023-08-23T14:17:47","date_gmt":"2023-08-23T12:17:47","guid":{"rendered":"http:\/\/ecologforestry.com\/?page_id=25"},"modified":"2025-08-15T10:42:34","modified_gmt":"2025-08-15T08:42:34","slug":"karriar","status":"publish","type":"page","link":"https:\/\/ecologforestry.com\/en\/karriar\/","title":{"rendered":"Karri\u00e4r"},"content":{"rendered":"\t\t<div data-elementor-type=\"wp-page\" data-elementor-id=\"25\" class=\"elementor elementor-25\" data-elementor-post-type=\"page\">\n\t\t\t\t\t\t<section class=\"elementor-section elementor-top-section elementor-element elementor-element-5d1d7109 elementor-section-height-min-height elementor-section-boxed elementor-section-height-default elementor-section-items-middle\" data-id=\"5d1d7109\" data-element_type=\"section\" data-e-type=\"section\">\n\t\t\t\t\t\t<div class=\"elementor-container elementor-column-gap-default\">\n\t\t\t\t\t<div class=\"elementor-column elementor-col-100 elementor-top-column elementor-element elementor-element-7d5d3ed2 page_top_image\" data-id=\"7d5d3ed2\" data-element_type=\"column\" data-e-type=\"column\" data-settings=\"{&quot;background_background&quot;:&quot;classic&quot;}\">\n\t\t\t<div class=\"elementor-widget-wrap elementor-element-populated\">\n\t\t\t\t\t\t<div class=\"elementor-element elementor-element-4e944c38 elementor-widget elementor-widget-heading\" data-id=\"4e944c38\" data-element_type=\"widget\" data-e-type=\"widget\" data-widget_type=\"heading.default\">\n\t\t\t\t<div class=\"elementor-widget-container\">\n\t\t\t\t\t<h2 class=\"elementor-heading-title elementor-size-default\">Jobba hos oss<\/h2>\t\t\t\t<\/div>\n\t\t\t\t<\/div>\n\t\t\t\t\t<\/div>\n\t\t<\/div>\n\t\t\t\t\t<\/div>\n\t\t<\/section>\n\t\t\t\t<section class=\"elementor-section elementor-top-section elementor-element elementor-element-5ea89d52 elementor-section-boxed elementor-section-height-default elementor-section-height-default\" data-id=\"5ea89d52\" data-element_type=\"section\" data-e-type=\"section\" data-settings=\"{&quot;background_background&quot;:&quot;classic&quot;}\">\n\t\t\t\t\t\t<div class=\"elementor-container elementor-column-gap-default\">\n\t\t\t\t\t<div class=\"elementor-column elementor-col-100 elementor-top-column elementor-element elementor-element-553b54e0\" data-id=\"553b54e0\" data-element_type=\"column\" data-e-type=\"column\">\n\t\t\t<div class=\"elementor-widget-wrap elementor-element-populated\">\n\t\t\t\t\t\t<section class=\"elementor-section elementor-inner-section elementor-element elementor-element-4d60985e elementor-section-boxed elementor-section-height-default elementor-section-height-default\" data-id=\"4d60985e\" data-element_type=\"section\" data-e-type=\"section\">\n\t\t\t\t\t\t<div class=\"elementor-container elementor-column-gap-default\">\n\t\t\t\t\t<div class=\"elementor-column elementor-col-100 elementor-inner-column elementor-element elementor-element-98373d6\" data-id=\"98373d6\" data-element_type=\"column\" data-e-type=\"column\">\n\t\t\t<div class=\"elementor-widget-wrap elementor-element-populated\">\n\t\t\t\t\t\t<div class=\"elementor-element elementor-element-fe16cd1 elementor-widget elementor-widget-heading\" data-id=\"fe16cd1\" data-element_type=\"widget\" data-e-type=\"widget\" data-widget_type=\"heading.default\">\n\t\t\t\t<div class=\"elementor-widget-container\">\n\t\t\t\t\t<h2 class=\"elementor-heading-title elementor-size-default\">Jobba hos Eco Log<\/h2>\t\t\t\t<\/div>\n\t\t\t\t<\/div>\n\t\t\t\t<div class=\"elementor-element elementor-element-7050a309 elementor-widget elementor-widget-text-editor\" data-id=\"7050a309\" data-element_type=\"widget\" data-e-type=\"widget\" data-widget_type=\"text-editor.default\">\n\t\t\t\t<div class=\"elementor-widget-container\">\n\t\t\t\t\t\t\t\t\t<p>V\u00e5ra medarbetare \u00e4r Eco Logs fr\u00e4msta tillg\u00e5ng. Vi \u00e4r idag ca 100 anst\u00e4llda med olika bakgrund, kompetenser och erfarenheter. Denna m\u00e5ngfald \u00e4r en av anledningarna till f\u00f6retagets positiva utveckling och resultat genom \u00e5ren.\u00a0<\/p><p>Vi \u00e4r alltid intresserade av att komma i kontakt med m\u00e4nniskor som vill vara en del av Eco Logs framtida resa. Oavsett om du \u00e4r intresserad av en tj\u00e4nst i fabriken, vill bli en viktig kugge i det administrativa eller vara v\u00e5rt ansikte ut mot kund, s\u00e5 \u00e4r du alltid v\u00e4lkommen att kontakta oss.<\/p>\t\t\t\t\t\t\t\t<\/div>\n\t\t\t\t<\/div>\n\t\t\t\t<div class=\"elementor-element elementor-element-1a1d667 elementor-widget elementor-widget-button\" data-id=\"1a1d667\" data-element_type=\"widget\" data-e-type=\"widget\" data-widget_type=\"button.default\">\n\t\t\t\t<div class=\"elementor-widget-container\">\n\t\t\t\t\t\t\t\t\t<div class=\"elementor-button-wrapper\">\n\t\t\t\t\t<a class=\"elementor-button elementor-button-link elementor-size-sm\" href=\"https:\/\/candidate.hr-manager.net\/Vacancies\/List.aspx?customer=ecolog\" target=\"_blank\">\n\t\t\t\t\t\t<span class=\"elementor-button-content-wrapper\">\n\t\t\t\t\t\t\t\t\t<span class=\"elementor-button-text\">SE LEDIGA TJ\u00c4NSTER<\/span>\n\t\t\t\t\t<\/span>\n\t\t\t\t\t<\/a>\n\t\t\t\t<\/div>\n\t\t\t\t\t\t\t\t<\/div>\n\t\t\t\t<\/div>\n\t\t\t\t\t<\/div>\n\t\t<\/div>\n\t\t\t\t\t<\/div>\n\t\t<\/section>\n\t\t\t\t\t<\/div>\n\t\t<\/div>\n\t\t\t\t\t<\/div>\n\t\t<\/section>\n\t\t\t\t<\/div>\n\t\t","protected":false},"excerpt":{"rendered":"<p>Jobba hos oss Jobba hos Eco Log V\u00e5ra medarbetare \u00e4r Eco Logs fr\u00e4msta tillg\u00e5ng. Vi \u00e4r idag ca 100 anst\u00e4llda med olika bakgrund, kompetenser och erfarenheter. Denna m\u00e5ngfald \u00e4r en av anledningarna till f\u00f6retagets positiva utveckling och resultat genom \u00e5ren.\u00a0 Vi \u00e4r alltid intresserade av att komma i kontakt med m\u00e4nniskor som vill vara en [&hellip;]<\/p>\n","protected":false},"author":1,"featured_media":0,"parent":0,"menu_order":230,"comment_status":"closed","ping_status":"closed","template":"","meta":{"_acf_changed":false,"footnotes":""},"class_list":["post-25","page","type-page","status-publish","hentry"],"acf":[],"_links":{"self":[{"href":"https:\/\/ecologforestry.com\/en\/wp-json\/wp\/v2\/pages\/25","targetHints":{"allow":["GET"]}}],"collection":[{"href":"https:\/\/ecologforestry.com\/en\/wp-json\/wp\/v2\/pages"}],"about":[{"href":"https:\/\/ecologforestry.com\/en\/wp-json\/wp\/v2\/types\/page"}],"author":[{"embeddable":true,"href":"https:\/\/ecologforestry.com\/en\/wp-json\/wp\/v2\/users\/1"}],"replies":[{"embeddable":true,"href":"https:\/\/ecologforestry.com\/en\/wp-json\/wp\/v2\/comments?post=25"}],"version-history":[{"count":71,"href":"https:\/\/ecologforestry.com\/en\/wp-json\/wp\/v2\/pages\/25\/revisions"}],"predecessor-version":[{"id":6822,"href":"https:\/\/ecologforestry.com\/en\/wp-json\/wp\/v2\/pages\/25\/revisions\/6822"}],"wp:attachment":[{"href":"https:\/\/ecologforestry.com\/en\/wp-json\/wp\/v2\/media?parent=25"}],"curies":[{"name":"wp","href":"https:\/\/api.w.org\/{rel}","templated":true}]}}