{"id":4620,"date":"2023-10-24T10:57:11","date_gmt":"2023-10-24T08:57:11","guid":{"rendered":"https:\/\/ecologforestry.com\/?page_id=4620"},"modified":"2023-10-25T07:32:08","modified_gmt":"2023-10-25T05:32:08","slug":"574f-documentation","status":"publish","type":"page","link":"https:\/\/ecologforestry.com\/en\/products\/forwarders\/forwarder-574f\/574f-documentation\/","title":{"rendered":"574F Documentation"},"content":{"rendered":"\t\t<div data-elementor-type=\"wp-page\" data-elementor-id=\"4620\" class=\"elementor elementor-4620 elementor-3781\" data-elementor-post-type=\"page\">\n\t\t\t\t\t\t<section class=\"elementor-section elementor-top-section elementor-element elementor-element-31dccf36 elementor-section-boxed elementor-section-height-default elementor-section-height-default\" data-id=\"31dccf36\" data-element_type=\"section\" data-e-type=\"section\">\n\t\t\t\t\t\t<div class=\"elementor-container elementor-column-gap-default\">\n\t\t\t\t\t<div class=\"elementor-column elementor-col-100 elementor-top-column elementor-element elementor-element-3c5214c1\" data-id=\"3c5214c1\" data-element_type=\"column\" data-e-type=\"column\">\n\t\t\t<div class=\"elementor-widget-wrap elementor-element-populated\">\n\t\t\t\t\t\t<div class=\"elementor-element elementor-element-1c59081d elementor-skin-carousel elementor-arrows-yes elementor-widget elementor-widget-media-carousel\" data-id=\"1c59081d\" data-element_type=\"widget\" data-e-type=\"widget\" data-settings=\"{&quot;slides_per_view&quot;:&quot;1&quot;,&quot;lazyload&quot;:&quot;yes&quot;,&quot;speed&quot;:800,&quot;autoplay_speed&quot;:10000,&quot;space_between&quot;:{&quot;unit&quot;:&quot;px&quot;,&quot;size&quot;:0,&quot;sizes&quot;:[]},&quot;slides_per_view_tablet&quot;:&quot;1&quot;,&quot;slides_per_view_mobile_extra&quot;:&quot;1&quot;,&quot;skin&quot;:&quot;carousel&quot;,&quot;effect&quot;:&quot;slide&quot;,&quot;show_arrows&quot;:&quot;yes&quot;,&quot;autoplay&quot;:&quot;yes&quot;,&quot;loop&quot;:&quot;yes&quot;,&quot;pause_on_hover&quot;:&quot;yes&quot;,&quot;pause_on_interaction&quot;:&quot;yes&quot;,&quot;space_between_tablet&quot;:{&quot;unit&quot;:&quot;px&quot;,&quot;size&quot;:10,&quot;sizes&quot;:[]},&quot;space_between_mobile_extra&quot;:{&quot;unit&quot;:&quot;px&quot;,&quot;size&quot;:10,&quot;sizes&quot;:[]},&quot;space_between_mobile&quot;:{&quot;unit&quot;:&quot;px&quot;,&quot;size&quot;:10,&quot;sizes&quot;:[]}}\" data-widget_type=\"media-carousel.default\">\n\t\t\t\t<div class=\"elementor-widget-container\">\n\t\t\t\t\t\t\t\t\t<div class=\"elementor-swiper\">\n\t\t\t\t\t<div class=\"elementor-main-swiper swiper\" role=\"region\" aria-roledescription=\"carousel\" aria-label=\"Slides\">\n\t\t\t\t<div class=\"swiper-wrapper\">\n\t\t\t\t\t\t\t\t\t\t\t<div class=\"swiper-slide\" role=\"group\" aria-roledescription=\"slide\">\n\t\t\t\t\t\t\t\t\t<div class=\"elementor-carousel-image swiper-lazy\" role=\"img\" aria-label=\"574_hemsida1\" data-background=\"https:\/\/ecologforestry.com\/wp-content\/uploads\/2023\/10\/574_hemsida1.jpg\">\n\n\t\t\t\t\t\t\t<div class=\"swiper-lazy-preloader\"><\/div>\n\t\t\t\n\t\t\t\t\t<\/div>\n\t\t\t\t\t\t\t\t<\/div>\n\t\t\t\t\t\t\t\t\t\t\t<div class=\"swiper-slide\" role=\"group\" aria-roledescription=\"slide\">\n\t\t\t\t\t\t\t\t\t<div class=\"elementor-carousel-image swiper-lazy\" role=\"img\" aria-label=\"574_hemsida1\" data-background=\"https:\/\/ecologforestry.com\/wp-content\/uploads\/2023\/10\/574_hemsida1.jpg\">\n\n\t\t\t\t\t\t\t<div class=\"swiper-lazy-preloader\"><\/div>\n\t\t\t\n\t\t\t\t\t<\/div>\n\t\t\t\t\t\t\t\t<\/div>\n\t\t\t\t\t\t\t\t\t<\/div>\n\t\t\t\t\t\t\t\t\t\t\t\t\t\t\t<div class=\"elementor-swiper-button elementor-swiper-button-prev\" role=\"button\" tabindex=\"0\" aria-label=\"Previous\">\n\t\t\t\t\t\t\t<i aria-hidden=\"true\" class=\"eicon-chevron-left\"><\/i>\t\t\t\t\t\t<\/div>\n\t\t\t\t\t\t<div class=\"elementor-swiper-button elementor-swiper-button-next\" role=\"button\" tabindex=\"0\" aria-label=\"Next\">\n\t\t\t\t\t\t\t<i aria-hidden=\"true\" class=\"eicon-chevron-right\"><\/i>\t\t\t\t\t\t<\/div>\n\t\t\t\t\t\t\t\t\t\t\t\t\t\t\t\t\t<\/div>\n\t\t\t\t<\/div>\n\t\t\t\t\t\t\t\t<\/div>\n\t\t\t\t<\/div>\n\t\t\t\t<nav class=\"elementor-section elementor-inner-section elementor-element elementor-element-77bc739 elementor-section-boxed elementor-section-height-default elementor-section-height-default\" data-id=\"77bc739\" data-element_type=\"section\" data-e-type=\"section\" data-settings=\"{&quot;background_background&quot;:&quot;classic&quot;}\">\n\t\t\t\t\t\t<div class=\"elementor-container elementor-column-gap-default\">\n\t\t\t\t\t<div class=\"elementor-column elementor-col-100 elementor-inner-column elementor-element elementor-element-65b30674\" data-id=\"65b30674\" data-element_type=\"column\" data-e-type=\"column\">\n\t\t\t<div class=\"elementor-widget-wrap elementor-element-populated\">\n\t\t\t\t\t\t<div class=\"elementor-element elementor-element-68534dc elementor-nav-menu__align-justify elementor-nav-menu--stretch elementor-nav-menu__text-align-center elementor-widget__width-inherit inpage-menu elementor-nav-menu--dropdown-mobile_extra elementor-nav-menu--toggle elementor-nav-menu--burger elementor-widget elementor-widget-nav-menu\" data-id=\"68534dc\" data-element_type=\"widget\" data-e-type=\"widget\" data-settings=\"{&quot;full_width&quot;:&quot;stretch&quot;,&quot;layout&quot;:&quot;horizontal&quot;,&quot;submenu_icon&quot;:{&quot;value&quot;:&quot;&lt;i class=\\&quot;fas fa-caret-down\\&quot; aria-hidden=\\&quot;true\\&quot;&gt;&lt;\\\/i&gt;&quot;,&quot;library&quot;:&quot;fa-solid&quot;},&quot;toggle&quot;:&quot;burger&quot;}\" data-widget_type=\"nav-menu.default\">\n\t\t\t\t<div class=\"elementor-widget-container\">\n\t\t\t\t\t\t\t\t<nav aria-label=\"Menu\" class=\"elementor-nav-menu--main elementor-nav-menu__container elementor-nav-menu--layout-horizontal e--pointer-background e--animation-none\">\n\t\t\t\t<ul id=\"menu-1-68534dc\" class=\"elementor-nav-menu\"><li class=\"menu-item menu-item-type-post_type menu-item-object-page menu-item-4936\"><a href=\"https:\/\/ecologforestry.com\/en\/products\/forwarders\/forwarder-574f\/\" class=\"elementor-item\">Product information<\/a><\/li>\n<li class=\"menu-item menu-item-type-post_type menu-item-object-page menu-item-4937\"><a href=\"https:\/\/ecologforestry.com\/en\/products\/forwarders\/forwarder-574f\/574f-images-videos\/\" class=\"elementor-item\">Images &#038; Videos<\/a><\/li>\n<li class=\"menu-item menu-item-type-post_type menu-item-object-page menu-item-4938\"><a href=\"https:\/\/ecologforestry.com\/en\/products\/forwarders\/forwarder-574f\/574f-documentation\/\" class=\"elementor-item\">Documentation<\/a><\/li>\n<\/ul>\t\t\t<\/nav>\n\t\t\t\t\t<div class=\"elementor-menu-toggle\" role=\"button\" tabindex=\"0\" aria-label=\"Menu Toggle\" aria-expanded=\"false\">\n\t\t\t<i aria-hidden=\"true\" role=\"presentation\" class=\"elementor-menu-toggle__icon--open eicon-menu-bar\"><\/i><i aria-hidden=\"true\" role=\"presentation\" class=\"elementor-menu-toggle__icon--close eicon-close\"><\/i>\t\t<\/div>\n\t\t\t\t\t<nav class=\"elementor-nav-menu--dropdown elementor-nav-menu__container\" aria-hidden=\"true\">\n\t\t\t\t<ul id=\"menu-2-68534dc\" class=\"elementor-nav-menu\"><li class=\"menu-item menu-item-type-post_type menu-item-object-page menu-item-4936\"><a href=\"https:\/\/ecologforestry.com\/en\/products\/forwarders\/forwarder-574f\/\" class=\"elementor-item\" tabindex=\"-1\">Product information<\/a><\/li>\n<li class=\"menu-item menu-item-type-post_type menu-item-object-page menu-item-4937\"><a href=\"https:\/\/ecologforestry.com\/en\/products\/forwarders\/forwarder-574f\/574f-images-videos\/\" class=\"elementor-item\" tabindex=\"-1\">Images &#038; Videos<\/a><\/li>\n<li class=\"menu-item menu-item-type-post_type menu-item-object-page menu-item-4938\"><a href=\"https:\/\/ecologforestry.com\/en\/products\/forwarders\/forwarder-574f\/574f-documentation\/\" class=\"elementor-item\" tabindex=\"-1\">Documentation<\/a><\/li>\n<\/ul>\t\t\t<\/nav>\n\t\t\t\t\t\t<\/div>\n\t\t\t\t<\/div>\n\t\t\t\t\t<\/div>\n\t\t<\/div>\n\t\t\t\t\t<\/div>\n\t\t<\/nav>\n\t\t\t\t\t<\/div>\n\t\t<\/div>\n\t\t\t\t\t<\/div>\n\t\t<\/section>\n\t\t\t\t<section class=\"elementor-section elementor-top-section elementor-element elementor-element-462c4d76 elementor-section-boxed elementor-section-height-default elementor-section-height-default\" data-id=\"462c4d76\" data-element_type=\"section\" data-e-type=\"section\" data-settings=\"{&quot;background_background&quot;:&quot;classic&quot;}\">\n\t\t\t\t\t\t<div class=\"elementor-container elementor-column-gap-default\">\n\t\t\t\t\t<div class=\"elementor-column elementor-col-100 elementor-top-column elementor-element elementor-element-76607ee2\" data-id=\"76607ee2\" data-element_type=\"column\" data-e-type=\"column\">\n\t\t\t<div class=\"elementor-widget-wrap elementor-element-populated\">\n\t\t\t\t\t\t<div class=\"elementor-element elementor-element-2ad177f1 elementor-widget elementor-widget-heading\" data-id=\"2ad177f1\" data-element_type=\"widget\" data-e-type=\"widget\" data-widget_type=\"heading.default\">\n\t\t\t\t<div class=\"elementor-widget-container\">\n\t\t\t\t\t<h1 class=\"elementor-heading-title elementor-size-default\">Skotare  Eco Log 574F<\/h1>\t\t\t\t<\/div>\n\t\t\t\t<\/div>\n\t\t\t\t<div class=\"elementor-element elementor-element-27a7bcb elementor-widget elementor-widget-text-editor\" data-id=\"27a7bcb\" data-element_type=\"widget\" data-e-type=\"widget\" data-widget_type=\"text-editor.default\">\n\t\t\t\t<div class=\"elementor-widget-container\">\n\t\t\t\t\t\t\t\t\t<p><span class=\"h2\">Download<\/span><\/p><p><a title=\"Eco Log broschyr 574_584_594_F_Eng US_web.pdf\" href=\"https:\/\/ecologforestry.com\/wp-content\/uploads\/2023\/10\/eco-log-broschyr-574_584_594_f_eng-us_web.pdf\" target=\"_blank\" rel=\"noopener\" data-id=\"2831\">Product Folder F-series (574, 584 &amp; 594)<\/a>&#8211; English<\/p><p><span class=\"h3 h4\">Product Folder F-series<\/span><\/p><p><a title=\"Eco Log broschyr 574_584_594_F_DE_web.pdf\" href=\"https:\/\/ecologforestry.com\/wp-content\/uploads\/2023\/10\/eco-log-broschyr-574_584_594_f_de_web.pdf\" target=\"_blank\" rel=\"noopener\" data-id=\"2833\">Product Folder F-series (574, 584 &amp; 594)<\/a> &#8211; German<\/p><p><a title=\"Eco Log broschyr 574_584_594_F_ES_web.pdf\" href=\"https:\/\/ecologforestry.com\/wp-content\/uploads\/2023\/10\/eco-log-broschyr-574_584_594_f_es_web.pdf\" target=\"_blank\" rel=\"noopener\" data-id=\"2834\">Product Folder F-series (574, 584 &amp; 594)<\/a> &#8211; Spanish<\/p><p><a title=\"Eco Log broschyr 574_584_594_F_FR_web.pdf\" href=\"https:\/\/ecologforestry.com\/wp-content\/uploads\/2023\/10\/eco-log-broschyr-574_584_594_f_fr_web.pdf\" target=\"_blank\" rel=\"noopener\" data-id=\"2836\">Product Folder F-series (574, 584 &amp; 594)<\/a> &#8211; French<\/p><p><a title=\"Eco Log broschyr 574_584_594_F_RU_web.pdf\" href=\"https:\/\/ecologforestry.com\/wp-content\/uploads\/2023\/10\/eco-log-broschyr-574_584_594_f_ru_web.pdf\" target=\"_blank\" rel=\"noopener\" data-id=\"2838\">Product Folder F-series (574, 584 &amp; 594)<\/a> &#8211; Russian<\/p><p><a title=\"Eco Log broschyr 574_584_594_F_FI_web.pdf\" href=\"https:\/\/ecologforestry.com\/wp-content\/uploads\/2023\/10\/eco-log-broschyr-574_584_594_f_fi_web.pdf\" target=\"_blank\" rel=\"noopener\" data-id=\"2835\">Product Folder F-series (574, 584 &amp; 594)<\/a> &#8211; Finnish<\/p><p><a title=\"Eco Log broschyr 574_584_594_F_PL_web.pdf\" href=\"https:\/\/ecologforestry.com\/wp-content\/uploads\/2023\/10\/eco-log-broschyr-574_584_594_f_pl_web.pdf\" target=\"_blank\" rel=\"noopener\" data-id=\"2837\">Product folder F-series (574, 584 &amp; 594)<\/a> &#8211; Polish<\/p><p><a title=\"Eco Log broschyr 574_584_594_F_CZ_web.pdf\" href=\"https:\/\/ecologforestry.com\/wp-content\/uploads\/2023\/10\/eco-log-broschyr-574_584_594_f_cz_web.pdf\" target=\"_blank\" rel=\"noopener\" data-id=\"3730\">Product folder F-series (574, 584 &amp; 594)<\/a> &#8211; Czech<\/p><p><span class=\"h3\">Other languages<\/span><\/p><p><a title=\"etc_produktbladDE.pdf\" href=\"https:\/\/ecologforestry.com\/wp-content\/uploads\/2023\/10\/etc_produktbladde.pdf\" target=\"_blank\" rel=\"noopener\" data-id=\"3882\">Eco Log Tip Control (ETC)<\/a> &#8211; German<\/p><p><a title=\"etc_produktbladFr.pdf\" href=\"https:\/\/ecologforestry.com\/wp-content\/uploads\/2023\/10\/etc_produktbladfr.pdf\" target=\"_blank\" rel=\"noopener\" data-id=\"3885\">Eco Log Tip Control (ETC)<\/a> &#8211; French<\/p><p><a title=\"etc_produktbladES.pdf\" href=\"https:\/\/ecologforestry.com\/wp-content\/uploads\/2023\/10\/etc_produktblades.pdf\" target=\"_blank\" rel=\"noopener\" data-id=\"3883\">Eco Log Tip Control (ETC)<\/a> &#8211; Spanish<\/p><p><a title=\"etc_produktbladFi.pdf\" href=\"https:\/\/ecologforestry.com\/wp-content\/uploads\/2023\/10\/etc_produktbladfi.pdf\" target=\"_blank\" rel=\"noopener\" data-id=\"3884\">Eco Log Tip Control (ETC)<\/a> &#8211; Finnish<\/p><p><a title=\"etc_produktbladPL.pdf\" href=\"https:\/\/ecologforestry.com\/wp-content\/uploads\/2023\/10\/etc_produktbladpl.pdf\" target=\"_blank\" rel=\"noopener\" data-id=\"3886\">Eco Log Tip Control (ETC)<\/a> &#8211; Polish<\/p><p><a title=\"etc_produktbladCZ.pdf\" href=\"https:\/\/ecologforestry.com\/wp-content\/uploads\/2023\/10\/etc_produktbladcz.pdf\" target=\"_blank\" rel=\"noopener\" data-id=\"3881\">Eco Log Tip Control (ETC)<\/a> &#8211; Czech<\/p><p><span class=\"h3\">Previous Generations<\/span><\/p><p><a title=\"Eco Log broschyr 574_594_Eng US_web.pdf\" href=\"https:\/\/ecologforestry.com\/wp-content\/uploads\/2023\/10\/eco-log-broschyr-574_594_eng-us_web.pdf\" target=\"_blank\" rel=\"noopener\" data-id=\"3615\">Product folder E-series (574 &amp; 594)<\/a> &#8211; English<\/p><p><a title=\"Eco Log broschyr 574_594_DE_web.pdf\" href=\"https:\/\/ecologforestry.com\/wp-content\/uploads\/2023\/10\/eco-log-broschyr-574_594_de_web.pdf\" target=\"_blank\" rel=\"noopener\" data-id=\"3616\">Product folder E-series (574 &amp; 594)<\/a> &#8211; German<\/p><p><a title=\"Eco Log broschyr 574_594_ES_web.pdf\" href=\"https:\/\/ecologforestry.com\/wp-content\/uploads\/2023\/10\/eco-log-broschyr-574_594_es_web.pdf\" target=\"_blank\" rel=\"noopener\" data-id=\"3617\">Product folder E-series (574 &amp; 594)<\/a> &#8211; Spanish<\/p><p><a title=\"Eco Log broschyr 574_594_FR_web.pdf\" href=\"https:\/\/ecologforestry.com\/wp-content\/uploads\/2023\/10\/eco-log-broschyr-574_594_fr_web.pdf\" target=\"_blank\" rel=\"noopener\" data-id=\"3619\">Product folder E-series (574 &amp; 594)<\/a> &#8211; French<\/p><p><a title=\"Eco Log broschyr 574_594_RU_web.pdf\" href=\"https:\/\/ecologforestry.com\/wp-content\/uploads\/2023\/10\/eco-log-broschyr-574_594_ru_web.pdf\" target=\"_blank\" rel=\"noopener\" data-id=\"3621\">Product folder E-series (574 &amp; 594)<\/a> &#8211; Russian<\/p><p><a title=\"Eco Log broschyr 574_594_FI_web.pdf\" href=\"https:\/\/ecologforestry.com\/wp-content\/uploads\/2023\/10\/eco-log-broschyr-574_594_fi_web.pdf\" target=\"_blank\" rel=\"noopener\" data-id=\"3622\">Product folder E-series (574 &amp; 594)<\/a> &#8211; Finnish<\/p><p><a title=\"Eco Log broschyr 574_594_PL_web.pdf\" href=\"https:\/\/ecologforestry.com\/wp-content\/uploads\/2023\/10\/eco-log-broschyr-574_594_pl_web.pdf\" target=\"_blank\" rel=\"noopener\" data-id=\"3620\">Product folder E-series (574 &amp; 594)<\/a> &#8211; Polish<\/p><p>\u00a0<\/p><p><a title=\"forwarder-folder-webb_Eng.pdf\" href=\"https:\/\/ecologforestry.com\/wp-content\/uploads\/2023\/10\/forwarder-folder-webb_eng.pdf\" target=\"_blank\" rel=\"noopener\" data-id=\"3626\">Product folder D-series (554, 564, 574,594)<\/a> &#8211; English<\/p><p><a title=\"forwarder-folder-webb_SP.pdf\" href=\"https:\/\/ecologforestry.com\/wp-content\/uploads\/2023\/10\/forwarder-folder-webb_sp.pdf\" target=\"_blank\" rel=\"noopener\" data-id=\"3630\">Product folder D-series (554, 564, 574,594)<\/a> &#8211; Spanish<\/p><p><a title=\"forwarder-folder-webb_FR.pdf\" href=\"https:\/\/ecologforestry.com\/wp-content\/uploads\/2023\/10\/forwarder-folder-webb_fr.pdf\" target=\"_blank\" rel=\"noopener\" data-id=\"3629\">Product folder D-series (554, 564, 574,594)<\/a> &#8211; French<\/p><p><a title=\"forwarder-folder-webb_RU.pdf\" href=\"https:\/\/ecologforestry.com\/wp-content\/uploads\/2023\/10\/forwarder-folder-webb_ru.pdf\" target=\"_blank\" rel=\"noopener\" data-id=\"3628\">Product folder D-series (554, 564, 574,594)<\/a> &#8211; Russian<\/p><p><a title=\"forwarder-folder-webb_FI.pdf\" href=\"https:\/\/ecologforestry.com\/wp-content\/uploads\/2023\/10\/forwarder-folder-webb_fi.pdf\" target=\"_blank\" rel=\"noopener\" data-id=\"3627\">Product folder D-series (554, 564, 574,594)<\/a> &#8211; Finnish<\/p>\t\t\t\t\t\t\t\t<\/div>\n\t\t\t\t<\/div>\n\t\t\t\t\t<\/div>\n\t\t<\/div>\n\t\t\t\t\t<\/div>\n\t\t<\/section>\n\t\t\t\t<\/div>\n\t\t","protected":false},"excerpt":{"rendered":"<p>F\u00f6reg\u00e5ende N\u00e4sta Skotare Eco Log 574F Download Product Folder F-series (574, 584 &amp; 594)&#8211; English Product Folder F-series Product Folder F-series (574, 584 &amp; 594) &#8211; German Product Folder F-series (574, 584 &amp; 594) &#8211; Spanish Product Folder F-series (574, 584 &amp; 594) &#8211; French Product Folder F-series (574, 584 &amp; 594) &#8211; Russian Product [&hellip;]<\/p>\n","protected":false},"author":1,"featured_media":0,"parent":4820,"menu_order":20,"comment_status":"closed","ping_status":"closed","template":"single.php","meta":{"_acf_changed":false,"footnotes":""},"class_list":["post-4620","page","type-page","status-publish","hentry"],"acf":[],"_links":{"self":[{"href":"https:\/\/ecologforestry.com\/en\/wp-json\/wp\/v2\/pages\/4620","targetHints":{"allow":["GET"]}}],"collection":[{"href":"https:\/\/ecologforestry.com\/en\/wp-json\/wp\/v2\/pages"}],"about":[{"href":"https:\/\/ecologforestry.com\/en\/wp-json\/wp\/v2\/types\/page"}],"author":[{"embeddable":true,"href":"https:\/\/ecologforestry.com\/en\/wp-json\/wp\/v2\/users\/1"}],"replies":[{"embeddable":true,"href":"https:\/\/ecologforestry.com\/en\/wp-json\/wp\/v2\/comments?post=4620"}],"version-history":[{"count":4,"href":"https:\/\/ecologforestry.com\/en\/wp-json\/wp\/v2\/pages\/4620\/revisions"}],"predecessor-version":[{"id":4677,"href":"https:\/\/ecologforestry.com\/en\/wp-json\/wp\/v2\/pages\/4620\/revisions\/4677"}],"up":[{"embeddable":true,"href":"https:\/\/ecologforestry.com\/en\/wp-json\/wp\/v2\/pages\/4820"}],"wp:attachment":[{"href":"https:\/\/ecologforestry.com\/en\/wp-json\/wp\/v2\/media?parent=4620"}],"curies":[{"name":"wp","href":"https:\/\/api.w.org\/{rel}","templated":true}]}}