{"id":1423,"date":"2023-10-02T08:47:12","date_gmt":"2023-10-02T06:47:12","guid":{"rendered":"https:\/\/ecologforestry.com\/?page_id=1423"},"modified":"2024-11-05T13:50:07","modified_gmt":"2024-11-05T12:50:07","slug":"nyheter","status":"publish","type":"page","link":"https:\/\/ecologforestry.com\/sv\/aktuellt\/nyheter\/","title":{"rendered":"Nyheter"},"content":{"rendered":"\t\t<div data-elementor-type=\"wp-page\" data-elementor-id=\"1423\" class=\"elementor elementor-1423\" data-elementor-post-type=\"page\">\n\t\t\t\t\t\t<section class=\"elementor-section elementor-top-section elementor-element elementor-element-622ba463 elementor-section-boxed elementor-section-height-default elementor-section-height-default\" data-id=\"622ba463\" data-element_type=\"section\" data-e-type=\"section\" data-settings=\"{&quot;background_background&quot;:&quot;classic&quot;}\">\n\t\t\t\t\t\t<div class=\"elementor-container elementor-column-gap-default\">\n\t\t\t\t\t<div class=\"elementor-column elementor-col-100 elementor-top-column elementor-element elementor-element-76e6b758\" data-id=\"76e6b758\" data-element_type=\"column\" data-e-type=\"column\">\n\t\t\t<div class=\"elementor-widget-wrap elementor-element-populated\">\n\t\t\t\t\t\t<div class=\"elementor-element elementor-element-deb7465 elementor-widget elementor-widget-heading\" data-id=\"deb7465\" data-element_type=\"widget\" data-e-type=\"widget\" data-widget_type=\"heading.default\">\n\t\t\t\t<div class=\"elementor-widget-container\">\n\t\t\t\t\t<h2 class=\"elementor-heading-title elementor-size-default\">Aktuellt fr\u00e5n Eco Log<\/h2>\t\t\t\t<\/div>\n\t\t\t\t<\/div>\n\t\t\t\t<div class=\"elementor-element elementor-element-7c45a23 elementor-widget elementor-widget-heading\" data-id=\"7c45a23\" data-element_type=\"widget\" data-e-type=\"widget\" data-widget_type=\"heading.default\">\n\t\t\t\t<div class=\"elementor-widget-container\">\n\t\t\t\t\t<h1 class=\"elementor-heading-title elementor-size-default\">Nyheter<\/h1>\t\t\t\t<\/div>\n\t\t\t\t<\/div>\n\t\t\t\t<div class=\"elementor-element elementor-element-46fe2d1 elementor-widget elementor-widget-image\" data-id=\"46fe2d1\" data-element_type=\"widget\" data-e-type=\"widget\" data-widget_type=\"image.default\">\n\t\t\t\t<div class=\"elementor-widget-container\">\n\t\t\t\t\t\t\t\t\t\t\t\t\t\t\t<img decoding=\"async\" width=\"38\" height=\"23\" src=\"https:\/\/ecologforestry.com\/wp-content\/uploads\/2023\/08\/ecolog-logo-small.png\" class=\"attachment-large size-large wp-image-111\" alt=\"\" \/>\t\t\t\t\t\t\t\t\t\t\t\t\t\t\t<\/div>\n\t\t\t\t<\/div>\n\t\t\t\t<div class=\"elementor-element elementor-element-b3bc748 elementor-widget elementor-widget-text-editor\" data-id=\"b3bc748\" data-element_type=\"widget\" data-e-type=\"widget\" data-widget_type=\"text-editor.default\">\n\t\t\t\t<div class=\"elementor-widget-container\">\n\t\t\t\t\t\t\t\t\t<p>H\u00e4r hittar du det senaste fr\u00e5n Eco Log i form av nyheter, pressmeddelanden och aktuella evenemang.<br \/>Anm\u00e4l dig g\u00e4rna till v\u00e5rt nyhetsbrev nedan s\u00e5 h\u00e5ller du dig uppdaterad om vad som \u00e4r p\u00e5 g\u00e5ng.<\/p>\t\t\t\t\t\t\t\t<\/div>\n\t\t\t\t<\/div>\n\t\t\t\t<nav class=\"elementor-section elementor-inner-section elementor-element elementor-element-611125a5 elementor-section-boxed elementor-section-height-default elementor-section-height-default\" data-id=\"611125a5\" data-element_type=\"section\" data-e-type=\"section\" data-settings=\"{&quot;background_background&quot;:&quot;classic&quot;}\">\n\t\t\t\t\t\t<div class=\"elementor-container elementor-column-gap-default\">\n\t\t\t\t\t<div class=\"elementor-column elementor-col-100 elementor-inner-column elementor-element elementor-element-191f2fdc\" data-id=\"191f2fdc\" data-element_type=\"column\" data-e-type=\"column\">\n\t\t\t<div class=\"elementor-widget-wrap elementor-element-populated\">\n\t\t\t\t\t\t<div class=\"elementor-element elementor-element-a3b65aa elementor-nav-menu__align-justify elementor-nav-menu--stretch elementor-nav-menu__text-align-center elementor-widget__width-inherit inpage-menu elementor-nav-menu--dropdown-mobile_extra elementor-nav-menu--toggle elementor-nav-menu--burger elementor-widget elementor-widget-nav-menu\" data-id=\"a3b65aa\" data-element_type=\"widget\" data-e-type=\"widget\" data-settings=\"{&quot;full_width&quot;:&quot;stretch&quot;,&quot;layout&quot;:&quot;horizontal&quot;,&quot;submenu_icon&quot;:{&quot;value&quot;:&quot;&lt;i class=\\&quot;fas fa-caret-down\\&quot; aria-hidden=\\&quot;true\\&quot;&gt;&lt;\\\/i&gt;&quot;,&quot;library&quot;:&quot;fa-solid&quot;},&quot;toggle&quot;:&quot;burger&quot;}\" data-widget_type=\"nav-menu.default\">\n\t\t\t\t<div class=\"elementor-widget-container\">\n\t\t\t\t\t\t\t\t<nav aria-label=\"Meny\" class=\"elementor-nav-menu--main elementor-nav-menu__container elementor-nav-menu--layout-horizontal e--pointer-background e--animation-none\">\n\t\t\t\t<ul id=\"menu-1-a3b65aa\" class=\"elementor-nav-menu\"><li class=\"menu-item menu-item-type-post_type menu-item-object-page menu-item-1425\"><a href=\"https:\/\/ecologforestry.com\/sv\/aktuellt\/nyheter\/\" class=\"elementor-item\">Nyheter<\/a><\/li>\n<li class=\"menu-item menu-item-type-post_type menu-item-object-page menu-item-1525\"><a href=\"https:\/\/ecologforestry.com\/sv\/aktuellt\/pressreleaser\/\" class=\"elementor-item\">Pressreleaser<\/a><\/li>\n<li class=\"menu-item menu-item-type-post_type menu-item-object-page menu-item-1526\"><a href=\"https:\/\/ecologforestry.com\/sv\/aktuellt\/kundmagasin\/\" class=\"elementor-item\">Kundmagasin<\/a><\/li>\n<\/ul>\t\t\t<\/nav>\n\t\t\t\t\t<div class=\"elementor-menu-toggle\" role=\"button\" tabindex=\"0\" aria-label=\"Sl\u00e5 p\u00e5\/av meny\" aria-expanded=\"false\">\n\t\t\t<i aria-hidden=\"true\" role=\"presentation\" class=\"elementor-menu-toggle__icon--open eicon-menu-bar\"><\/i><i aria-hidden=\"true\" role=\"presentation\" class=\"elementor-menu-toggle__icon--close eicon-close\"><\/i>\t\t<\/div>\n\t\t\t\t\t<nav class=\"elementor-nav-menu--dropdown elementor-nav-menu__container\" aria-hidden=\"true\">\n\t\t\t\t<ul id=\"menu-2-a3b65aa\" class=\"elementor-nav-menu\"><li class=\"menu-item menu-item-type-post_type menu-item-object-page menu-item-1425\"><a href=\"https:\/\/ecologforestry.com\/sv\/aktuellt\/nyheter\/\" class=\"elementor-item\" tabindex=\"-1\">Nyheter<\/a><\/li>\n<li class=\"menu-item menu-item-type-post_type menu-item-object-page menu-item-1525\"><a href=\"https:\/\/ecologforestry.com\/sv\/aktuellt\/pressreleaser\/\" class=\"elementor-item\" tabindex=\"-1\">Pressreleaser<\/a><\/li>\n<li class=\"menu-item menu-item-type-post_type menu-item-object-page menu-item-1526\"><a href=\"https:\/\/ecologforestry.com\/sv\/aktuellt\/kundmagasin\/\" class=\"elementor-item\" tabindex=\"-1\">Kundmagasin<\/a><\/li>\n<\/ul>\t\t\t<\/nav>\n\t\t\t\t\t\t<\/div>\n\t\t\t\t<\/div>\n\t\t\t\t\t<\/div>\n\t\t<\/div>\n\t\t\t\t\t<\/div>\n\t\t<\/nav>\n\t\t\t\t\t<\/div>\n\t\t<\/div>\n\t\t\t\t\t<\/div>\n\t\t<\/section>\n\t\t\t\t<section class=\"elementor-section elementor-top-section elementor-element elementor-element-e7865a8 elementor-section-boxed elementor-section-height-default elementor-section-height-default\" data-id=\"e7865a8\" data-element_type=\"section\" data-e-type=\"section\" data-settings=\"{&quot;background_background&quot;:&quot;classic&quot;}\">\n\t\t\t\t\t\t<div class=\"elementor-container elementor-column-gap-default\">\n\t\t\t\t\t<div class=\"elementor-column elementor-col-100 elementor-top-column elementor-element elementor-element-c139e9a\" data-id=\"c139e9a\" data-element_type=\"column\" data-e-type=\"column\">\n\t\t\t<div class=\"elementor-widget-wrap elementor-element-populated\">\n\t\t\t\t\t\t<div class=\"elementor-element elementor-element-4b37873 elementor-grid-2 elementor-grid-tablet-2 elementor-grid-mobile-1 elementor-posts--thumbnail-top load-more-align-center elementor-widget elementor-widget-posts\" data-id=\"4b37873\" data-element_type=\"widget\" data-e-type=\"widget\" data-settings=\"{&quot;classic_columns&quot;:&quot;2&quot;,&quot;classic_row_gap&quot;:{&quot;unit&quot;:&quot;px&quot;,&quot;size&quot;:40,&quot;sizes&quot;:[]},&quot;pagination_type&quot;:&quot;load_more_on_click&quot;,&quot;classic_columns_tablet&quot;:&quot;2&quot;,&quot;classic_columns_mobile&quot;:&quot;1&quot;,&quot;classic_row_gap_tablet&quot;:{&quot;unit&quot;:&quot;px&quot;,&quot;size&quot;:&quot;&quot;,&quot;sizes&quot;:[]},&quot;classic_row_gap_mobile_extra&quot;:{&quot;unit&quot;:&quot;px&quot;,&quot;size&quot;:&quot;&quot;,&quot;sizes&quot;:[]},&quot;classic_row_gap_mobile&quot;:{&quot;unit&quot;:&quot;px&quot;,&quot;size&quot;:&quot;&quot;,&quot;sizes&quot;:[]},&quot;load_more_spinner&quot;:{&quot;value&quot;:&quot;fas fa-spinner&quot;,&quot;library&quot;:&quot;fa-solid&quot;}}\" data-widget_type=\"posts.classic\">\n\t\t\t\t<div class=\"elementor-widget-container\">\n\t\t\t\t\t\t\t<div class=\"elementor-posts-container elementor-posts elementor-posts--skin-classic elementor-grid\" role=\"list\">\n\t\t\t\t<article class=\"elementor-post elementor-grid-item post-9555 post type-post status-publish format-standard has-post-thumbnail hentry category-nyheter\" role=\"listitem\">\n\t\t\t\t<a class=\"elementor-post__thumbnail__link\" href=\"https:\/\/ecologforestry.com\/sv\/demovisning-eco-log-688g-danmark\/\" tabindex=\"-1\" >\n\t\t\t<div class=\"elementor-post__thumbnail\"><img fetchpriority=\"high\" decoding=\"async\" width=\"2560\" height=\"1707\" src=\"https:\/\/ecologforestry.com\/wp-content\/uploads\/2026\/04\/demo_danmark_hemsida-scaled.jpg\" class=\"attachment-full size-full wp-image-9556\" alt=\"\" srcset=\"https:\/\/ecologforestry.com\/wp-content\/uploads\/2026\/04\/demo_danmark_hemsida-scaled.jpg 2560w, https:\/\/ecologforestry.com\/wp-content\/uploads\/2026\/04\/demo_danmark_hemsida-300x200.jpg 300w, https:\/\/ecologforestry.com\/wp-content\/uploads\/2026\/04\/demo_danmark_hemsida-1024x683.jpg 1024w, https:\/\/ecologforestry.com\/wp-content\/uploads\/2026\/04\/demo_danmark_hemsida-768x512.jpg 768w, https:\/\/ecologforestry.com\/wp-content\/uploads\/2026\/04\/demo_danmark_hemsida-1536x1024.jpg 1536w, https:\/\/ecologforestry.com\/wp-content\/uploads\/2026\/04\/demo_danmark_hemsida-2048x1365.jpg 2048w\" sizes=\"(max-width: 2560px) 100vw, 2560px\" \/><\/div>\n\t\t<\/a>\n\t\t\t\t<div class=\"elementor-post__text\">\n\t\t\t\t<h2 class=\"elementor-post__title\">\n\t\t\t<a href=\"https:\/\/ecologforestry.com\/sv\/demovisning-eco-log-688g-danmark\/\" >\n\t\t\t\tDemo i Danmark &#8211; 23\/4\t\t\t<\/a>\n\t\t<\/h2>\n\t\t\t\t<div class=\"elementor-post__meta-data\">\n\t\t\t\t\t<span class=\"elementor-post-date\">\n\t\t\t15 april 2026\t\t<\/span>\n\t\t\t\t<\/div>\n\t\t\t\t\t<div class=\"elementor-post__read-more-wrapper\">\n\t\t\n\t\t<a class=\"elementor-post__read-more\" href=\"https:\/\/ecologforestry.com\/sv\/demovisning-eco-log-688g-danmark\/\" aria-label=\"L\u00e4s mer om Demo i Danmark &#8211; 23\/4\" tabindex=\"-1\" >\n\t\t\tL\u00e4s mer \u00bb\t\t<\/a>\n\n\t\t\t\t\t<\/div>\n\t\t\t\t<\/div>\n\t\t\t\t<\/article>\n\t\t\t\t<article class=\"elementor-post elementor-grid-item post-9525 post type-post status-publish format-standard has-post-thumbnail hentry category-nyheter\" role=\"listitem\">\n\t\t\t\t<a class=\"elementor-post__thumbnail__link\" href=\"https:\/\/ecologforestry.com\/sv\/demo-eco-log-688g-flen\/\" tabindex=\"-1\" >\n\t\t\t<div class=\"elementor-post__thumbnail\"><img decoding=\"async\" width=\"2560\" height=\"1707\" src=\"https:\/\/ecologforestry.com\/wp-content\/uploads\/2026\/03\/demo_ostervala_hemsida-scaled.jpg\" class=\"attachment-full size-full wp-image-9443\" alt=\"Demovisning Eco Log 688G\" srcset=\"https:\/\/ecologforestry.com\/wp-content\/uploads\/2026\/03\/demo_ostervala_hemsida-scaled.jpg 2560w, https:\/\/ecologforestry.com\/wp-content\/uploads\/2026\/03\/demo_ostervala_hemsida-300x200.jpg 300w, https:\/\/ecologforestry.com\/wp-content\/uploads\/2026\/03\/demo_ostervala_hemsida-1024x683.jpg 1024w, https:\/\/ecologforestry.com\/wp-content\/uploads\/2026\/03\/demo_ostervala_hemsida-768x512.jpg 768w, https:\/\/ecologforestry.com\/wp-content\/uploads\/2026\/03\/demo_ostervala_hemsida-1536x1024.jpg 1536w, https:\/\/ecologforestry.com\/wp-content\/uploads\/2026\/03\/demo_ostervala_hemsida-2048x1365.jpg 2048w\" sizes=\"(max-width: 2560px) 100vw, 2560px\" \/><\/div>\n\t\t<\/a>\n\t\t\t\t<div class=\"elementor-post__text\">\n\t\t\t\t<h2 class=\"elementor-post__title\">\n\t\t\t<a href=\"https:\/\/ecologforestry.com\/sv\/demo-eco-log-688g-flen\/\" >\n\t\t\t\tDemo Eco Log 688G &#8211; Flen\t\t\t<\/a>\n\t\t<\/h2>\n\t\t\t\t<div class=\"elementor-post__meta-data\">\n\t\t\t\t\t<span class=\"elementor-post-date\">\n\t\t\t7 april 2026\t\t<\/span>\n\t\t\t\t<\/div>\n\t\t\t\t\t<div class=\"elementor-post__read-more-wrapper\">\n\t\t\n\t\t<a class=\"elementor-post__read-more\" href=\"https:\/\/ecologforestry.com\/sv\/demo-eco-log-688g-flen\/\" aria-label=\"L\u00e4s mer om Demo Eco Log 688G &#8211; Flen\" tabindex=\"-1\" >\n\t\t\tL\u00e4s mer \u00bb\t\t<\/a>\n\n\t\t\t\t\t<\/div>\n\t\t\t\t<\/div>\n\t\t\t\t<\/article>\n\t\t\t\t<article class=\"elementor-post elementor-grid-item post-9442 post type-post status-publish format-standard has-post-thumbnail hentry category-nyheter\" role=\"listitem\">\n\t\t\t\t<a class=\"elementor-post__thumbnail__link\" href=\"https:\/\/ecologforestry.com\/sv\/demovisning-eco-log-688g\/\" tabindex=\"-1\" >\n\t\t\t<div class=\"elementor-post__thumbnail\"><img decoding=\"async\" width=\"2560\" height=\"1707\" src=\"https:\/\/ecologforestry.com\/wp-content\/uploads\/2026\/03\/demo_ostervala_hemsida-scaled.jpg\" class=\"attachment-full size-full wp-image-9443\" alt=\"Demovisning Eco Log 688G\" srcset=\"https:\/\/ecologforestry.com\/wp-content\/uploads\/2026\/03\/demo_ostervala_hemsida-scaled.jpg 2560w, https:\/\/ecologforestry.com\/wp-content\/uploads\/2026\/03\/demo_ostervala_hemsida-300x200.jpg 300w, https:\/\/ecologforestry.com\/wp-content\/uploads\/2026\/03\/demo_ostervala_hemsida-1024x683.jpg 1024w, https:\/\/ecologforestry.com\/wp-content\/uploads\/2026\/03\/demo_ostervala_hemsida-768x512.jpg 768w, https:\/\/ecologforestry.com\/wp-content\/uploads\/2026\/03\/demo_ostervala_hemsida-1536x1024.jpg 1536w, https:\/\/ecologforestry.com\/wp-content\/uploads\/2026\/03\/demo_ostervala_hemsida-2048x1365.jpg 2048w\" sizes=\"(max-width: 2560px) 100vw, 2560px\" \/><\/div>\n\t\t<\/a>\n\t\t\t\t<div class=\"elementor-post__text\">\n\t\t\t\t<h2 class=\"elementor-post__title\">\n\t\t\t<a href=\"https:\/\/ecologforestry.com\/sv\/demovisning-eco-log-688g\/\" >\n\t\t\t\tDemovisning Eco Log 688G\t\t\t<\/a>\n\t\t<\/h2>\n\t\t\t\t<div class=\"elementor-post__meta-data\">\n\t\t\t\t\t<span class=\"elementor-post-date\">\n\t\t\t9 mars 2026\t\t<\/span>\n\t\t\t\t<\/div>\n\t\t\t\t\t<div class=\"elementor-post__read-more-wrapper\">\n\t\t\n\t\t<a class=\"elementor-post__read-more\" href=\"https:\/\/ecologforestry.com\/sv\/demovisning-eco-log-688g\/\" aria-label=\"L\u00e4s mer om Demovisning Eco Log 688G\" tabindex=\"-1\" >\n\t\t\tL\u00e4s mer \u00bb\t\t<\/a>\n\n\t\t\t\t\t<\/div>\n\t\t\t\t<\/div>\n\t\t\t\t<\/article>\n\t\t\t\t<article class=\"elementor-post elementor-grid-item post-9425 post type-post status-publish format-standard has-post-thumbnail hentry category-manadens-maskin category-nyheter\" role=\"listitem\">\n\t\t\t\t<a class=\"elementor-post__thumbnail__link\" href=\"https:\/\/ecologforestry.com\/sv\/manadens-maskin-mars\/\" tabindex=\"-1\" >\n\t\t\t<div class=\"elementor-post__thumbnail\"><img loading=\"lazy\" decoding=\"async\" width=\"1140\" height=\"1140\" src=\"https:\/\/ecologforestry.com\/wp-content\/uploads\/2026\/03\/mm-mars.png\" class=\"attachment-full size-full wp-image-9426\" alt=\"\" srcset=\"https:\/\/ecologforestry.com\/wp-content\/uploads\/2026\/03\/mm-mars.png 1140w, https:\/\/ecologforestry.com\/wp-content\/uploads\/2026\/03\/mm-mars-300x300.png 300w, https:\/\/ecologforestry.com\/wp-content\/uploads\/2026\/03\/mm-mars-1024x1024.png 1024w, https:\/\/ecologforestry.com\/wp-content\/uploads\/2026\/03\/mm-mars-150x150.png 150w, https:\/\/ecologforestry.com\/wp-content\/uploads\/2026\/03\/mm-mars-768x768.png 768w\" sizes=\"(max-width: 1140px) 100vw, 1140px\" \/><\/div>\n\t\t<\/a>\n\t\t\t\t<div class=\"elementor-post__text\">\n\t\t\t\t<h2 class=\"elementor-post__title\">\n\t\t\t<a href=\"https:\/\/ecologforestry.com\/sv\/manadens-maskin-mars\/\" >\n\t\t\t\tM\u00e5nadens maskin &#8211; Mars\t\t\t<\/a>\n\t\t<\/h2>\n\t\t\t\t<div class=\"elementor-post__meta-data\">\n\t\t\t\t\t<span class=\"elementor-post-date\">\n\t\t\t4 mars 2026\t\t<\/span>\n\t\t\t\t<\/div>\n\t\t\t\t\t<div class=\"elementor-post__read-more-wrapper\">\n\t\t\n\t\t<a class=\"elementor-post__read-more\" href=\"https:\/\/ecologforestry.com\/sv\/manadens-maskin-mars\/\" aria-label=\"L\u00e4s mer om M\u00e5nadens maskin &#8211; Mars\" tabindex=\"-1\" >\n\t\t\tL\u00e4s mer \u00bb\t\t<\/a>\n\n\t\t\t\t\t<\/div>\n\t\t\t\t<\/div>\n\t\t\t\t<\/article>\n\t\t\t\t<article class=\"elementor-post elementor-grid-item post-9339 post type-post status-publish format-standard has-post-thumbnail hentry category-nyheter category-manadens-maskin\" role=\"listitem\">\n\t\t\t\t<a class=\"elementor-post__thumbnail__link\" href=\"https:\/\/ecologforestry.com\/sv\/manadens-maskin-februari\/\" tabindex=\"-1\" >\n\t\t\t<div class=\"elementor-post__thumbnail\"><img loading=\"lazy\" decoding=\"async\" width=\"540\" height=\"540\" src=\"https:\/\/ecologforestry.com\/wp-content\/uploads\/2026\/02\/Februari-1.jpg\" class=\"attachment-full size-full wp-image-9340\" alt=\"\" srcset=\"https:\/\/ecologforestry.com\/wp-content\/uploads\/2026\/02\/Februari-1.jpg 540w, https:\/\/ecologforestry.com\/wp-content\/uploads\/2026\/02\/Februari-1-300x300.jpg 300w, https:\/\/ecologforestry.com\/wp-content\/uploads\/2026\/02\/Februari-1-150x150.jpg 150w\" sizes=\"(max-width: 540px) 100vw, 540px\" \/><\/div>\n\t\t<\/a>\n\t\t\t\t<div class=\"elementor-post__text\">\n\t\t\t\t<h2 class=\"elementor-post__title\">\n\t\t\t<a href=\"https:\/\/ecologforestry.com\/sv\/manadens-maskin-februari\/\" >\n\t\t\t\tM\u00e5nadens maskin &#8211; Februari\t\t\t<\/a>\n\t\t<\/h2>\n\t\t\t\t<div class=\"elementor-post__meta-data\">\n\t\t\t\t\t<span class=\"elementor-post-date\">\n\t\t\t16 februari 2026\t\t<\/span>\n\t\t\t\t<\/div>\n\t\t\t\t\t<div class=\"elementor-post__read-more-wrapper\">\n\t\t\n\t\t<a class=\"elementor-post__read-more\" href=\"https:\/\/ecologforestry.com\/sv\/manadens-maskin-februari\/\" aria-label=\"L\u00e4s mer om M\u00e5nadens maskin &#8211; Februari\" tabindex=\"-1\" >\n\t\t\tL\u00e4s mer \u00bb\t\t<\/a>\n\n\t\t\t\t\t<\/div>\n\t\t\t\t<\/div>\n\t\t\t\t<\/article>\n\t\t\t\t<article class=\"elementor-post elementor-grid-item post-9325 post type-post status-publish format-standard has-post-thumbnail hentry category-nyheter\" role=\"listitem\">\n\t\t\t\t<a class=\"elementor-post__thumbnail__link\" href=\"https:\/\/ecologforestry.com\/sv\/eco-log-halsar-pa-saljgarden-ab\/\" tabindex=\"-1\" >\n\t\t\t<div class=\"elementor-post__thumbnail\"><img loading=\"lazy\" decoding=\"async\" width=\"1820\" height=\"968\" src=\"https:\/\/ecologforestry.com\/wp-content\/uploads\/2026\/02\/salgarden_nyhet_hemsida.jpg\" class=\"attachment-full size-full wp-image-9326\" alt=\"\" srcset=\"https:\/\/ecologforestry.com\/wp-content\/uploads\/2026\/02\/salgarden_nyhet_hemsida.jpg 1820w, https:\/\/ecologforestry.com\/wp-content\/uploads\/2026\/02\/salgarden_nyhet_hemsida-300x160.jpg 300w, https:\/\/ecologforestry.com\/wp-content\/uploads\/2026\/02\/salgarden_nyhet_hemsida-1024x545.jpg 1024w, https:\/\/ecologforestry.com\/wp-content\/uploads\/2026\/02\/salgarden_nyhet_hemsida-768x408.jpg 768w, https:\/\/ecologforestry.com\/wp-content\/uploads\/2026\/02\/salgarden_nyhet_hemsida-1536x817.jpg 1536w\" sizes=\"(max-width: 1820px) 100vw, 1820px\" \/><\/div>\n\t\t<\/a>\n\t\t\t\t<div class=\"elementor-post__text\">\n\t\t\t\t<h2 class=\"elementor-post__title\">\n\t\t\t<a href=\"https:\/\/ecologforestry.com\/sv\/eco-log-halsar-pa-saljgarden-ab\/\" >\n\t\t\t\tEco Log h\u00e4lsar p\u00e5 S\u00e4ljg\u00e5rden AB\t\t\t<\/a>\n\t\t<\/h2>\n\t\t\t\t<div class=\"elementor-post__meta-data\">\n\t\t\t\t\t<span class=\"elementor-post-date\">\n\t\t\t11 februari 2026\t\t<\/span>\n\t\t\t\t<\/div>\n\t\t\t\t\t<div class=\"elementor-post__read-more-wrapper\">\n\t\t\n\t\t<a class=\"elementor-post__read-more\" href=\"https:\/\/ecologforestry.com\/sv\/eco-log-halsar-pa-saljgarden-ab\/\" aria-label=\"L\u00e4s mer om Eco Log h\u00e4lsar p\u00e5 S\u00e4ljg\u00e5rden AB\" tabindex=\"-1\" >\n\t\t\tL\u00e4s mer \u00bb\t\t<\/a>\n\n\t\t\t\t\t<\/div>\n\t\t\t\t<\/div>\n\t\t\t\t<\/article>\n\t\t\t\t<\/div>\n\t\t\t\t\t<span class=\"e-load-more-spinner\">\n\t\t\t\t<i aria-hidden=\"true\" class=\"fas fa-spinner\"><\/i>\t\t\t<\/span>\n\t\t\n\t\t\t\t<div class=\"e-load-more-anchor\" data-page=\"1\" data-max-page=\"7\" data-next-page=\"https:\/\/ecologforestry.com\/sv\/wp-json\/wp\/v2\/pages\/1423\/page\/2\/\"><\/div>\n\t\t\t\t<div class=\"elementor-button-wrapper\">\n\t\t\t<a class=\"elementor-button elementor-size-sm\" role=\"button\">\n\t\t\t\t\t\t<span class=\"elementor-button-content-wrapper\">\n\t\t\t\t\t\t\t\t\t<span class=\"elementor-button-text\">VISA FLER<\/span>\n\t\t\t\t\t<\/span>\n\t\t\t\t\t<\/a>\n\t\t<\/div>\n\t\t\t\t<div class=\"e-load-more-message\"><\/div>\n\t\t\t\t\t\t<\/div>\n\t\t\t\t<\/div>\n\t\t\t\t\t<\/div>\n\t\t<\/div>\n\t\t\t\t\t<\/div>\n\t\t<\/section>\n\t\t\t\t<\/div>\n\t\t","protected":false},"excerpt":{"rendered":"<p>Aktuellt fr\u00e5n Eco Log Nyheter H\u00e4r hittar du det senaste fr\u00e5n Eco Log i form av nyheter, pressmeddelanden och aktuella evenemang.Anm\u00e4l dig g\u00e4rna till v\u00e5rt<\/p>\n","protected":false},"author":1,"featured_media":0,"parent":21,"menu_order":10,"comment_status":"closed","ping_status":"closed","template":"","meta":{"_acf_changed":false,"footnotes":""},"class_list":["post-1423","page","type-page","status-publish","hentry"],"acf":[],"_links":{"self":[{"href":"https:\/\/ecologforestry.com\/sv\/wp-json\/wp\/v2\/pages\/1423","targetHints":{"allow":["GET"]}}],"collection":[{"href":"https:\/\/ecologforestry.com\/sv\/wp-json\/wp\/v2\/pages"}],"about":[{"href":"https:\/\/ecologforestry.com\/sv\/wp-json\/wp\/v2\/types\/page"}],"author":[{"embeddable":true,"href":"https:\/\/ecologforestry.com\/sv\/wp-json\/wp\/v2\/users\/1"}],"replies":[{"embeddable":true,"href":"https:\/\/ecologforestry.com\/sv\/wp-json\/wp\/v2\/comments?post=1423"}],"version-history":[{"count":67,"href":"https:\/\/ecologforestry.com\/sv\/wp-json\/wp\/v2\/pages\/1423\/revisions"}],"predecessor-version":[{"id":6600,"href":"https:\/\/ecologforestry.com\/sv\/wp-json\/wp\/v2\/pages\/1423\/revisions\/6600"}],"up":[{"embeddable":true,"href":"https:\/\/ecologforestry.com\/sv\/wp-json\/wp\/v2\/pages\/21"}],"wp:attachment":[{"href":"https:\/\/ecologforestry.com\/sv\/wp-json\/wp\/v2\/media?parent=1423"}],"curies":[{"name":"wp","href":"https:\/\/api.w.org\/{rel}","templated":true}]}}