{"id":1436,"date":"2023-10-02T09:49:26","date_gmt":"2023-10-02T07:49:26","guid":{"rendered":"https:\/\/ecologforestry.com\/?page_id=1436"},"modified":"2024-11-05T13:52:16","modified_gmt":"2024-11-05T12:52:16","slug":"kundmagasin","status":"publish","type":"page","link":"https:\/\/ecologforestry.com\/sv\/aktuellt\/kundmagasin\/","title":{"rendered":"Kundmagasin"},"content":{"rendered":"\t\t<div data-elementor-type=\"wp-page\" data-elementor-id=\"1436\" class=\"elementor elementor-1436\" data-elementor-post-type=\"page\">\n\t\t\t\t\t\t<section class=\"elementor-section elementor-top-section elementor-element elementor-element-622ba463 elementor-section-boxed elementor-section-height-default elementor-section-height-default\" data-id=\"622ba463\" data-element_type=\"section\" data-e-type=\"section\" data-settings=\"{&quot;background_background&quot;:&quot;classic&quot;}\">\n\t\t\t\t\t\t<div class=\"elementor-container elementor-column-gap-default\">\n\t\t\t\t\t<div class=\"elementor-column elementor-col-100 elementor-top-column elementor-element elementor-element-76e6b758\" data-id=\"76e6b758\" data-element_type=\"column\" data-e-type=\"column\">\n\t\t\t<div class=\"elementor-widget-wrap elementor-element-populated\">\n\t\t\t\t\t\t<div class=\"elementor-element elementor-element-deb7465 elementor-widget elementor-widget-heading\" data-id=\"deb7465\" data-element_type=\"widget\" data-e-type=\"widget\" data-widget_type=\"heading.default\">\n\t\t\t\t<div class=\"elementor-widget-container\">\n\t\t\t\t\t<h2 class=\"elementor-heading-title elementor-size-default\">Aktuellt fr\u00e5n Eco Log<\/h2>\t\t\t\t<\/div>\n\t\t\t\t<\/div>\n\t\t\t\t<div class=\"elementor-element elementor-element-7c45a23 elementor-widget elementor-widget-heading\" data-id=\"7c45a23\" data-element_type=\"widget\" data-e-type=\"widget\" data-widget_type=\"heading.default\">\n\t\t\t\t<div class=\"elementor-widget-container\">\n\t\t\t\t\t<h1 class=\"elementor-heading-title elementor-size-default\">Kundmagasin<\/h1>\t\t\t\t<\/div>\n\t\t\t\t<\/div>\n\t\t\t\t<div class=\"elementor-element elementor-element-46fe2d1 elementor-widget elementor-widget-image\" data-id=\"46fe2d1\" data-element_type=\"widget\" data-e-type=\"widget\" data-widget_type=\"image.default\">\n\t\t\t\t<div class=\"elementor-widget-container\">\n\t\t\t\t\t\t\t\t\t\t\t\t\t\t\t<img decoding=\"async\" width=\"38\" height=\"23\" src=\"https:\/\/ecologforestry.com\/wp-content\/uploads\/2023\/08\/ecolog-logo-small.png\" class=\"attachment-large size-large wp-image-111\" alt=\"\" \/>\t\t\t\t\t\t\t\t\t\t\t\t\t\t\t<\/div>\n\t\t\t\t<\/div>\n\t\t\t\t<div class=\"elementor-element elementor-element-b3bc748 elementor-widget elementor-widget-text-editor\" data-id=\"b3bc748\" data-element_type=\"widget\" data-e-type=\"widget\" data-widget_type=\"text-editor.default\">\n\t\t\t\t<div class=\"elementor-widget-container\">\n\t\t\t\t\t\t\t\t\t<p>H\u00e4r hittar du det senaste fr\u00e5n Eco Log i form av nyheter, pressmeddelanden och aktuella evenemang.<br \/>Anm\u00e4l dig g\u00e4rna till v\u00e5rt nyhetsbrev nedan s\u00e5 h\u00e5ller du dig uppdaterad om vad som \u00e4r p\u00e5 g\u00e5ng.<\/p>\t\t\t\t\t\t\t\t<\/div>\n\t\t\t\t<\/div>\n\t\t\t\t<nav class=\"elementor-section elementor-inner-section elementor-element elementor-element-611125a5 elementor-section-boxed elementor-section-height-default elementor-section-height-default\" data-id=\"611125a5\" data-element_type=\"section\" data-e-type=\"section\" data-settings=\"{&quot;background_background&quot;:&quot;classic&quot;}\">\n\t\t\t\t\t\t<div class=\"elementor-container elementor-column-gap-default\">\n\t\t\t\t\t<div class=\"elementor-column elementor-col-100 elementor-inner-column elementor-element elementor-element-191f2fdc\" data-id=\"191f2fdc\" data-element_type=\"column\" data-e-type=\"column\">\n\t\t\t<div class=\"elementor-widget-wrap elementor-element-populated\">\n\t\t\t\t\t\t<div class=\"elementor-element elementor-element-c452656 elementor-nav-menu__align-justify elementor-nav-menu--stretch elementor-nav-menu__text-align-center elementor-widget__width-inherit inpage-menu elementor-nav-menu--dropdown-mobile_extra elementor-nav-menu--toggle elementor-nav-menu--burger elementor-widget elementor-widget-nav-menu\" data-id=\"c452656\" data-element_type=\"widget\" data-e-type=\"widget\" data-settings=\"{&quot;full_width&quot;:&quot;stretch&quot;,&quot;layout&quot;:&quot;horizontal&quot;,&quot;submenu_icon&quot;:{&quot;value&quot;:&quot;&lt;i class=\\&quot;fas fa-caret-down\\&quot; aria-hidden=\\&quot;true\\&quot;&gt;&lt;\\\/i&gt;&quot;,&quot;library&quot;:&quot;fa-solid&quot;},&quot;toggle&quot;:&quot;burger&quot;}\" data-widget_type=\"nav-menu.default\">\n\t\t\t\t<div class=\"elementor-widget-container\">\n\t\t\t\t\t\t\t\t<nav aria-label=\"Meny\" class=\"elementor-nav-menu--main elementor-nav-menu__container elementor-nav-menu--layout-horizontal e--pointer-background e--animation-none\">\n\t\t\t\t<ul id=\"menu-1-c452656\" class=\"elementor-nav-menu\"><li class=\"menu-item menu-item-type-post_type menu-item-object-page menu-item-1425\"><a href=\"https:\/\/ecologforestry.com\/sv\/aktuellt\/nyheter\/\" class=\"elementor-item\">Nyheter<\/a><\/li>\n<li class=\"menu-item menu-item-type-post_type menu-item-object-page menu-item-1525\"><a href=\"https:\/\/ecologforestry.com\/sv\/aktuellt\/pressreleaser\/\" class=\"elementor-item\">Pressreleaser<\/a><\/li>\n<li class=\"menu-item menu-item-type-post_type menu-item-object-page menu-item-1526\"><a href=\"https:\/\/ecologforestry.com\/sv\/aktuellt\/kundmagasin\/\" class=\"elementor-item\">Kundmagasin<\/a><\/li>\n<\/ul>\t\t\t<\/nav>\n\t\t\t\t\t<div class=\"elementor-menu-toggle\" role=\"button\" tabindex=\"0\" aria-label=\"Sl\u00e5 p\u00e5\/av meny\" aria-expanded=\"false\">\n\t\t\t<i aria-hidden=\"true\" role=\"presentation\" class=\"elementor-menu-toggle__icon--open eicon-menu-bar\"><\/i><i aria-hidden=\"true\" role=\"presentation\" class=\"elementor-menu-toggle__icon--close eicon-close\"><\/i>\t\t<\/div>\n\t\t\t\t\t<nav class=\"elementor-nav-menu--dropdown elementor-nav-menu__container\" aria-hidden=\"true\">\n\t\t\t\t<ul id=\"menu-2-c452656\" class=\"elementor-nav-menu\"><li class=\"menu-item menu-item-type-post_type menu-item-object-page menu-item-1425\"><a href=\"https:\/\/ecologforestry.com\/sv\/aktuellt\/nyheter\/\" class=\"elementor-item\" tabindex=\"-1\">Nyheter<\/a><\/li>\n<li class=\"menu-item menu-item-type-post_type menu-item-object-page menu-item-1525\"><a href=\"https:\/\/ecologforestry.com\/sv\/aktuellt\/pressreleaser\/\" class=\"elementor-item\" tabindex=\"-1\">Pressreleaser<\/a><\/li>\n<li class=\"menu-item menu-item-type-post_type menu-item-object-page menu-item-1526\"><a href=\"https:\/\/ecologforestry.com\/sv\/aktuellt\/kundmagasin\/\" class=\"elementor-item\" tabindex=\"-1\">Kundmagasin<\/a><\/li>\n<\/ul>\t\t\t<\/nav>\n\t\t\t\t\t\t<\/div>\n\t\t\t\t<\/div>\n\t\t\t\t\t<\/div>\n\t\t<\/div>\n\t\t\t\t\t<\/div>\n\t\t<\/nav>\n\t\t\t\t\t<\/div>\n\t\t<\/div>\n\t\t\t\t\t<\/div>\n\t\t<\/section>\n\t\t\t\t<section class=\"elementor-section elementor-top-section elementor-element elementor-element-e7865a8 elementor-section-boxed elementor-section-height-default elementor-section-height-default\" data-id=\"e7865a8\" data-element_type=\"section\" data-e-type=\"section\" data-settings=\"{&quot;background_background&quot;:&quot;classic&quot;}\">\n\t\t\t\t\t\t<div class=\"elementor-container elementor-column-gap-default\">\n\t\t\t\t\t<div class=\"elementor-column elementor-col-100 elementor-top-column elementor-element elementor-element-c139e9a\" data-id=\"c139e9a\" data-element_type=\"column\" data-e-type=\"column\">\n\t\t\t<div class=\"elementor-widget-wrap elementor-element-populated\">\n\t\t\t\t\t\t<section class=\"elementor-section elementor-inner-section elementor-element elementor-element-c36c3d9 elementor-section-boxed elementor-section-height-default elementor-section-height-default\" data-id=\"c36c3d9\" data-element_type=\"section\" data-e-type=\"section\">\n\t\t\t\t\t\t<div class=\"elementor-container elementor-column-gap-default\">\n\t\t\t\t\t<div class=\"elementor-column elementor-col-100 elementor-inner-column elementor-element elementor-element-c3074d6\" data-id=\"c3074d6\" data-element_type=\"column\" data-e-type=\"column\">\n\t\t\t<div class=\"elementor-widget-wrap elementor-element-populated\">\n\t\t\t\t\t\t<div class=\"elementor-element elementor-element-8120864 elementor-widget elementor-widget-text-editor\" data-id=\"8120864\" data-element_type=\"widget\" data-e-type=\"widget\" data-widget_type=\"text-editor.default\">\n\t\t\t\t<div class=\"elementor-widget-container\">\n\t\t\t\t\t\t\t\t\t<p>L\u00e4s v\u00e5rt kundmagasin online\u00a0&#8211; med reportage, aktuella artiklar och givetvis en presentation av hela v\u00e5rt breda sortiment av sk\u00f6rdare, skotare och sk\u00f6rdaraggregat.<\/p>\t\t\t\t\t\t\t\t<\/div>\n\t\t\t\t<\/div>\n\t\t\t\t\t<\/div>\n\t\t<\/div>\n\t\t\t\t\t<\/div>\n\t\t<\/section>\n\t\t\t\t<div class=\"elementor-element elementor-element-4b37873 elementor-grid-2 elementor-grid-tablet-2 elementor-grid-mobile-1 elementor-posts--thumbnail-top load-more-align-center elementor-widget elementor-widget-posts\" data-id=\"4b37873\" data-element_type=\"widget\" data-e-type=\"widget\" data-settings=\"{&quot;classic_columns&quot;:&quot;2&quot;,&quot;classic_row_gap&quot;:{&quot;unit&quot;:&quot;px&quot;,&quot;size&quot;:40,&quot;sizes&quot;:[]},&quot;pagination_type&quot;:&quot;load_more_on_click&quot;,&quot;classic_columns_tablet&quot;:&quot;2&quot;,&quot;classic_columns_mobile&quot;:&quot;1&quot;,&quot;classic_row_gap_tablet&quot;:{&quot;unit&quot;:&quot;px&quot;,&quot;size&quot;:&quot;&quot;,&quot;sizes&quot;:[]},&quot;classic_row_gap_mobile_extra&quot;:{&quot;unit&quot;:&quot;px&quot;,&quot;size&quot;:&quot;&quot;,&quot;sizes&quot;:[]},&quot;classic_row_gap_mobile&quot;:{&quot;unit&quot;:&quot;px&quot;,&quot;size&quot;:&quot;&quot;,&quot;sizes&quot;:[]},&quot;load_more_spinner&quot;:{&quot;value&quot;:&quot;fas fa-spinner&quot;,&quot;library&quot;:&quot;fa-solid&quot;}}\" data-widget_type=\"posts.classic\">\n\t\t\t\t<div class=\"elementor-widget-container\">\n\t\t\t\t\t\t\t<div class=\"elementor-posts-container elementor-posts elementor-posts--skin-classic elementor-grid\" role=\"list\">\n\t\t\t\t<article class=\"elementor-post elementor-grid-item post-7544 post type-post status-publish format-standard has-post-thumbnail hentry category-kundmagasin category-nyheter tag-nyhet\" role=\"listitem\">\n\t\t\t\t<a class=\"elementor-post__thumbnail__link\" href=\"https:\/\/ecologforestry.com\/sv\/nu-ar-det-har-det-senaste-numret-av-var-kundtidning\/\" tabindex=\"-1\" >\n\t\t\t<div class=\"elementor-post__thumbnail\"><img fetchpriority=\"high\" decoding=\"async\" width=\"1920\" height=\"1349\" src=\"https:\/\/ecologforestry.com\/wp-content\/uploads\/2025\/10\/thumbnail_kundtidning_nr12025_nyhetSV-1.jpg\" class=\"attachment-full size-full wp-image-7576\" alt=\"\" srcset=\"https:\/\/ecologforestry.com\/wp-content\/uploads\/2025\/10\/thumbnail_kundtidning_nr12025_nyhetSV-1.jpg 1920w, https:\/\/ecologforestry.com\/wp-content\/uploads\/2025\/10\/thumbnail_kundtidning_nr12025_nyhetSV-1-300x211.jpg 300w, https:\/\/ecologforestry.com\/wp-content\/uploads\/2025\/10\/thumbnail_kundtidning_nr12025_nyhetSV-1-1024x719.jpg 1024w, https:\/\/ecologforestry.com\/wp-content\/uploads\/2025\/10\/thumbnail_kundtidning_nr12025_nyhetSV-1-768x540.jpg 768w, https:\/\/ecologforestry.com\/wp-content\/uploads\/2025\/10\/thumbnail_kundtidning_nr12025_nyhetSV-1-1536x1079.jpg 1536w\" sizes=\"(max-width: 1920px) 100vw, 1920px\" \/><\/div>\n\t\t<\/a>\n\t\t\t\t<div class=\"elementor-post__text\">\n\t\t\t\t<h2 class=\"elementor-post__title\">\n\t\t\t<a href=\"https:\/\/ecologforestry.com\/sv\/nu-ar-det-har-det-senaste-numret-av-var-kundtidning\/\" >\n\t\t\t\tNr 1 &#8211; 2025\t\t\t<\/a>\n\t\t<\/h2>\n\t\t\t\t<div class=\"elementor-post__meta-data\">\n\t\t\t\t\t<span class=\"elementor-post-date\">\n\t\t\t13 oktober 2025\t\t<\/span>\n\t\t\t\t<\/div>\n\t\t\t\t\t<div class=\"elementor-post__read-more-wrapper\">\n\t\t\n\t\t<a class=\"elementor-post__read-more\" href=\"https:\/\/ecologforestry.com\/sv\/nu-ar-det-har-det-senaste-numret-av-var-kundtidning\/\" aria-label=\"L\u00e4s mer om Nr 1 &#8211; 2025\" tabindex=\"-1\" >\n\t\t\tL\u00e4s mer \u00bb\t\t<\/a>\n\n\t\t\t\t\t<\/div>\n\t\t\t\t<\/div>\n\t\t\t\t<\/article>\n\t\t\t\t<article class=\"elementor-post elementor-grid-item post-6553 post type-post status-publish format-standard has-post-thumbnail hentry category-kundmagasin\" role=\"listitem\">\n\t\t\t\t<a class=\"elementor-post__thumbnail__link\" href=\"https:\/\/ecologforestry.com\/sv\/nr-2-2024\/\" tabindex=\"-1\" >\n\t\t\t<div class=\"elementor-post__thumbnail\"><img decoding=\"async\" width=\"1810\" height=\"2560\" src=\"https:\/\/ecologforestry.com\/wp-content\/uploads\/2024\/10\/kundtidning_nr2_2024_framsida-scaled.jpg\" class=\"attachment-full size-full wp-image-6555\" alt=\"\" srcset=\"https:\/\/ecologforestry.com\/wp-content\/uploads\/2024\/10\/kundtidning_nr2_2024_framsida-scaled.jpg 1810w, https:\/\/ecologforestry.com\/wp-content\/uploads\/2024\/10\/kundtidning_nr2_2024_framsida-212x300.jpg 212w, https:\/\/ecologforestry.com\/wp-content\/uploads\/2024\/10\/kundtidning_nr2_2024_framsida-724x1024.jpg 724w, https:\/\/ecologforestry.com\/wp-content\/uploads\/2024\/10\/kundtidning_nr2_2024_framsida-768x1086.jpg 768w, https:\/\/ecologforestry.com\/wp-content\/uploads\/2024\/10\/kundtidning_nr2_2024_framsida-1086x1536.jpg 1086w, https:\/\/ecologforestry.com\/wp-content\/uploads\/2024\/10\/kundtidning_nr2_2024_framsida-1448x2048.jpg 1448w\" sizes=\"(max-width: 1810px) 100vw, 1810px\" \/><\/div>\n\t\t<\/a>\n\t\t\t\t<div class=\"elementor-post__text\">\n\t\t\t\t<h2 class=\"elementor-post__title\">\n\t\t\t<a href=\"https:\/\/ecologforestry.com\/sv\/nr-2-2024\/\" >\n\t\t\t\tNr 2 &#8211; 2024\t\t\t<\/a>\n\t\t<\/h2>\n\t\t\t\t<div class=\"elementor-post__meta-data\">\n\t\t\t\t\t<span class=\"elementor-post-date\">\n\t\t\t28 oktober 2024\t\t<\/span>\n\t\t\t\t<\/div>\n\t\t\t\t\t<div class=\"elementor-post__read-more-wrapper\">\n\t\t\n\t\t<a class=\"elementor-post__read-more\" href=\"https:\/\/ecologforestry.com\/sv\/nr-2-2024\/\" aria-label=\"L\u00e4s mer om Nr 2 &#8211; 2024\" tabindex=\"-1\" >\n\t\t\tL\u00e4s mer \u00bb\t\t<\/a>\n\n\t\t\t\t\t<\/div>\n\t\t\t\t<\/div>\n\t\t\t\t<\/article>\n\t\t\t\t<article class=\"elementor-post elementor-grid-item post-6278 post type-post status-publish format-standard has-post-thumbnail hentry category-kundmagasin category-okategoriserad-2\" role=\"listitem\">\n\t\t\t\t<a class=\"elementor-post__thumbnail__link\" href=\"https:\/\/ecologforestry.com\/sv\/nr-1-2024\/\" tabindex=\"-1\" >\n\t\t\t<div class=\"elementor-post__thumbnail\"><img loading=\"lazy\" decoding=\"async\" width=\"2480\" height=\"3508\" src=\"https:\/\/ecologforestry.com\/wp-content\/uploads\/2024\/04\/kundtidning_nr1_2024_framsidaSV.png\" class=\"attachment-full size-full wp-image-6279\" alt=\"\" srcset=\"https:\/\/ecologforestry.com\/wp-content\/uploads\/2024\/04\/kundtidning_nr1_2024_framsidaSV.png 2480w, https:\/\/ecologforestry.com\/wp-content\/uploads\/2024\/04\/kundtidning_nr1_2024_framsidaSV-212x300.png 212w, https:\/\/ecologforestry.com\/wp-content\/uploads\/2024\/04\/kundtidning_nr1_2024_framsidaSV-724x1024.png 724w, https:\/\/ecologforestry.com\/wp-content\/uploads\/2024\/04\/kundtidning_nr1_2024_framsidaSV-768x1086.png 768w, https:\/\/ecologforestry.com\/wp-content\/uploads\/2024\/04\/kundtidning_nr1_2024_framsidaSV-1086x1536.png 1086w, https:\/\/ecologforestry.com\/wp-content\/uploads\/2024\/04\/kundtidning_nr1_2024_framsidaSV-1448x2048.png 1448w\" sizes=\"(max-width: 2480px) 100vw, 2480px\" \/><\/div>\n\t\t<\/a>\n\t\t\t\t<div class=\"elementor-post__text\">\n\t\t\t\t<h2 class=\"elementor-post__title\">\n\t\t\t<a href=\"https:\/\/ecologforestry.com\/sv\/nr-1-2024\/\" >\n\t\t\t\tNr 1- 2024\t\t\t<\/a>\n\t\t<\/h2>\n\t\t\t\t<div class=\"elementor-post__meta-data\">\n\t\t\t\t\t<span class=\"elementor-post-date\">\n\t\t\t5 april 2024\t\t<\/span>\n\t\t\t\t<\/div>\n\t\t\t\t\t<div class=\"elementor-post__read-more-wrapper\">\n\t\t\n\t\t<a class=\"elementor-post__read-more\" href=\"https:\/\/ecologforestry.com\/sv\/nr-1-2024\/\" aria-label=\"L\u00e4s mer om Nr 1- 2024\" tabindex=\"-1\" >\n\t\t\tL\u00e4s mer \u00bb\t\t<\/a>\n\n\t\t\t\t\t<\/div>\n\t\t\t\t<\/div>\n\t\t\t\t<\/article>\n\t\t\t\t<article class=\"elementor-post elementor-grid-item post-1463 post type-post status-publish format-standard has-post-thumbnail hentry category-kundmagasin category-okategoriserad-2\" role=\"listitem\">\n\t\t\t\t<a class=\"elementor-post__thumbnail__link\" href=\"https:\/\/ecologforestry.com\/sv\/nr-2-2023\/\" tabindex=\"-1\" >\n\t\t\t<div class=\"elementor-post__thumbnail\"><img loading=\"lazy\" decoding=\"async\" width=\"707\" height=\"1000\" src=\"https:\/\/ecologforestry.com\/wp-content\/uploads\/2023\/10\/kundtidning_nr2_2023_framsida.jpg\" class=\"attachment-full size-full wp-image-1464\" alt=\"Kundtidning nr 2 2023\" srcset=\"https:\/\/ecologforestry.com\/wp-content\/uploads\/2023\/10\/kundtidning_nr2_2023_framsida.jpg 707w, https:\/\/ecologforestry.com\/wp-content\/uploads\/2023\/10\/kundtidning_nr2_2023_framsida-212x300.jpg 212w\" sizes=\"(max-width: 707px) 100vw, 707px\" \/><\/div>\n\t\t<\/a>\n\t\t\t\t<div class=\"elementor-post__text\">\n\t\t\t\t<h2 class=\"elementor-post__title\">\n\t\t\t<a href=\"https:\/\/ecologforestry.com\/sv\/nr-2-2023\/\" >\n\t\t\t\tNr 2- 2023\t\t\t<\/a>\n\t\t<\/h2>\n\t\t\t\t<div class=\"elementor-post__meta-data\">\n\t\t\t\t\t<span class=\"elementor-post-date\">\n\t\t\t27 september 2023\t\t<\/span>\n\t\t\t\t<\/div>\n\t\t\t\t\t<div class=\"elementor-post__read-more-wrapper\">\n\t\t\n\t\t<a class=\"elementor-post__read-more\" href=\"https:\/\/ecologforestry.com\/sv\/nr-2-2023\/\" aria-label=\"L\u00e4s mer om Nr 2- 2023\" tabindex=\"-1\" >\n\t\t\tL\u00e4s mer \u00bb\t\t<\/a>\n\n\t\t\t\t\t<\/div>\n\t\t\t\t<\/div>\n\t\t\t\t<\/article>\n\t\t\t\t<article class=\"elementor-post elementor-grid-item post-1467 post type-post status-publish format-standard has-post-thumbnail hentry category-kundmagasin\" role=\"listitem\">\n\t\t\t\t<a class=\"elementor-post__thumbnail__link\" href=\"https:\/\/ecologforestry.com\/sv\/nr-1-2023\/\" tabindex=\"-1\" >\n\t\t\t<div class=\"elementor-post__thumbnail\"><img loading=\"lazy\" decoding=\"async\" width=\"707\" height=\"1000\" src=\"https:\/\/ecologforestry.com\/wp-content\/uploads\/2023\/10\/kundtidning_nr1_2023_framsida.jpg\" class=\"attachment-full size-full wp-image-1468\" alt=\"\" srcset=\"https:\/\/ecologforestry.com\/wp-content\/uploads\/2023\/10\/kundtidning_nr1_2023_framsida.jpg 707w, https:\/\/ecologforestry.com\/wp-content\/uploads\/2023\/10\/kundtidning_nr1_2023_framsida-212x300.jpg 212w\" sizes=\"(max-width: 707px) 100vw, 707px\" \/><\/div>\n\t\t<\/a>\n\t\t\t\t<div class=\"elementor-post__text\">\n\t\t\t\t<h2 class=\"elementor-post__title\">\n\t\t\t<a href=\"https:\/\/ecologforestry.com\/sv\/nr-1-2023\/\" >\n\t\t\t\tNr\u00a01 &#8211; 2023\t\t\t<\/a>\n\t\t<\/h2>\n\t\t\t\t<div class=\"elementor-post__meta-data\">\n\t\t\t\t\t<span class=\"elementor-post-date\">\n\t\t\t10 mars 2023\t\t<\/span>\n\t\t\t\t<\/div>\n\t\t\t\t\t<div class=\"elementor-post__read-more-wrapper\">\n\t\t\n\t\t<a class=\"elementor-post__read-more\" href=\"https:\/\/ecologforestry.com\/sv\/nr-1-2023\/\" aria-label=\"L\u00e4s mer om Nr\u00a01 &#8211; 2023\" tabindex=\"-1\" >\n\t\t\tL\u00e4s mer \u00bb\t\t<\/a>\n\n\t\t\t\t\t<\/div>\n\t\t\t\t<\/div>\n\t\t\t\t<\/article>\n\t\t\t\t<article class=\"elementor-post elementor-grid-item post-1471 post type-post status-publish format-standard has-post-thumbnail hentry category-kundmagasin category-okategoriserad-2\" role=\"listitem\">\n\t\t\t\t<a class=\"elementor-post__thumbnail__link\" href=\"https:\/\/ecologforestry.com\/sv\/nr-2-2022\/\" tabindex=\"-1\" >\n\t\t\t<div class=\"elementor-post__thumbnail\"><img loading=\"lazy\" decoding=\"async\" width=\"400\" height=\"566\" src=\"https:\/\/ecologforestry.com\/wp-content\/uploads\/2023\/10\/kundtidning_nr2_2022_framsida.jpg\" class=\"attachment-full size-full wp-image-1472\" alt=\"\" srcset=\"https:\/\/ecologforestry.com\/wp-content\/uploads\/2023\/10\/kundtidning_nr2_2022_framsida.jpg 400w, https:\/\/ecologforestry.com\/wp-content\/uploads\/2023\/10\/kundtidning_nr2_2022_framsida-212x300.jpg 212w\" sizes=\"(max-width: 400px) 100vw, 400px\" \/><\/div>\n\t\t<\/a>\n\t\t\t\t<div class=\"elementor-post__text\">\n\t\t\t\t<h2 class=\"elementor-post__title\">\n\t\t\t<a href=\"https:\/\/ecologforestry.com\/sv\/nr-2-2022\/\" >\n\t\t\t\tNr 2 &#8211; 2022\t\t\t<\/a>\n\t\t<\/h2>\n\t\t\t\t<div class=\"elementor-post__meta-data\">\n\t\t\t\t\t<span class=\"elementor-post-date\">\n\t\t\t10 oktober 2022\t\t<\/span>\n\t\t\t\t<\/div>\n\t\t\t\t\t<div class=\"elementor-post__read-more-wrapper\">\n\t\t\n\t\t<a class=\"elementor-post__read-more\" href=\"https:\/\/ecologforestry.com\/sv\/nr-2-2022\/\" aria-label=\"L\u00e4s mer om Nr 2 &#8211; 2022\" tabindex=\"-1\" >\n\t\t\tL\u00e4s mer \u00bb\t\t<\/a>\n\n\t\t\t\t\t<\/div>\n\t\t\t\t<\/div>\n\t\t\t\t<\/article>\n\t\t\t\t<\/div>\n\t\t\t\t\t<span class=\"e-load-more-spinner\">\n\t\t\t\t<i aria-hidden=\"true\" class=\"fas fa-spinner\"><\/i>\t\t\t<\/span>\n\t\t\n\t\t\t\t\t\t<\/div>\n\t\t\t\t<\/div>\n\t\t\t\t\t<\/div>\n\t\t<\/div>\n\t\t\t\t\t<\/div>\n\t\t<\/section>\n\t\t\t\t<\/div>\n\t\t","protected":false},"excerpt":{"rendered":"<p>Aktuellt fr\u00e5n Eco Log Kundmagasin H\u00e4r hittar du det senaste fr\u00e5n Eco Log i form av nyheter, pressmeddelanden och aktuella evenemang.Anm\u00e4l dig g\u00e4rna till v\u00e5rt<\/p>\n","protected":false},"author":1,"featured_media":0,"parent":21,"menu_order":30,"comment_status":"closed","ping_status":"closed","template":"","meta":{"_acf_changed":false,"footnotes":""},"class_list":["post-1436","page","type-page","status-publish","hentry"],"acf":[],"_links":{"self":[{"href":"https:\/\/ecologforestry.com\/sv\/wp-json\/wp\/v2\/pages\/1436","targetHints":{"allow":["GET"]}}],"collection":[{"href":"https:\/\/ecologforestry.com\/sv\/wp-json\/wp\/v2\/pages"}],"about":[{"href":"https:\/\/ecologforestry.com\/sv\/wp-json\/wp\/v2\/types\/page"}],"author":[{"embeddable":true,"href":"https:\/\/ecologforestry.com\/sv\/wp-json\/wp\/v2\/users\/1"}],"replies":[{"embeddable":true,"href":"https:\/\/ecologforestry.com\/sv\/wp-json\/wp\/v2\/comments?post=1436"}],"version-history":[{"count":30,"href":"https:\/\/ecologforestry.com\/sv\/wp-json\/wp\/v2\/pages\/1436\/revisions"}],"predecessor-version":[{"id":6606,"href":"https:\/\/ecologforestry.com\/sv\/wp-json\/wp\/v2\/pages\/1436\/revisions\/6606"}],"up":[{"embeddable":true,"href":"https:\/\/ecologforestry.com\/sv\/wp-json\/wp\/v2\/pages\/21"}],"wp:attachment":[{"href":"https:\/\/ecologforestry.com\/sv\/wp-json\/wp\/v2\/media?parent=1436"}],"curies":[{"name":"wp","href":"https:\/\/api.w.org\/{rel}","templated":true}]}}