{"id":1447,"date":"2023-10-02T10:04:07","date_gmt":"2023-10-02T08:04:07","guid":{"rendered":"https:\/\/ecologforestry.com\/?page_id=1447"},"modified":"2024-11-05T13:51:11","modified_gmt":"2024-11-05T12:51:11","slug":"pressreleaser","status":"publish","type":"page","link":"https:\/\/ecologforestry.com\/sv\/aktuellt\/pressreleaser\/","title":{"rendered":"Pressreleaser"},"content":{"rendered":"\t\t<div data-elementor-type=\"wp-page\" data-elementor-id=\"1447\" class=\"elementor elementor-1447\" data-elementor-post-type=\"page\">\n\t\t\t\t\t\t<section class=\"elementor-section elementor-top-section elementor-element elementor-element-622ba463 elementor-section-boxed elementor-section-height-default elementor-section-height-default\" data-id=\"622ba463\" data-element_type=\"section\" data-e-type=\"section\" data-settings=\"{&quot;background_background&quot;:&quot;classic&quot;}\">\n\t\t\t\t\t\t<div class=\"elementor-container elementor-column-gap-default\">\n\t\t\t\t\t<div class=\"elementor-column elementor-col-100 elementor-top-column elementor-element elementor-element-76e6b758\" data-id=\"76e6b758\" data-element_type=\"column\" data-e-type=\"column\">\n\t\t\t<div class=\"elementor-widget-wrap elementor-element-populated\">\n\t\t\t\t\t\t<div class=\"elementor-element elementor-element-deb7465 elementor-widget elementor-widget-heading\" data-id=\"deb7465\" data-element_type=\"widget\" data-e-type=\"widget\" data-widget_type=\"heading.default\">\n\t\t\t\t<div class=\"elementor-widget-container\">\n\t\t\t\t\t<h2 class=\"elementor-heading-title elementor-size-default\">Aktuellt fr\u00e5n Eco Log<\/h2>\t\t\t\t<\/div>\n\t\t\t\t<\/div>\n\t\t\t\t<div class=\"elementor-element elementor-element-7c45a23 elementor-widget elementor-widget-heading\" data-id=\"7c45a23\" data-element_type=\"widget\" data-e-type=\"widget\" data-widget_type=\"heading.default\">\n\t\t\t\t<div class=\"elementor-widget-container\">\n\t\t\t\t\t<h1 class=\"elementor-heading-title elementor-size-default\">Pressreleaser<\/h1>\t\t\t\t<\/div>\n\t\t\t\t<\/div>\n\t\t\t\t<div class=\"elementor-element elementor-element-46fe2d1 elementor-widget elementor-widget-image\" data-id=\"46fe2d1\" data-element_type=\"widget\" data-e-type=\"widget\" data-widget_type=\"image.default\">\n\t\t\t\t<div class=\"elementor-widget-container\">\n\t\t\t\t\t\t\t\t\t\t\t\t\t\t\t<img decoding=\"async\" width=\"38\" height=\"23\" src=\"https:\/\/ecologforestry.com\/wp-content\/uploads\/2023\/08\/ecolog-logo-small.png\" class=\"attachment-large size-large wp-image-111\" alt=\"\" \/>\t\t\t\t\t\t\t\t\t\t\t\t\t\t\t<\/div>\n\t\t\t\t<\/div>\n\t\t\t\t<div class=\"elementor-element elementor-element-b3bc748 elementor-widget__width-initial elementor-widget elementor-widget-text-editor\" data-id=\"b3bc748\" data-element_type=\"widget\" data-e-type=\"widget\" data-widget_type=\"text-editor.default\">\n\t\t\t\t<div class=\"elementor-widget-container\">\n\t\t\t\t\t\t\t\t\t<p>H\u00e4r hittar du det senaste fr\u00e5n Eco Log i form av nyheter, pressmeddelanden och aktuella evenemang.<br \/>Anm\u00e4l dig g\u00e4rna till v\u00e5rt nyhetsbrev nedan s\u00e5 h\u00e5ller du dig uppdaterad om vad som \u00e4r p\u00e5 g\u00e5ng.<\/p>\t\t\t\t\t\t\t\t<\/div>\n\t\t\t\t<\/div>\n\t\t\t\t<nav class=\"elementor-section elementor-inner-section elementor-element elementor-element-611125a5 elementor-section-boxed elementor-section-height-default elementor-section-height-default\" data-id=\"611125a5\" data-element_type=\"section\" data-e-type=\"section\" data-settings=\"{&quot;background_background&quot;:&quot;classic&quot;}\">\n\t\t\t\t\t\t<div class=\"elementor-container elementor-column-gap-default\">\n\t\t\t\t\t<div class=\"elementor-column elementor-col-100 elementor-inner-column elementor-element elementor-element-191f2fdc\" data-id=\"191f2fdc\" data-element_type=\"column\" data-e-type=\"column\">\n\t\t\t<div class=\"elementor-widget-wrap elementor-element-populated\">\n\t\t\t\t\t\t<div class=\"elementor-element elementor-element-f5bb25c elementor-nav-menu__align-justify elementor-nav-menu--stretch elementor-nav-menu__text-align-center elementor-widget__width-inherit inpage-menu elementor-nav-menu--dropdown-mobile_extra elementor-nav-menu--toggle elementor-nav-menu--burger elementor-widget elementor-widget-nav-menu\" data-id=\"f5bb25c\" data-element_type=\"widget\" data-e-type=\"widget\" data-settings=\"{&quot;full_width&quot;:&quot;stretch&quot;,&quot;layout&quot;:&quot;horizontal&quot;,&quot;submenu_icon&quot;:{&quot;value&quot;:&quot;&lt;i class=\\&quot;fas fa-caret-down\\&quot; aria-hidden=\\&quot;true\\&quot;&gt;&lt;\\\/i&gt;&quot;,&quot;library&quot;:&quot;fa-solid&quot;},&quot;toggle&quot;:&quot;burger&quot;}\" data-widget_type=\"nav-menu.default\">\n\t\t\t\t<div class=\"elementor-widget-container\">\n\t\t\t\t\t\t\t\t<nav aria-label=\"Meny\" class=\"elementor-nav-menu--main elementor-nav-menu__container elementor-nav-menu--layout-horizontal e--pointer-background e--animation-none\">\n\t\t\t\t<ul id=\"menu-1-f5bb25c\" class=\"elementor-nav-menu\"><li class=\"menu-item menu-item-type-post_type menu-item-object-page menu-item-1425\"><a href=\"https:\/\/ecologforestry.com\/sv\/aktuellt\/nyheter\/\" class=\"elementor-item\">Nyheter<\/a><\/li>\n<li class=\"menu-item menu-item-type-post_type menu-item-object-page menu-item-1525\"><a href=\"https:\/\/ecologforestry.com\/sv\/aktuellt\/pressreleaser\/\" class=\"elementor-item\">Pressreleaser<\/a><\/li>\n<li class=\"menu-item menu-item-type-post_type menu-item-object-page menu-item-1526\"><a href=\"https:\/\/ecologforestry.com\/sv\/aktuellt\/kundmagasin\/\" class=\"elementor-item\">Kundmagasin<\/a><\/li>\n<\/ul>\t\t\t<\/nav>\n\t\t\t\t\t<div class=\"elementor-menu-toggle\" role=\"button\" tabindex=\"0\" aria-label=\"Sl\u00e5 p\u00e5\/av meny\" aria-expanded=\"false\">\n\t\t\t<i aria-hidden=\"true\" role=\"presentation\" class=\"elementor-menu-toggle__icon--open eicon-menu-bar\"><\/i><i aria-hidden=\"true\" role=\"presentation\" class=\"elementor-menu-toggle__icon--close eicon-close\"><\/i>\t\t<\/div>\n\t\t\t\t\t<nav class=\"elementor-nav-menu--dropdown elementor-nav-menu__container\" aria-hidden=\"true\">\n\t\t\t\t<ul id=\"menu-2-f5bb25c\" class=\"elementor-nav-menu\"><li class=\"menu-item menu-item-type-post_type menu-item-object-page menu-item-1425\"><a href=\"https:\/\/ecologforestry.com\/sv\/aktuellt\/nyheter\/\" class=\"elementor-item\" tabindex=\"-1\">Nyheter<\/a><\/li>\n<li class=\"menu-item menu-item-type-post_type menu-item-object-page menu-item-1525\"><a href=\"https:\/\/ecologforestry.com\/sv\/aktuellt\/pressreleaser\/\" class=\"elementor-item\" tabindex=\"-1\">Pressreleaser<\/a><\/li>\n<li class=\"menu-item menu-item-type-post_type menu-item-object-page menu-item-1526\"><a href=\"https:\/\/ecologforestry.com\/sv\/aktuellt\/kundmagasin\/\" class=\"elementor-item\" tabindex=\"-1\">Kundmagasin<\/a><\/li>\n<\/ul>\t\t\t<\/nav>\n\t\t\t\t\t\t<\/div>\n\t\t\t\t<\/div>\n\t\t\t\t\t<\/div>\n\t\t<\/div>\n\t\t\t\t\t<\/div>\n\t\t<\/nav>\n\t\t\t\t\t<\/div>\n\t\t<\/div>\n\t\t\t\t\t<\/div>\n\t\t<\/section>\n\t\t\t\t<section class=\"elementor-section elementor-top-section elementor-element elementor-element-e7865a8 elementor-section-boxed elementor-section-height-default elementor-section-height-default\" data-id=\"e7865a8\" data-element_type=\"section\" data-e-type=\"section\" data-settings=\"{&quot;background_background&quot;:&quot;classic&quot;}\">\n\t\t\t\t\t\t<div class=\"elementor-container elementor-column-gap-default\">\n\t\t\t\t\t<div class=\"elementor-column elementor-col-100 elementor-top-column elementor-element elementor-element-c139e9a\" data-id=\"c139e9a\" data-element_type=\"column\" data-e-type=\"column\">\n\t\t\t<div class=\"elementor-widget-wrap elementor-element-populated\">\n\t\t\t\t\t\t<div class=\"elementor-element elementor-element-4b37873 elementor-grid-2 elementor-grid-tablet-2 elementor-grid-mobile-1 elementor-posts--thumbnail-top load-more-align-center elementor-widget elementor-widget-posts\" data-id=\"4b37873\" data-element_type=\"widget\" data-e-type=\"widget\" data-settings=\"{&quot;classic_columns&quot;:&quot;2&quot;,&quot;classic_row_gap&quot;:{&quot;unit&quot;:&quot;px&quot;,&quot;size&quot;:40,&quot;sizes&quot;:[]},&quot;pagination_type&quot;:&quot;load_more_on_click&quot;,&quot;classic_columns_tablet&quot;:&quot;2&quot;,&quot;classic_columns_mobile&quot;:&quot;1&quot;,&quot;classic_row_gap_tablet&quot;:{&quot;unit&quot;:&quot;px&quot;,&quot;size&quot;:&quot;&quot;,&quot;sizes&quot;:[]},&quot;classic_row_gap_mobile_extra&quot;:{&quot;unit&quot;:&quot;px&quot;,&quot;size&quot;:&quot;&quot;,&quot;sizes&quot;:[]},&quot;classic_row_gap_mobile&quot;:{&quot;unit&quot;:&quot;px&quot;,&quot;size&quot;:&quot;&quot;,&quot;sizes&quot;:[]},&quot;load_more_spinner&quot;:{&quot;value&quot;:&quot;fas fa-spinner&quot;,&quot;library&quot;:&quot;fa-solid&quot;}}\" data-widget_type=\"posts.classic\">\n\t\t\t\t<div class=\"elementor-widget-container\">\n\t\t\t\t\t\t\t<div class=\"elementor-posts-container elementor-posts elementor-posts--skin-classic elementor-grid\" role=\"list\">\n\t\t\t\t<article class=\"elementor-post elementor-grid-item post-7345 post type-post status-publish format-standard has-post-thumbnail hentry category-nyheter category-pressreleaser\" role=\"listitem\">\n\t\t\t\t<a class=\"elementor-post__thumbnail__link\" href=\"https:\/\/ecologforestry.com\/sv\/eco-log-688g-redo-for-nasta-generation\/\" tabindex=\"-1\" >\n\t\t\t<div class=\"elementor-post__thumbnail\"><img fetchpriority=\"high\" decoding=\"async\" width=\"842\" height=\"595\" src=\"https:\/\/ecologforestry.com\/wp-content\/uploads\/2025\/09\/Enow-kampanj-688G.png\" class=\"attachment-full size-full wp-image-7270\" alt=\"\" srcset=\"https:\/\/ecologforestry.com\/wp-content\/uploads\/2025\/09\/Enow-kampanj-688G.png 842w, https:\/\/ecologforestry.com\/wp-content\/uploads\/2025\/09\/Enow-kampanj-688G-300x212.png 300w, https:\/\/ecologforestry.com\/wp-content\/uploads\/2025\/09\/Enow-kampanj-688G-768x543.png 768w\" sizes=\"(max-width: 842px) 100vw, 842px\" \/><\/div>\n\t\t<\/a>\n\t\t\t\t<div class=\"elementor-post__text\">\n\t\t\t\t<h2 class=\"elementor-post__title\">\n\t\t\t<a href=\"https:\/\/ecologforestry.com\/sv\/eco-log-688g-redo-for-nasta-generation\/\" >\n\t\t\t\tEco Log 688G &#8211; redo f\u00f6r n\u00e4sta generation!\t\t\t<\/a>\n\t\t<\/h2>\n\t\t\t\t<div class=\"elementor-post__meta-data\">\n\t\t\t\t\t<span class=\"elementor-post-date\">\n\t\t\t18 september 2025\t\t<\/span>\n\t\t\t\t<\/div>\n\t\t\t\t\t<div class=\"elementor-post__read-more-wrapper\">\n\t\t\n\t\t<a class=\"elementor-post__read-more\" href=\"https:\/\/ecologforestry.com\/sv\/eco-log-688g-redo-for-nasta-generation\/\" aria-label=\"L\u00e4s mer om Eco Log 688G &#8211; redo f\u00f6r n\u00e4sta generation!\" tabindex=\"-1\" >\n\t\t\tL\u00e4s mer \u00bb\t\t<\/a>\n\n\t\t\t\t\t<\/div>\n\t\t\t\t<\/div>\n\t\t\t\t<\/article>\n\t\t\t\t<article class=\"elementor-post elementor-grid-item post-303 post type-post status-publish format-standard has-post-thumbnail hentry category-nyheter category-pressreleaser category-okategoriserad-2\" role=\"listitem\">\n\t\t\t\t<a class=\"elementor-post__thumbnail__link\" href=\"https:\/\/ecologforestry.com\/sv\/valkommen-in-i-eco-logs-nya-skordarhytt\/\" tabindex=\"-1\" >\n\t\t\t<div class=\"elementor-post__thumbnail\"><img decoding=\"async\" width=\"1000\" height=\"667\" src=\"https:\/\/ecologforestry.com\/wp-content\/uploads\/2023\/08\/590g_nyhet.jpg\" class=\"attachment-full size-full wp-image-305\" alt=\"\" srcset=\"https:\/\/ecologforestry.com\/wp-content\/uploads\/2023\/08\/590g_nyhet.jpg 1000w, https:\/\/ecologforestry.com\/wp-content\/uploads\/2023\/08\/590g_nyhet-300x200.jpg 300w, https:\/\/ecologforestry.com\/wp-content\/uploads\/2023\/08\/590g_nyhet-768x512.jpg 768w\" sizes=\"(max-width: 1000px) 100vw, 1000px\" \/><\/div>\n\t\t<\/a>\n\t\t\t\t<div class=\"elementor-post__text\">\n\t\t\t\t<h2 class=\"elementor-post__title\">\n\t\t\t<a href=\"https:\/\/ecologforestry.com\/sv\/valkommen-in-i-eco-logs-nya-skordarhytt\/\" >\n\t\t\t\tV\u00e4lkommen in i Eco Logs nya sk\u00f6rdarhytt\t\t\t<\/a>\n\t\t<\/h2>\n\t\t\t\t<div class=\"elementor-post__meta-data\">\n\t\t\t\t\t<span class=\"elementor-post-date\">\n\t\t\t1 juni 2023\t\t<\/span>\n\t\t\t\t<\/div>\n\t\t\t\t\t<div class=\"elementor-post__read-more-wrapper\">\n\t\t\n\t\t<a class=\"elementor-post__read-more\" href=\"https:\/\/ecologforestry.com\/sv\/valkommen-in-i-eco-logs-nya-skordarhytt\/\" aria-label=\"L\u00e4s mer om V\u00e4lkommen in i Eco Logs nya sk\u00f6rdarhytt\" tabindex=\"-1\" >\n\t\t\tL\u00e4s mer \u00bb\t\t<\/a>\n\n\t\t\t\t\t<\/div>\n\t\t\t\t<\/div>\n\t\t\t\t<\/article>\n\t\t\t\t<article class=\"elementor-post elementor-grid-item post-308 post type-post status-publish format-standard has-post-thumbnail hentry category-okategoriserad-2 category-nyheter category-pressreleaser\" role=\"listitem\">\n\t\t\t\t<a class=\"elementor-post__thumbnail__link\" href=\"https:\/\/ecologforestry.com\/sv\/eco-logs-kranspetsstyrning-for-skotare-ar-har\/\" tabindex=\"-1\" >\n\t\t\t<div class=\"elementor-post__thumbnail\"><img loading=\"lazy\" decoding=\"async\" width=\"1000\" height=\"637\" src=\"https:\/\/ecologforestry.com\/wp-content\/uploads\/2023\/08\/etc_nyhet.jpg\" class=\"attachment-full size-full wp-image-309\" alt=\"\" srcset=\"https:\/\/ecologforestry.com\/wp-content\/uploads\/2023\/08\/etc_nyhet.jpg 1000w, https:\/\/ecologforestry.com\/wp-content\/uploads\/2023\/08\/etc_nyhet-300x191.jpg 300w, https:\/\/ecologforestry.com\/wp-content\/uploads\/2023\/08\/etc_nyhet-768x489.jpg 768w\" sizes=\"(max-width: 1000px) 100vw, 1000px\" \/><\/div>\n\t\t<\/a>\n\t\t\t\t<div class=\"elementor-post__text\">\n\t\t\t\t<h2 class=\"elementor-post__title\">\n\t\t\t<a href=\"https:\/\/ecologforestry.com\/sv\/eco-logs-kranspetsstyrning-for-skotare-ar-har\/\" >\n\t\t\t\tEco Logs kranspetsstyrning f\u00f6r skotare \u00e4r h\u00e4r\t\t\t<\/a>\n\t\t<\/h2>\n\t\t\t\t<div class=\"elementor-post__meta-data\">\n\t\t\t\t\t<span class=\"elementor-post-date\">\n\t\t\t17 maj 2023\t\t<\/span>\n\t\t\t\t<\/div>\n\t\t\t\t\t<div class=\"elementor-post__read-more-wrapper\">\n\t\t\n\t\t<a class=\"elementor-post__read-more\" href=\"https:\/\/ecologforestry.com\/sv\/eco-logs-kranspetsstyrning-for-skotare-ar-har\/\" aria-label=\"L\u00e4s mer om Eco Logs kranspetsstyrning f\u00f6r skotare \u00e4r h\u00e4r\" tabindex=\"-1\" >\n\t\t\tL\u00e4s mer \u00bb\t\t<\/a>\n\n\t\t\t\t\t<\/div>\n\t\t\t\t<\/div>\n\t\t\t\t<\/article>\n\t\t\t\t<article class=\"elementor-post elementor-grid-item post-312 post type-post status-publish format-standard has-post-thumbnail hentry category-nyheter category-pressreleaser category-okategoriserad-2\" role=\"listitem\">\n\t\t\t\t<a class=\"elementor-post__thumbnail__link\" href=\"https:\/\/ecologforestry.com\/sv\/eco-log-har-uttratt-ur-rekonstruktionen\/\" tabindex=\"-1\" >\n\t\t\t<div class=\"elementor-post__thumbnail\"><img loading=\"lazy\" decoding=\"async\" width=\"1000\" height=\"590\" src=\"https:\/\/ecologforestry.com\/wp-content\/uploads\/2023\/08\/Ecol-Log-logo-symbol.jpg\" class=\"attachment-full size-full wp-image-313\" alt=\"\" srcset=\"https:\/\/ecologforestry.com\/wp-content\/uploads\/2023\/08\/Ecol-Log-logo-symbol.jpg 1000w, https:\/\/ecologforestry.com\/wp-content\/uploads\/2023\/08\/Ecol-Log-logo-symbol-300x177.jpg 300w, https:\/\/ecologforestry.com\/wp-content\/uploads\/2023\/08\/Ecol-Log-logo-symbol-768x453.jpg 768w\" sizes=\"(max-width: 1000px) 100vw, 1000px\" \/><\/div>\n\t\t<\/a>\n\t\t\t\t<div class=\"elementor-post__text\">\n\t\t\t\t<h2 class=\"elementor-post__title\">\n\t\t\t<a href=\"https:\/\/ecologforestry.com\/sv\/eco-log-har-uttratt-ur-rekonstruktionen\/\" >\n\t\t\t\tEco Log har uttr\u00e4tt ur rekonstruktionen\t\t\t<\/a>\n\t\t<\/h2>\n\t\t\t\t<div class=\"elementor-post__meta-data\">\n\t\t\t\t\t<span class=\"elementor-post-date\">\n\t\t\t21 april 2023\t\t<\/span>\n\t\t\t\t<\/div>\n\t\t\t\t\t<div class=\"elementor-post__read-more-wrapper\">\n\t\t\n\t\t<a class=\"elementor-post__read-more\" href=\"https:\/\/ecologforestry.com\/sv\/eco-log-har-uttratt-ur-rekonstruktionen\/\" aria-label=\"L\u00e4s mer om Eco Log har uttr\u00e4tt ur rekonstruktionen\" tabindex=\"-1\" >\n\t\t\tL\u00e4s mer \u00bb\t\t<\/a>\n\n\t\t\t\t\t<\/div>\n\t\t\t\t<\/div>\n\t\t\t\t<\/article>\n\t\t\t\t<\/div>\n\t\t\t\t\t<span class=\"e-load-more-spinner\">\n\t\t\t\t<i aria-hidden=\"true\" class=\"fas fa-spinner\"><\/i>\t\t\t<\/span>\n\t\t\n\t\t\t\t\t\t<\/div>\n\t\t\t\t<\/div>\n\t\t\t\t\t<\/div>\n\t\t<\/div>\n\t\t\t\t\t<\/div>\n\t\t<\/section>\n\t\t\t\t<\/div>\n\t\t","protected":false},"excerpt":{"rendered":"<p>Aktuellt fr\u00e5n Eco Log Pressreleaser H\u00e4r hittar du det senaste fr\u00e5n Eco Log i form av nyheter, pressmeddelanden och aktuella evenemang.Anm\u00e4l dig g\u00e4rna till v\u00e5rt<\/p>\n","protected":false},"author":1,"featured_media":0,"parent":21,"menu_order":20,"comment_status":"closed","ping_status":"closed","template":"","meta":{"_acf_changed":false,"footnotes":""},"class_list":["post-1447","page","type-page","status-publish","hentry"],"acf":[],"_links":{"self":[{"href":"https:\/\/ecologforestry.com\/sv\/wp-json\/wp\/v2\/pages\/1447","targetHints":{"allow":["GET"]}}],"collection":[{"href":"https:\/\/ecologforestry.com\/sv\/wp-json\/wp\/v2\/pages"}],"about":[{"href":"https:\/\/ecologforestry.com\/sv\/wp-json\/wp\/v2\/types\/page"}],"author":[{"embeddable":true,"href":"https:\/\/ecologforestry.com\/sv\/wp-json\/wp\/v2\/users\/1"}],"replies":[{"embeddable":true,"href":"https:\/\/ecologforestry.com\/sv\/wp-json\/wp\/v2\/comments?post=1447"}],"version-history":[{"count":38,"href":"https:\/\/ecologforestry.com\/sv\/wp-json\/wp\/v2\/pages\/1447\/revisions"}],"predecessor-version":[{"id":6603,"href":"https:\/\/ecologforestry.com\/sv\/wp-json\/wp\/v2\/pages\/1447\/revisions\/6603"}],"up":[{"embeddable":true,"href":"https:\/\/ecologforestry.com\/sv\/wp-json\/wp\/v2\/pages\/21"}],"wp:attachment":[{"href":"https:\/\/ecologforestry.com\/sv\/wp-json\/wp\/v2\/media?parent=1447"}],"curies":[{"name":"wp","href":"https:\/\/api.w.org\/{rel}","templated":true}]}}