{"id":1560,"date":"2023-10-02T11:35:03","date_gmt":"2023-10-02T09:35:03","guid":{"rendered":"https:\/\/ecologforestry.com\/?page_id=1560"},"modified":"2025-02-17T09:06:18","modified_gmt":"2025-02-17T08:06:18","slug":"om-ecolog","status":"publish","type":"page","link":"https:\/\/ecologforestry.com\/sv\/om-ecolog\/","title":{"rendered":"Om Eco Log"},"content":{"rendered":"\t\t<div data-elementor-type=\"wp-page\" data-elementor-id=\"1560\" class=\"elementor elementor-1560\" data-elementor-post-type=\"page\">\n\t\t\t\t\t\t<section class=\"elementor-section elementor-top-section elementor-element elementor-element-72e4fcbe elementor-section-boxed elementor-section-height-default elementor-section-height-default\" data-id=\"72e4fcbe\" data-element_type=\"section\" data-e-type=\"section\" data-settings=\"{&quot;background_background&quot;:&quot;classic&quot;}\">\n\t\t\t\t\t\t<div class=\"elementor-container elementor-column-gap-default\">\n\t\t\t\t\t<div class=\"elementor-column elementor-col-100 elementor-top-column elementor-element elementor-element-4050d47e page_top_image\" data-id=\"4050d47e\" data-element_type=\"column\" data-e-type=\"column\" data-settings=\"{&quot;background_background&quot;:&quot;classic&quot;}\">\n\t\t\t<div class=\"elementor-widget-wrap elementor-element-populated\">\n\t\t\t\t\t\t<div class=\"elementor-element elementor-element-4fed4597 elementor-widget elementor-widget-heading\" data-id=\"4fed4597\" data-element_type=\"widget\" data-e-type=\"widget\" data-widget_type=\"heading.default\">\n\t\t\t\t<div class=\"elementor-widget-container\">\n\t\t\t\t\t<h2 class=\"elementor-heading-title elementor-size-default\">Detta \u00e4r \nEco Log<\/h2>\t\t\t\t<\/div>\n\t\t\t\t<\/div>\n\t\t\t\t<div class=\"elementor-element elementor-element-2387516a elementor-widget elementor-widget-text-editor\" data-id=\"2387516a\" data-element_type=\"widget\" data-e-type=\"widget\" data-widget_type=\"text-editor.default\">\n\t\t\t\t<div class=\"elementor-widget-container\">\n\t\t\t\t\t\t\t\t\t<p>Nyckeln till ett framg\u00e5ngsrikt skogsbruk.<\/p>\t\t\t\t\t\t\t\t<\/div>\n\t\t\t\t<\/div>\n\t\t\t\t\t<\/div>\n\t\t<\/div>\n\t\t\t\t\t<\/div>\n\t\t<\/section>\n\t\t\t\t<section class=\"elementor-section elementor-top-section elementor-element elementor-element-3c12115b elementor-section-boxed elementor-section-height-default elementor-section-height-default\" data-id=\"3c12115b\" data-element_type=\"section\" data-e-type=\"section\" data-settings=\"{&quot;background_background&quot;:&quot;classic&quot;}\">\n\t\t\t\t\t\t<div class=\"elementor-container elementor-column-gap-default\">\n\t\t\t\t\t<div class=\"elementor-column elementor-col-100 elementor-top-column elementor-element elementor-element-508c8807\" data-id=\"508c8807\" data-element_type=\"column\" data-e-type=\"column\">\n\t\t\t<div class=\"elementor-widget-wrap elementor-element-populated\">\n\t\t\t\t\t\t<section class=\"elementor-section elementor-inner-section elementor-element elementor-element-577a8f24 elementor-section-boxed elementor-section-height-default elementor-section-height-default\" data-id=\"577a8f24\" data-element_type=\"section\" data-e-type=\"section\">\n\t\t\t\t\t\t<div class=\"elementor-container elementor-column-gap-default\">\n\t\t\t\t\t<div class=\"elementor-column elementor-col-100 elementor-inner-column elementor-element elementor-element-906d439\" data-id=\"906d439\" data-element_type=\"column\" data-e-type=\"column\">\n\t\t\t<div class=\"elementor-widget-wrap elementor-element-populated\">\n\t\t\t\t\t\t<div class=\"elementor-element elementor-element-6e22d492 elementor-widget elementor-widget-heading\" data-id=\"6e22d492\" data-element_type=\"widget\" data-e-type=\"widget\" data-widget_type=\"heading.default\">\n\t\t\t\t<div class=\"elementor-widget-container\">\n\t\t\t\t\t<h1 class=\"elementor-heading-title elementor-size-default\">Eco Log - Forestry of Tomorrow<\/h1>\t\t\t\t<\/div>\n\t\t\t\t<\/div>\n\t\t\t\t<div class=\"elementor-element elementor-element-78c4f687 elementor-widget elementor-widget-text-editor\" data-id=\"78c4f687\" data-element_type=\"widget\" data-e-type=\"widget\" data-widget_type=\"text-editor.default\">\n\t\t\t\t<div class=\"elementor-widget-container\">\n\t\t\t\t\t\t\t\t\t<p>Eco Log tillverkar och s\u00e4ljer effektiva skogsmaskiner f\u00f6r det h\u00e5llbara skogsbruket. Tack vare maskiner som med hj\u00e4lp av sina pendelarmar anpassas efter underlaget f\u00e5r du som f\u00f6rare full kontroll \u00f6ver arbetet oavsett terr\u00e4ng.&nbsp; Genom \u00f6verl\u00e4gsen markfrig\u00e5ng, drifts\u00e4kerhet, servicev\u00e4nlighet och en stark sk\u00f6rdarkran banar du och din Eco Log v\u00e4g f\u00f6r h\u00f6g produktivitet och ett kostnadseffektivt \u00e4gande.<\/p>\t\t\t\t\t\t\t\t<\/div>\n\t\t\t\t<\/div>\n\t\t\t\t<div class=\"elementor-element elementor-element-cc1fc3d elementor-widget elementor-widget-image\" data-id=\"cc1fc3d\" data-element_type=\"widget\" data-e-type=\"widget\" data-widget_type=\"image.default\">\n\t\t\t\t<div class=\"elementor-widget-container\">\n\t\t\t\t\t\t\t\t\t\t\t\t\t\t\t<img decoding=\"async\" width=\"38\" height=\"23\" src=\"https:\/\/ecologforestry.com\/wp-content\/uploads\/2023\/08\/ecolog-logo-small.png\" class=\"attachment-large size-large wp-image-111\" alt=\"\" \/>\t\t\t\t\t\t\t\t\t\t\t\t\t\t\t<\/div>\n\t\t\t\t<\/div>\n\t\t\t\t<div class=\"elementor-element elementor-element-56832f6 elementor-widget elementor-widget-heading\" data-id=\"56832f6\" data-element_type=\"widget\" data-e-type=\"widget\" data-widget_type=\"heading.default\">\n\t\t\t\t<div class=\"elementor-widget-container\">\n\t\t\t\t\t<h1 class=\"elementor-heading-title elementor-size-default\">V\u00e5rt team<\/h1>\t\t\t\t<\/div>\n\t\t\t\t<\/div>\n\t\t\t\t<div class=\"elementor-element elementor-element-bdfd964 elementor-widget elementor-widget-text-editor\" data-id=\"bdfd964\" data-element_type=\"widget\" data-e-type=\"widget\" data-widget_type=\"text-editor.default\">\n\t\t\t\t<div class=\"elementor-widget-container\">\n\t\t\t\t\t\t\t\t\t<p class=\"MsoNormal\"><a name=\"_Hlk151454305\"><\/a>K\u00e4rnan i v\u00e5r verksamhet \u00e4r v\u00e5ra medarbetare och hos Eco Log finns en stor samlad kompetens och arbetstillf\u00e4llen inom allt ifr\u00e5n produktion, utveckling och konstruktion till f\u00f6rs\u00e4ljning, ink\u00f6p och teknisk support. Tillsammans \u00e4r det v\u00e5ra medarbetare som varje dag str\u00e4var efter det som \u00e4r v\u00e5rt fr\u00e4msta m\u00e5l &#8211; att v\u00e5ra kunder ska f\u00e5 det allra b\u00e4sta.<\/p>\t\t\t\t\t\t\t\t<\/div>\n\t\t\t\t<\/div>\n\t\t\t\t\t<\/div>\n\t\t<\/div>\n\t\t\t\t\t<\/div>\n\t\t<\/section>\n\t\t\t\t\t<\/div>\n\t\t<\/div>\n\t\t\t\t\t<\/div>\n\t\t<\/section>\n\t\t\t\t<section class=\"elementor-section elementor-top-section elementor-element elementor-element-96396a5 elementor-section-boxed elementor-section-height-default elementor-section-height-default\" data-id=\"96396a5\" data-element_type=\"section\" data-e-type=\"section\">\n\t\t\t\t\t\t<div class=\"elementor-container elementor-column-gap-default\">\n\t\t\t\t\t<div class=\"elementor-column elementor-col-33 elementor-top-column elementor-element elementor-element-44122ff\" data-id=\"44122ff\" data-element_type=\"column\" data-e-type=\"column\">\n\t\t\t<div class=\"elementor-widget-wrap elementor-element-populated\">\n\t\t\t\t\t\t<div class=\"elementor-element elementor-element-205539a elementor-widget__width-initial elementor-widget elementor-widget-image\" data-id=\"205539a\" data-element_type=\"widget\" data-e-type=\"widget\" data-widget_type=\"image.default\">\n\t\t\t\t<div class=\"elementor-widget-container\">\n\t\t\t\t\t\t\t\t\t\t\t\t\t\t\t<img decoding=\"async\" src=\"https:\/\/ecologforestry.com\/wp-content\/uploads\/2023\/12\/DSC00775_sv2.jpg\" title=\"DSC00775_sv2\" alt=\"DSC00775_sv2\" loading=\"lazy\" \/>\t\t\t\t\t\t\t\t\t\t\t\t\t\t\t<\/div>\n\t\t\t\t<\/div>\n\t\t\t\t\t<\/div>\n\t\t<\/div>\n\t\t\t\t<div class=\"elementor-column elementor-col-33 elementor-top-column elementor-element elementor-element-07d9f5e\" data-id=\"07d9f5e\" data-element_type=\"column\" data-e-type=\"column\">\n\t\t\t<div class=\"elementor-widget-wrap elementor-element-populated\">\n\t\t\t\t\t\t<div class=\"elementor-element elementor-element-62840f4 elementor-widget__width-initial elementor-widget elementor-widget-image\" data-id=\"62840f4\" data-element_type=\"widget\" data-e-type=\"widget\" data-widget_type=\"image.default\">\n\t\t\t\t<div class=\"elementor-widget-container\">\n\t\t\t\t\t\t\t\t\t\t\t\t\t\t\t<img decoding=\"async\" src=\"https:\/\/ecologforestry.com\/wp-content\/uploads\/2023\/12\/arbetsledare_sv.jpg\" title=\"arbetsledare_sv\" alt=\"arbetsledare_sv\" loading=\"lazy\" \/>\t\t\t\t\t\t\t\t\t\t\t\t\t\t\t<\/div>\n\t\t\t\t<\/div>\n\t\t\t\t\t<\/div>\n\t\t<\/div>\n\t\t\t\t<div class=\"elementor-column elementor-col-33 elementor-top-column elementor-element elementor-element-07ef486\" data-id=\"07ef486\" data-element_type=\"column\" data-e-type=\"column\">\n\t\t\t<div class=\"elementor-widget-wrap elementor-element-populated\">\n\t\t\t\t\t\t<div class=\"elementor-element elementor-element-b40aa89 elementor-widget__width-initial elementor-widget elementor-widget-image\" data-id=\"b40aa89\" data-element_type=\"widget\" data-e-type=\"widget\" data-widget_type=\"image.default\">\n\t\t\t\t<div class=\"elementor-widget-container\">\n\t\t\t\t\t\t\t\t\t\t\t\t\t\t\t<img decoding=\"async\" src=\"https:\/\/ecologforestry.com\/wp-content\/uploads\/2023\/12\/inkopare_sv2-1.jpg\" title=\"inkopare_sv2\" alt=\"inkopare_sv2\" loading=\"lazy\" \/>\t\t\t\t\t\t\t\t\t\t\t\t\t\t\t<\/div>\n\t\t\t\t<\/div>\n\t\t\t\t\t<\/div>\n\t\t<\/div>\n\t\t\t\t\t<\/div>\n\t\t<\/section>\n\t\t\t\t<section class=\"elementor-section elementor-top-section elementor-element elementor-element-402ff70 elementor-section-boxed elementor-section-height-default elementor-section-height-default\" data-id=\"402ff70\" data-element_type=\"section\" data-e-type=\"section\">\n\t\t\t\t\t\t<div class=\"elementor-container elementor-column-gap-default\">\n\t\t\t\t\t<div class=\"elementor-column elementor-col-100 elementor-top-column elementor-element elementor-element-b31a1a2\" data-id=\"b31a1a2\" data-element_type=\"column\" data-e-type=\"column\">\n\t\t\t<div class=\"elementor-widget-wrap elementor-element-populated\">\n\t\t\t\t\t\t<section class=\"elementor-section elementor-inner-section elementor-element elementor-element-234b476 elementor-section-boxed elementor-section-height-default elementor-section-height-default\" data-id=\"234b476\" data-element_type=\"section\" data-e-type=\"section\">\n\t\t\t\t\t\t<div class=\"elementor-container elementor-column-gap-default\">\n\t\t\t\t\t<div class=\"elementor-column elementor-col-100 elementor-inner-column elementor-element elementor-element-d847d7b\" data-id=\"d847d7b\" data-element_type=\"column\" data-e-type=\"column\">\n\t\t\t<div class=\"elementor-widget-wrap elementor-element-populated\">\n\t\t\t\t\t\t<div class=\"elementor-element elementor-element-6573da8 elementor-widget elementor-widget-image\" data-id=\"6573da8\" data-element_type=\"widget\" data-e-type=\"widget\" data-widget_type=\"image.default\">\n\t\t\t\t<div class=\"elementor-widget-container\">\n\t\t\t\t\t\t\t\t\t\t\t\t\t\t\t<img decoding=\"async\" width=\"38\" height=\"23\" src=\"https:\/\/ecologforestry.com\/wp-content\/uploads\/2023\/08\/ecolog-logo-small.png\" class=\"attachment-large size-large wp-image-111\" alt=\"\" \/>\t\t\t\t\t\t\t\t\t\t\t\t\t\t\t<\/div>\n\t\t\t\t<\/div>\n\t\t\t\t<div class=\"elementor-element elementor-element-666dcd3 elementor-widget elementor-widget-heading\" data-id=\"666dcd3\" data-element_type=\"widget\" data-e-type=\"widget\" data-widget_type=\"heading.default\">\n\t\t\t\t<div class=\"elementor-widget-container\">\n\t\t\t\t\t<h2 class=\"elementor-heading-title elementor-size-default\">Milj\u00f6 &amp; H\u00e5llbarhet<\/h2>\t\t\t\t<\/div>\n\t\t\t\t<\/div>\n\t\t\t\t<div class=\"elementor-element elementor-element-20b2e53 elementor-widget elementor-widget-text-editor\" data-id=\"20b2e53\" data-element_type=\"widget\" data-e-type=\"widget\" data-widget_type=\"text-editor.default\">\n\t\t\t\t<div class=\"elementor-widget-container\">\n\t\t\t\t\t\t\t\t\t<p>Eco Log konstruerar, tillverkar och s\u00e4ljer maskiner f\u00f6r modernt skogsbruk. V\u00e5ra sk\u00f6rdare och skotare ger m\u00f6jligheter till ett h\u00e5llbart nyttjande av en av v\u00e5ra viktigaste f\u00f6rnyelsebara resurser \u2013 skogen. F\u00f6r oss \u00e4r skogen en hj\u00e4rtesak, den \u00e4r basen f\u00f6r v\u00e5r verksamhet och en st\u00e4ndig k\u00e4lla till inspiration f\u00f6r v\u00e5ra medarbetare. Vi vill att v\u00e5ra produkter och tj\u00e4nster ska skapa f\u00f6ruts\u00e4ttningar f\u00f6r ett ekologiskt h\u00e5llbart samh\u00e4lle och driva utvecklingen p\u00e5 milj\u00f6omr\u00e5det fram\u00e5t.<\/p>\t\t\t\t\t\t\t\t<\/div>\n\t\t\t\t<\/div>\n\t\t\t\t\t<\/div>\n\t\t<\/div>\n\t\t\t\t\t<\/div>\n\t\t<\/section>\n\t\t\t\t<section class=\"elementor-section elementor-inner-section elementor-element elementor-element-43d000a elementor-section-boxed elementor-section-height-default elementor-section-height-default\" data-id=\"43d000a\" data-element_type=\"section\" data-e-type=\"section\">\n\t\t\t\t\t\t<div class=\"elementor-container elementor-column-gap-default\">\n\t\t\t\t\t<div class=\"elementor-column elementor-col-100 elementor-inner-column elementor-element elementor-element-dfa4d2f\" data-id=\"dfa4d2f\" data-element_type=\"column\" data-e-type=\"column\">\n\t\t\t<div class=\"elementor-widget-wrap elementor-element-populated\">\n\t\t\t\t\t\t<div class=\"elementor-element elementor-element-1c162f0 elementor-widget elementor-widget-image\" data-id=\"1c162f0\" data-element_type=\"widget\" data-e-type=\"widget\" data-widget_type=\"image.default\">\n\t\t\t\t<div class=\"elementor-widget-container\">\n\t\t\t\t\t\t\t\t\t\t\t\t\t\t\t<img decoding=\"async\" width=\"38\" height=\"23\" src=\"https:\/\/ecologforestry.com\/wp-content\/uploads\/2023\/08\/ecolog-logo-small.png\" class=\"attachment-large size-large wp-image-111\" alt=\"\" \/>\t\t\t\t\t\t\t\t\t\t\t\t\t\t\t<\/div>\n\t\t\t\t<\/div>\n\t\t\t\t<div class=\"elementor-element elementor-element-c61cf60 elementor-widget elementor-widget-heading\" data-id=\"c61cf60\" data-element_type=\"widget\" data-e-type=\"widget\" data-widget_type=\"heading.default\">\n\t\t\t\t<div class=\"elementor-widget-container\">\n\t\t\t\t\t<h2 class=\"elementor-heading-title elementor-size-default\">V\u00e5r historia<\/h2>\t\t\t\t<\/div>\n\t\t\t\t<\/div>\n\t\t\t\t<div class=\"elementor-element elementor-element-f0da7c5 elementor-widget elementor-widget-text-editor\" data-id=\"f0da7c5\" data-element_type=\"widget\" data-e-type=\"widget\" data-widget_type=\"text-editor.default\">\n\t\t\t\t<div class=\"elementor-widget-container\">\n\t\t\t\t\t\t\t\t\t<p>Eco Log st\u00e5tar med en l\u00e5ng historia. Sj\u00e4lva namnet har funnits sedan 2004, men fabriken \u00e4r betydligt \u00e4ldre \u00e4n s\u00e5. \u00c4nda sedan 1965 har S\u00f6derhamn varit tillverkningsort f\u00f6r skogsmaskiner, n\u00e4r d\u00e5varande Kockums startade sin produktion i lokalerna.<\/p><p>Ursprunget till dagens Eco Log-produkter \u00e4r Skogsjan och den s\u00e5 kallade \u201dSpindelmaskinen\u201d som lanserades 1986. Med sina hydrauldrivna hjulmotorer monterade p\u00e5 pendelarmar, revolutionerade Spindelmaskinen s\u00e4ttet att ta sig fram genom skogen.<\/p><p>Sedan dess har mycket h\u00e4nt och under perioder med Caterpillar och Log Max som \u00e4gare har skogsmaskinerna fortsatt att utvecklas.\u00a0<\/p><p>Sedan december 2022 \u00e4gs Eco Log Group av Lazarus Industrif\u00f6rvaltning. Mer information om dem \u00e5terfinns p\u00e5 deras hemsida: <a href=\"https:\/\/lazarus.se\/\" target=\"_blank\" rel=\"noopener\">https:\/\/lazarus.se\/<\/a><\/p>\t\t\t\t\t\t\t\t<\/div>\n\t\t\t\t<\/div>\n\t\t\t\t\t<\/div>\n\t\t<\/div>\n\t\t\t\t\t<\/div>\n\t\t<\/section>\n\t\t\t\t\t<\/div>\n\t\t<\/div>\n\t\t\t\t\t<\/div>\n\t\t<\/section>\n\t\t\t\t<\/div>\n\t\t","protected":false},"excerpt":{"rendered":"<p>Detta \u00e4r Eco Log Nyckeln till ett framg\u00e5ngsrikt skogsbruk. Eco Log &#8211; Forestry of Tomorrow Eco Log tillverkar och s\u00e4ljer effektiva skogsmaskiner f\u00f6r det h\u00e5llbara skogsbruket. Tack vare maskiner som med hj\u00e4lp av sina pendelarmar anpassas efter underlaget f\u00e5r du som f\u00f6rare full kontroll \u00f6ver arbetet oavsett terr\u00e4ng.&nbsp; Genom \u00f6verl\u00e4gsen markfrig\u00e5ng, drifts\u00e4kerhet, servicev\u00e4nlighet och en [&hellip;]<\/p>\n","protected":false},"author":1,"featured_media":0,"parent":0,"menu_order":220,"comment_status":"closed","ping_status":"closed","template":"","meta":{"_acf_changed":false,"footnotes":""},"class_list":["post-1560","page","type-page","status-publish","hentry"],"acf":[],"_links":{"self":[{"href":"https:\/\/ecologforestry.com\/sv\/wp-json\/wp\/v2\/pages\/1560","targetHints":{"allow":["GET"]}}],"collection":[{"href":"https:\/\/ecologforestry.com\/sv\/wp-json\/wp\/v2\/pages"}],"about":[{"href":"https:\/\/ecologforestry.com\/sv\/wp-json\/wp\/v2\/types\/page"}],"author":[{"embeddable":true,"href":"https:\/\/ecologforestry.com\/sv\/wp-json\/wp\/v2\/users\/1"}],"replies":[{"embeddable":true,"href":"https:\/\/ecologforestry.com\/sv\/wp-json\/wp\/v2\/comments?post=1560"}],"version-history":[{"count":84,"href":"https:\/\/ecologforestry.com\/sv\/wp-json\/wp\/v2\/pages\/1560\/revisions"}],"predecessor-version":[{"id":6684,"href":"https:\/\/ecologforestry.com\/sv\/wp-json\/wp\/v2\/pages\/1560\/revisions\/6684"}],"wp:attachment":[{"href":"https:\/\/ecologforestry.com\/sv\/wp-json\/wp\/v2\/media?parent=1560"}],"curies":[{"name":"wp","href":"https:\/\/api.w.org\/{rel}","templated":true}]}}