{"id":3,"date":"2023-08-23T11:21:23","date_gmt":"2023-08-23T09:21:23","guid":{"rendered":"http:\/\/ecologforestry.com\/?page_id=3"},"modified":"2025-12-03T16:24:19","modified_gmt":"2025-12-03T15:24:19","slug":"integritetspolicy","status":"publish","type":"page","link":"https:\/\/ecologforestry.com\/sv\/integritetspolicy\/","title":{"rendered":"Integritetspolicy"},"content":{"rendered":"\t\t<div data-elementor-type=\"wp-page\" data-elementor-id=\"3\" class=\"elementor elementor-3\" data-elementor-post-type=\"page\">\n\t\t\t\t\t\t<main class=\"elementor-section elementor-top-section elementor-element elementor-element-73cd122e container elementor-section-boxed elementor-section-height-default elementor-section-height-default\" data-id=\"73cd122e\" data-element_type=\"section\" data-e-type=\"section\">\n\t\t\t\t\t\t<div class=\"elementor-container elementor-column-gap-default\">\n\t\t\t\t\t<section class=\"elementor-column elementor-col-100 elementor-top-column elementor-element elementor-element-466f103c row benefitpage\" data-id=\"466f103c\" data-element_type=\"column\" data-e-type=\"column\" data-settings=\"{&quot;background_background&quot;:&quot;classic&quot;}\">\n\t\t\t<div class=\"elementor-widget-wrap elementor-element-populated\">\n\t\t\t\t\t\t<div class=\"elementor-element elementor-element-6a9f5cf1 elementor-widget elementor-widget-heading\" data-id=\"6a9f5cf1\" data-element_type=\"widget\" data-e-type=\"widget\" data-widget_type=\"heading.default\">\n\t\t\t\t<div class=\"elementor-widget-container\">\n\t\t\t\t\t<p class=\"elementor-heading-title elementor-size-default\">ECO LOG<\/p>\t\t\t\t<\/div>\n\t\t\t\t<\/div>\n\t\t\t\t<div class=\"elementor-element elementor-element-4aff71a1 elementor-widget elementor-widget-heading\" data-id=\"4aff71a1\" data-element_type=\"widget\" data-e-type=\"widget\" data-widget_type=\"heading.default\">\n\t\t\t\t<div class=\"elementor-widget-container\">\n\t\t\t\t\t<h2 class=\"elementor-heading-title elementor-size-default\">Integritetspolicy<\/h2>\t\t\t\t<\/div>\n\t\t\t\t<\/div>\n\t\t\t\t<div class=\"elementor-element elementor-element-419c1364 elementor-widget elementor-widget-image\" data-id=\"419c1364\" data-element_type=\"widget\" data-e-type=\"widget\" data-widget_type=\"image.default\">\n\t\t\t\t<div class=\"elementor-widget-container\">\n\t\t\t\t\t\t\t\t\t\t\t\t\t\t\t<img decoding=\"async\" width=\"38\" height=\"23\" src=\"https:\/\/ecologforestry.com\/wp-content\/uploads\/2023\/08\/ecolog-logo-small.png\" class=\"attachment-large size-large wp-image-111\" alt=\"\" \/>\t\t\t\t\t\t\t\t\t\t\t\t\t\t\t<\/div>\n\t\t\t\t<\/div>\n\t\t\t\t<div class=\"elementor-element elementor-element-62800b76 elementor-widget elementor-widget-text-editor\" data-id=\"62800b76\" data-element_type=\"widget\" data-e-type=\"widget\" data-widget_type=\"text-editor.default\">\n\t\t\t\t<div class=\"elementor-widget-container\">\n\t\t\t\t\t\t\t\t\t<p data-start=\"234\" data-end=\"271\"><strong>G\u00e4ller fr\u00e5n: 2025-12-03<\/strong><\/p><h2 data-start=\"298\" data-end=\"344\"><strong data-start=\"301\" data-end=\"344\">Introduktion &amp; Organisationsinformation<\/strong><\/h2><p data-start=\"345\" data-end=\"700\">Vi p\u00e5 <strong data-start=\"351\" data-end=\"372\">Eco Log Sweden AB<\/strong> \u00e4r dedikerade till att ge v\u00e5ra kunder och kontakter b\u00e4sta m\u00f6jliga service. Som en del av detta \u00e5tagande ing\u00e5r ett ansvarsfullt hanterande av personlig information som samlas in via v\u00e5r webbplats <strong data-start=\"568\" data-end=\"590\">ecologforestry.com<\/strong> och genom andra relaterade interaktioner. V\u00e5ra huvudsakliga syften med att behandla denna information \u00e4r att:<\/p><ul data-start=\"702\" data-end=\"1005\"><li data-start=\"702\" data-end=\"788\"><p data-start=\"704\" data-end=\"788\">F\u00f6rb\u00e4ttra anv\u00e4ndarupplevelsen genom att f\u00f6rst\u00e5 v\u00e5ra kunders behov och preferenser.<\/p><\/li><li data-start=\"789\" data-end=\"857\"><p data-start=\"791\" data-end=\"857\">Ge snabb support och svara p\u00e5 fr\u00e5gor eller servicef\u00f6rfr\u00e5gningar.<\/p><\/li><li data-start=\"858\" data-end=\"930\"><p data-start=\"860\" data-end=\"930\">Utveckla v\u00e5ra produkter och tj\u00e4nster f\u00f6r att m\u00f6ta anv\u00e4ndarnas behov.<\/p><\/li><li data-start=\"931\" data-end=\"1005\"><p data-start=\"933\" data-end=\"1005\">Utf\u00f6ra n\u00f6dv\u00e4ndiga aff\u00e4rsprocesser, s\u00e5som fakturering och kontohantering.<\/p><\/li><\/ul><p data-start=\"1007\" data-end=\"1408\">Det \u00e4r v\u00e5r policy att behandla personuppgifter med st\u00f6rsta respekt f\u00f6r integritet och s\u00e4kerhet. Vi f\u00f6ljer alla relevanta lagar och riktlinjer f\u00f6r att s\u00e4kerst\u00e4lla skydd mot obeh\u00f6rig \u00e5tkomst, utl\u00e4mning, \u00e4ndring och f\u00f6rst\u00f6ring. V\u00e5ra rutiner \u00e4r utformade f\u00f6r att skydda konfidentialitet och integritet i din personliga information och samtidigt l\u00e5ta oss tillhandah\u00e5lla de tj\u00e4nster du f\u00f6rv\u00e4ntar dig av oss.<\/p><p data-start=\"1410\" data-end=\"1688\">Vi har ingen utsedd dataskyddsombud (DPO), men vi \u00e4r fullt engagerade i att ta hand om dina integritetsfr\u00e5gor. Har du fr\u00e5gor eller beh\u00f6ver mer information om hur vi hanterar personuppgifter \u00e4r du v\u00e4lkommen att kontakta oss p\u00e5 <strong data-start=\"1636\" data-end=\"1663\"><a class=\"decorated-link cursor-pointer\" rel=\"noopener\" data-start=\"1638\" data-end=\"1661\">gdpr@ecologforestry.com<\/a><\/strong> eller <strong data-start=\"1670\" data-end=\"1687\">+46 270429500<\/strong>.<\/p><p data-start=\"1690\" data-end=\"2013\">Din integritet \u00e4r v\u00e5r prioritet. Vi behandlar din personliga information transparent och med din s\u00e4kerhet i fokus. Detta g\u00e4ller \u00e4ven n\u00e4r vi samarbetar med tredjepartsleverant\u00f6rer som behandlar personuppgifter \u00e5 v\u00e5ra v\u00e4gnar, till exempel vid utskick av fakturor. All behandling sker i enlighet med g\u00e4llande integritetslagar.<\/p><h2 data-start=\"2020\" data-end=\"2045\"><strong>Till\u00e4mpningsomr\u00e5de<\/strong><\/h2><p data-start=\"2046\" data-end=\"2430\">V\u00e5r integritetspolicy skyddar personuppgifterna f\u00f6r alla v\u00e5ra intressenter \u2013 webbplatsbes\u00f6kare, registrerade anv\u00e4ndare och kunder. Oavsett om du bara bes\u00f6ker <strong data-start=\"2204\" data-end=\"2226\">ecologforestry.com<\/strong>, anv\u00e4nder v\u00e5ra tj\u00e4nster eller interagerar med oss som kund, behandlar vi din personliga information med h\u00f6gsta m\u00f6jliga s\u00e4kerhets- och integritetsniv\u00e5. Policyn beskriver v\u00e5ra rutiner och dina r\u00e4ttigheter.<\/p><hr data-start=\"2432\" data-end=\"2435\" \/><h2 data-start=\"2437\" data-end=\"2487\"><strong data-start=\"2440\" data-end=\"2487\">Insamling och behandling av personuppgifter<\/strong><\/h2><p data-start=\"2488\" data-end=\"2677\">Vi \u00e4r transparenta kring hur vi samlar in och anv\u00e4nder din personliga information. Vi samlar in personuppgifter p\u00e5 flera s\u00e4tt, bland annat n\u00e4r du anv\u00e4nder v\u00e5ra tj\u00e4nster eller produkter som:<\/p><ul data-start=\"2679\" data-end=\"2995\"><li data-start=\"2679\" data-end=\"2771\"><p data-start=\"2681\" data-end=\"2771\">Eco Log utvecklar, tillverkar och tillhandah\u00e5ller skogsmaskiner och relaterade tj\u00e4nster.<\/p><\/li><li data-start=\"2772\" data-end=\"2866\"><p data-start=\"2774\" data-end=\"2866\">V\u00e5ra huvudprodukter \u00e4r sk\u00f6rdare och skotare utformade f\u00f6r h\u00e5llbar och effektiv avverkning.<\/p><\/li><li data-start=\"2867\" data-end=\"2995\"><p data-start=\"2869\" data-end=\"2995\">Vi erbjuder \u00e4ven aggregat, reservdelar, digitala l\u00f6sningar samt eftermarknadsst\u00f6d och service via v\u00e5rt \u00e5terf\u00f6rs\u00e4ljarn\u00e4tverk.<\/p><\/li><\/ul><p data-start=\"2997\" data-end=\"3061\">Vi kan ocks\u00e5 samla in information som du direkt l\u00e4mnar till oss.<\/p><p data-start=\"3063\" data-end=\"3110\"><strong data-start=\"3063\" data-end=\"3110\">Exempel p\u00e5 personuppgifter vi kan behandla:<\/strong><\/p><ul data-start=\"3112\" data-end=\"3230\"><li data-start=\"3112\" data-end=\"3125\"><p data-start=\"3114\" data-end=\"3125\">Device ID<\/p><\/li><li data-start=\"3126\" data-end=\"3139\"><p data-start=\"3128\" data-end=\"3139\">IP-adress<\/p><\/li><li data-start=\"3140\" data-end=\"3179\"><p data-start=\"3142\" data-end=\"3179\">Information om webbl\u00e4sare och spr\u00e5k<\/p><\/li><li data-start=\"3180\" data-end=\"3211\"><p data-start=\"3182\" data-end=\"3211\">IP-baserad ungef\u00e4rlig plats<\/p><\/li><li data-start=\"3212\" data-end=\"3230\"><p data-start=\"3214\" data-end=\"3230\">Bes\u00f6kshistorik<\/p><\/li><\/ul><p data-start=\"3232\" data-end=\"3380\">Vi behandlar endast den information som \u00e4r n\u00f6dv\u00e4ndig f\u00f6r att leverera v\u00e5ra tj\u00e4nster, uppfylla r\u00e4ttsliga krav eller f\u00f6rb\u00e4ttra din anv\u00e4ndarupplevelse.<\/p><h3 data-start=\"3382\" data-end=\"3423\"><strong data-start=\"3386\" data-end=\"3423\">Hur vi anv\u00e4nder personuppgifterna<\/strong><\/h3><p data-start=\"3424\" data-end=\"3483\">Vi anv\u00e4nder din information f\u00f6r flera \u00e4ndam\u00e5l, bland annat:<\/p><ul data-start=\"3485\" data-end=\"3769\"><li data-start=\"3485\" data-end=\"3516\"><p data-start=\"3487\" data-end=\"3516\">Analys och prestandam\u00e4tning<\/p><\/li><li data-start=\"3517\" data-end=\"3551\"><p data-start=\"3519\" data-end=\"3551\">Marknadsf\u00f6ring och annonsering<\/p><\/li><li data-start=\"3552\" data-end=\"3569\"><p data-start=\"3554\" data-end=\"3569\">Tagghantering<\/p><\/li><li data-start=\"3570\" data-end=\"3591\"><p data-start=\"3572\" data-end=\"3591\">Visning av videor<\/p><\/li><li data-start=\"3592\" data-end=\"3618\"><p data-start=\"3594\" data-end=\"3618\">Kommunikationsinsatser<\/p><\/li><li data-start=\"3619\" data-end=\"3640\"><p data-start=\"3621\" data-end=\"3640\">Inneh\u00e5llsleverans<\/p><\/li><li data-start=\"3641\" data-end=\"3678\"><p data-start=\"3643\" data-end=\"3678\">Anpassning av anv\u00e4ndarupplevelsen<\/p><\/li><li data-start=\"3679\" data-end=\"3709\"><p data-start=\"3681\" data-end=\"3709\">Autentisering och s\u00e4kerhet<\/p><\/li><li data-start=\"3710\" data-end=\"3753\"><p data-start=\"3712\" data-end=\"3753\">Bedr\u00e4gerif\u00f6rebyggande och riskhantering<\/p><\/li><li data-start=\"3754\" data-end=\"3769\"><p data-start=\"3756\" data-end=\"3769\">Kundsupport<\/p><\/li><\/ul><p data-start=\"3771\" data-end=\"3855\">Vi behandlar dina uppgifter transparent och endast f\u00f6r de syften de samlades in f\u00f6r.<\/p><h2 data-start=\"3862\" data-end=\"3894\"><strong data-start=\"3865\" data-end=\"3894\">Lagring och skydd av data<\/strong><\/h2><h3 data-start=\"3896\" data-end=\"3915\"><strong data-start=\"3900\" data-end=\"3915\">Datalagring<\/strong><\/h3><p data-start=\"3916\" data-end=\"4062\">Personuppgifter lagras p\u00e5 s\u00e4kra servrar inom <strong data-start=\"3961\" data-end=\"3967\">EU<\/strong>. Vid internationella data\u00f6verf\u00f6ringar s\u00e4kerst\u00e4ller vi att samma skyddsniv\u00e5 g\u00e4ller som inom EU.<\/p><h3 data-start=\"4064\" data-end=\"4087\"><strong data-start=\"4068\" data-end=\"4087\">V\u00e5ra datav\u00e4rdar<\/strong><\/h3><p data-start=\"4088\" data-end=\"4206\">Vi samarbetar med seri\u00f6sa leverant\u00f6rer som anv\u00e4nder avancerade s\u00e4kerhets\u00e5tg\u00e4rder och uppfyller strikta dataskyddskrav.<\/p><h2 data-start=\"4208\" data-end=\"4233\"><strong data-start=\"4212\" data-end=\"4233\">S\u00e4kerhets\u00e5tg\u00e4rder<\/strong><\/h2><ul data-start=\"4234\" data-end=\"4445\"><li data-start=\"4234\" data-end=\"4287\"><p data-start=\"4236\" data-end=\"4287\"><strong data-start=\"4236\" data-end=\"4250\">Kryptering<\/strong> av data vid \u00f6verf\u00f6ring och lagring<\/p><\/li><li data-start=\"4288\" data-end=\"4360\"><p data-start=\"4290\" data-end=\"4360\"><strong data-start=\"4290\" data-end=\"4309\">\u00c5tkomstkontroll<\/strong> \u2013 endast beh\u00f6rig personal f\u00e5r tillg\u00e5ng till data<\/p><\/li><li data-start=\"4361\" data-end=\"4445\"><p data-start=\"4363\" data-end=\"4445\"><strong data-start=\"4363\" data-end=\"4402\">S\u00e4kerhetsrevisioner och \u00f6vervakning<\/strong> f\u00f6r att uppt\u00e4cka och \u00e5tg\u00e4rda s\u00e5rbarheter<\/p><\/li><\/ul><h2 data-start=\"4447\" data-end=\"4482\"><strong data-start=\"4451\" data-end=\"4482\">Personuppgiftsbitr\u00e4desavtal<\/strong><\/h2><p data-start=\"4483\" data-end=\"4628\">Vid delning av data med tredjepartsleverant\u00f6rer anv\u00e4nds alltid avtal som s\u00e4kerst\u00e4ller att de f\u00f6ljer GDPR och vidtar n\u00f6dv\u00e4ndiga s\u00e4kerhets\u00e5tg\u00e4rder.<\/p><h2 data-start=\"4635\" data-end=\"4666\"><strong data-start=\"4638\" data-end=\"4666\">Transparens och kontroll<\/strong><\/h2><p data-start=\"4667\" data-end=\"4888\">Du informeras om st\u00f6rre f\u00f6r\u00e4ndringar i hur vi delar data och f\u00e5r, d\u00e4r det \u00e4r relevant, m\u00f6jlighet att l\u00e4mna samtycke.<br data-start=\"4783\" data-end=\"4786\" \/>Har du fr\u00e5gor \u00e4r du v\u00e4lkommen att kontakta oss p\u00e5 <strong data-start=\"4836\" data-end=\"4863\"><a class=\"decorated-link cursor-pointer\" rel=\"noopener\" data-start=\"4838\" data-end=\"4861\">gdpr@ecologforestry.com<\/a><\/strong> eller <strong data-start=\"4870\" data-end=\"4887\">+46 270429500<\/strong>.<\/p><hr data-start=\"4890\" data-end=\"4893\" \/><h2 data-start=\"4895\" data-end=\"4918\"><strong data-start=\"4898\" data-end=\"4918\">Dina r\u00e4ttigheter<\/strong><\/h2><p data-start=\"4919\" data-end=\"4967\">I enlighet med GDPR har du f\u00f6ljande r\u00e4ttigheter:<\/p><ul data-start=\"4969\" data-end=\"5304\"><li data-start=\"4969\" data-end=\"4995\"><p data-start=\"4971\" data-end=\"4995\"><strong data-start=\"4971\" data-end=\"4993\">R\u00e4tt till tillg\u00e5ng<\/strong><\/p><\/li><li data-start=\"4996\" data-end=\"5022\"><p data-start=\"4998\" data-end=\"5022\"><strong data-start=\"4998\" data-end=\"5020\">R\u00e4tt till r\u00e4ttelse<\/strong><\/p><\/li><li data-start=\"5023\" data-end=\"5078\"><p data-start=\"5025\" data-end=\"5078\"><strong data-start=\"5025\" data-end=\"5076\">R\u00e4tt till radering (\u201cr\u00e4tten att bli bortgl\u00f6md\u201d)<\/strong><\/p><\/li><li data-start=\"5079\" data-end=\"5122\"><p data-start=\"5081\" data-end=\"5122\"><strong data-start=\"5081\" data-end=\"5120\">R\u00e4tt till begr\u00e4nsning av behandling<\/strong><\/p><\/li><li data-start=\"5123\" data-end=\"5157\"><p data-start=\"5125\" data-end=\"5157\"><strong data-start=\"5125\" data-end=\"5155\">R\u00e4tt till dataportabilitet<\/strong><\/p><\/li><li data-start=\"5158\" data-end=\"5218\"><p data-start=\"5160\" data-end=\"5218\"><strong data-start=\"5160\" data-end=\"5180\">R\u00e4tt att inv\u00e4nda<\/strong>, inklusive mot direktmarknadsf\u00f6ring<\/p><\/li><li data-start=\"5219\" data-end=\"5254\"><p data-start=\"5221\" data-end=\"5254\"><strong data-start=\"5221\" data-end=\"5252\">R\u00e4tt att \u00e5terkalla samtycke<\/strong><\/p><\/li><li data-start=\"5255\" data-end=\"5304\"><p data-start=\"5257\" data-end=\"5304\"><strong data-start=\"5257\" data-end=\"5287\">R\u00e4tt att l\u00e4mna in klagom\u00e5l<\/strong> till myndighet<\/p><\/li><\/ul><p data-start=\"5306\" data-end=\"5477\">F\u00f6r att ut\u00f6va dina r\u00e4ttigheter, kontakta oss p\u00e5 <strong data-start=\"5354\" data-end=\"5381\"><a class=\"decorated-link cursor-pointer\" rel=\"noopener\" data-start=\"5356\" data-end=\"5379\">gdpr@ecologforestry.com<\/a><\/strong> eller <strong data-start=\"5388\" data-end=\"5405\">+46 270429500<\/strong>.<br data-start=\"5406\" data-end=\"5409\" \/>Vi kan beh\u00f6va verifiera din identitet innan vi hanterar din beg\u00e4ran.<\/p><hr data-start=\"5479\" data-end=\"5482\" \/><h2 data-start=\"5484\" data-end=\"5520\"><strong data-start=\"5487\" data-end=\"5520\">Cookies och sp\u00e5rningstekniker<\/strong><\/h2><p data-start=\"5521\" data-end=\"5597\">Vi anv\u00e4nder cookies och liknande tekniker p\u00e5 <strong data-start=\"5566\" data-end=\"5588\">ecologforestry.com<\/strong> f\u00f6r att:<\/p><ul data-start=\"5599\" data-end=\"5765\"><li data-start=\"5599\" data-end=\"5642\"><p data-start=\"5601\" data-end=\"5642\">S\u00e4kerst\u00e4lla webbplatsens funktionalitet<\/p><\/li><li data-start=\"5643\" data-end=\"5684\"><p data-start=\"5645\" data-end=\"5684\">M\u00e4ta prestanda och f\u00f6rb\u00e4ttra tj\u00e4nster<\/p><\/li><li data-start=\"5685\" data-end=\"5722\"><p data-start=\"5687\" data-end=\"5722\">Anpassa funktioner och upplevelse<\/p><\/li><li data-start=\"5723\" data-end=\"5765\"><p data-start=\"5725\" data-end=\"5765\">Tillhandah\u00e5lla relevant marknadsf\u00f6ring<\/p><\/li><\/ul><p data-start=\"5767\" data-end=\"5819\">Vid f\u00f6rsta bes\u00f6ket visas en cookiebanner d\u00e4r du kan:<\/p><ul data-start=\"5821\" data-end=\"5903\"><li data-start=\"5821\" data-end=\"5839\"><p data-start=\"5823\" data-end=\"5839\">Acceptera alla<\/p><\/li><li data-start=\"5840\" data-end=\"5874\"><p data-start=\"5842\" data-end=\"5874\">Avvisa icke-n\u00f6dv\u00e4ndiga cookies<\/p><\/li><li data-start=\"5875\" data-end=\"5903\"><p data-start=\"5877\" data-end=\"5903\">Anpassa dina preferenser<\/p><\/li><\/ul><p data-start=\"5905\" data-end=\"6014\">Full cookieinformation finns i v\u00e5r detaljerade Cookie Policy:<br data-start=\"5966\" data-end=\"5969\" \/><a class=\"decorated-link\" href=\"https:\/\/ecologforestry.com\/en\/privacy-policy\/\" target=\"_new\" rel=\"noopener\" data-start=\"5969\" data-end=\"6014\">https:\/\/ecologforestry.com\/en\/cookie-policy\/<\/a><\/p><hr data-start=\"6016\" data-end=\"6019\" \/><h2 data-start=\"6021\" data-end=\"6049\"><strong data-start=\"6024\" data-end=\"6049\">Rutin f\u00f6r dataintr\u00e5ng<\/strong><\/h2><p data-start=\"6050\" data-end=\"6106\">Vid ett dataintr\u00e5ng f\u00f6ljer vi tydliga interna processer:<\/p><ul data-start=\"6108\" data-end=\"6373\"><li data-start=\"6108\" data-end=\"6152\"><p data-start=\"6110\" data-end=\"6152\"><strong data-start=\"6110\" data-end=\"6136\">Uppt\u00e4ckt och bed\u00f6mning<\/strong> av incidenten<\/p><\/li><li data-start=\"6153\" data-end=\"6201\"><p data-start=\"6155\" data-end=\"6201\"><strong data-start=\"6155\" data-end=\"6186\">Meddelande till myndigheter<\/strong> om det kr\u00e4vs<\/p><\/li><li data-start=\"6202\" data-end=\"6273\"><p data-start=\"6204\" data-end=\"6273\"><strong data-start=\"6204\" data-end=\"6241\">Meddelande till ber\u00f6rda individer<\/strong> om deras r\u00e4ttigheter riskeras<\/p><\/li><li data-start=\"6274\" data-end=\"6322\"><p data-start=\"6276\" data-end=\"6322\"><strong data-start=\"6276\" data-end=\"6320\">Kommunikation via e-post eller webbplats<\/strong><\/p><\/li><li data-start=\"6323\" data-end=\"6373\"><p data-start=\"6325\" data-end=\"6373\"><strong data-start=\"6325\" data-end=\"6349\">St\u00f6d och information<\/strong> till ber\u00f6rda personer<\/p><\/li><\/ul><p data-start=\"6375\" data-end=\"6482\">Kontakta oss om du misst\u00e4nker att ett intr\u00e5ng skett:<br data-start=\"6427\" data-end=\"6430\" \/><strong data-start=\"6430\" data-end=\"6457\"><a class=\"decorated-link cursor-pointer\" rel=\"noopener\" data-start=\"6432\" data-end=\"6455\">gdpr@ecologforestry.com<\/a><\/strong> eller <strong data-start=\"6464\" data-end=\"6481\">+46 270429500<\/strong>.<\/p>\t\t\t\t\t\t\t\t<\/div>\n\t\t\t\t<\/div>\n\t\t\t\t\t<\/div>\n\t\t<\/section>\n\t\t\t\t\t<\/div>\n\t\t<\/main>\n\t\t\t\t<\/div>\n\t\t","protected":false},"excerpt":{"rendered":"<p>ECO LOG Integritetspolicy G\u00e4ller fr\u00e5n: 2025-12-03 Introduktion &amp; Organisationsinformation Vi p\u00e5 Eco Log Sweden AB \u00e4r dedikerade till att ge v\u00e5ra kunder och kontakter b\u00e4sta m\u00f6jliga service. Som en del av detta \u00e5tagande ing\u00e5r ett ansvarsfullt hanterande av personlig information som samlas in via v\u00e5r webbplats ecologforestry.com och genom andra relaterade interaktioner. V\u00e5ra huvudsakliga syften [&hellip;]<\/p>\n","protected":false},"author":1,"featured_media":0,"parent":0,"menu_order":1000,"comment_status":"closed","ping_status":"open","template":"","meta":{"_acf_changed":false,"footnotes":""},"class_list":["post-3","page","type-page","status-publish","hentry"],"acf":[],"_links":{"self":[{"href":"https:\/\/ecologforestry.com\/sv\/wp-json\/wp\/v2\/pages\/3","targetHints":{"allow":["GET"]}}],"collection":[{"href":"https:\/\/ecologforestry.com\/sv\/wp-json\/wp\/v2\/pages"}],"about":[{"href":"https:\/\/ecologforestry.com\/sv\/wp-json\/wp\/v2\/types\/page"}],"author":[{"embeddable":true,"href":"https:\/\/ecologforestry.com\/sv\/wp-json\/wp\/v2\/users\/1"}],"replies":[{"embeddable":true,"href":"https:\/\/ecologforestry.com\/sv\/wp-json\/wp\/v2\/comments?post=3"}],"version-history":[{"count":26,"href":"https:\/\/ecologforestry.com\/sv\/wp-json\/wp\/v2\/pages\/3\/revisions"}],"predecessor-version":[{"id":8681,"href":"https:\/\/ecologforestry.com\/sv\/wp-json\/wp\/v2\/pages\/3\/revisions\/8681"}],"wp:attachment":[{"href":"https:\/\/ecologforestry.com\/sv\/wp-json\/wp\/v2\/media?parent=3"}],"curies":[{"name":"wp","href":"https:\/\/api.w.org\/{rel}","templated":true}]}}