{"id":3239,"date":"2023-10-23T07:12:59","date_gmt":"2023-10-23T05:12:59","guid":{"rendered":"https:\/\/ecologforestry.com\/?page_id=3239"},"modified":"2023-10-23T13:49:53","modified_gmt":"2023-10-23T11:49:53","slug":"loensamhet","status":"publish","type":"page","link":"https:\/\/ecologforestry.com\/sv\/om-ecolog\/kundnytta\/loensamhet\/","title":{"rendered":"L\u00f6nsamhet"},"content":{"rendered":"\t\t<div data-elementor-type=\"wp-page\" data-elementor-id=\"3239\" class=\"elementor elementor-3239\" data-elementor-post-type=\"page\">\n\t\t\t\t\t\t<section class=\"elementor-section elementor-top-section elementor-element elementor-element-38c6c487 elementor-section-boxed elementor-section-height-default elementor-section-height-default\" data-id=\"38c6c487\" data-element_type=\"section\" data-e-type=\"section\">\n\t\t\t\t\t\t<div class=\"elementor-container elementor-column-gap-default\">\n\t\t\t\t\t<div class=\"elementor-column elementor-col-100 elementor-top-column elementor-element elementor-element-793a990f\" data-id=\"793a990f\" data-element_type=\"column\" data-e-type=\"column\">\n\t\t\t<div class=\"elementor-widget-wrap elementor-element-populated\">\n\t\t\t\t\t\t<div class=\"elementor-element elementor-element-5365abf elementor-widget elementor-widget-image\" data-id=\"5365abf\" data-element_type=\"widget\" data-e-type=\"widget\" data-widget_type=\"image.default\">\n\t\t\t\t<div class=\"elementor-widget-container\">\n\t\t\t\t\t\t\t\t\t\t\t\t\t\t\t<img fetchpriority=\"high\" decoding=\"async\" width=\"800\" height=\"425\" src=\"https:\/\/ecologforestry.com\/wp-content\/uploads\/2023\/10\/lonsamtskogsbruk_hemsida.jpg\" class=\"attachment-large size-large wp-image-1226\" alt=\"\" srcset=\"https:\/\/ecologforestry.com\/wp-content\/uploads\/2023\/10\/lonsamtskogsbruk_hemsida.jpg 1000w, https:\/\/ecologforestry.com\/wp-content\/uploads\/2023\/10\/lonsamtskogsbruk_hemsida-300x159.jpg 300w, https:\/\/ecologforestry.com\/wp-content\/uploads\/2023\/10\/lonsamtskogsbruk_hemsida-768x408.jpg 768w\" sizes=\"(max-width: 800px) 100vw, 800px\" \/>\t\t\t\t\t\t\t\t\t\t\t\t\t\t\t<\/div>\n\t\t\t\t<\/div>\n\t\t\t\t\t<\/div>\n\t\t<\/div>\n\t\t\t\t\t<\/div>\n\t\t<\/section>\n\t\t\t\t<section class=\"elementor-section elementor-top-section elementor-element elementor-element-4647be43 kundnytta elementor-section-boxed elementor-section-height-default elementor-section-height-default\" data-id=\"4647be43\" data-element_type=\"section\" data-e-type=\"section\" data-settings=\"{&quot;background_background&quot;:&quot;classic&quot;}\">\n\t\t\t\t\t\t<div class=\"elementor-container elementor-column-gap-default\">\n\t\t\t\t\t<div class=\"elementor-column elementor-col-100 elementor-top-column elementor-element elementor-element-4772cc1a\" data-id=\"4772cc1a\" data-element_type=\"column\" data-e-type=\"column\">\n\t\t\t<div class=\"elementor-widget-wrap elementor-element-populated\">\n\t\t\t\t\t\t<section class=\"elementor-section elementor-inner-section elementor-element elementor-element-314d75a elementor-section-boxed elementor-section-height-default elementor-section-height-default\" data-id=\"314d75a\" data-element_type=\"section\" data-e-type=\"section\">\n\t\t\t\t\t\t<div class=\"elementor-container elementor-column-gap-default\">\n\t\t\t\t\t<div class=\"elementor-column elementor-col-100 elementor-inner-column elementor-element elementor-element-70033a6\" data-id=\"70033a6\" data-element_type=\"column\" data-e-type=\"column\">\n\t\t\t<div class=\"elementor-widget-wrap elementor-element-populated\">\n\t\t\t\t\t\t<div class=\"elementor-element elementor-element-ee0adb5 elementor-widget elementor-widget-heading\" data-id=\"ee0adb5\" data-element_type=\"widget\" data-e-type=\"widget\" data-widget_type=\"heading.default\">\n\t\t\t\t<div class=\"elementor-widget-container\">\n\t\t\t\t\t<h1 class=\"elementor-heading-title elementor-size-default\">L\u00f6nsamhet<\/h1>\t\t\t\t<\/div>\n\t\t\t\t<\/div>\n\t\t\t\t<div class=\"elementor-element elementor-element-b5be1a5 elementor-widget elementor-widget-text-editor\" data-id=\"b5be1a5\" data-element_type=\"widget\" data-e-type=\"widget\" data-widget_type=\"text-editor.default\">\n\t\t\t\t<div class=\"elementor-widget-container\">\n\t\t\t\t\t\t\t\t\t<p>\u00d6ka din l\u00f6nsamhet med Eco Log<\/p>\t\t\t\t\t\t\t\t<\/div>\n\t\t\t\t<\/div>\n\t\t\t\t\t<\/div>\n\t\t<\/div>\n\t\t\t\t\t<\/div>\n\t\t<\/section>\n\t\t\t\t<div class=\"elementor-element elementor-element-6618907 elementor-widget elementor-widget-text-editor\" data-id=\"6618907\" data-element_type=\"widget\" data-e-type=\"widget\" data-widget_type=\"text-editor.default\">\n\t\t\t\t<div class=\"elementor-widget-container\">\n\t\t\t\t\t\t\t\t\t<div class=\"text-left\"><p>Att k\u00f6pa in en ny maskin \u00e4r en rolig uppgift och en viktig investering f\u00f6r ditt f\u00f6retag. Det \u00e4r mycket att ta h\u00e4nsyn till och m\u00e5nga faktorer som spelar in p\u00e5 den totala l\u00f6nsamheten under \u00e4gandet av maskinen. En maskin som vid f\u00f6rsta anblick har ett l\u00e4gre pris riskerar att bli en mindre l\u00f6nsam investering f\u00f6r f\u00f6retaget i slut\u00e4ndan.<\/p><p>H\u00e4r har vi listat\u00a0fyra\u00a0faktorer som har stor inverkan p\u00e5 din l\u00f6nsamhet oavsett vilken maskin du k\u00f6r och d\u00e4r vi vet att du som kund har f\u00f6ruts\u00e4ttningar att bedriva ett l\u00f6nsammare och mer ekonomiskt f\u00f6rdelaktigt arbete med hj\u00e4lp av Eco Logs maskiner.<\/p><p><span class=\"h2green\">4 faktorer som p\u00e5verkar din l\u00f6nsamhet<\/span><\/p><table border=\"0\" width=\"100%\"><tbody><tr><th colspan=\"8\"><p><span class=\"h3 h2\">Serviceintervall<\/span><\/p><\/th><\/tr><tr><td width=\"50%\">Eco Logs sk\u00f6rdare och skotare i F-serien \u00e4r utrustade med drifts\u00e4kra motorer fr\u00e5n Volvo Penta, med ett serviceintervall p\u00e5 1000h. I rena servicekostnader inneb\u00e4r det avsev\u00e4rda besparingar per \u00e5r j\u00e4mf\u00f6rt med en maskin med ett serviceintervall p\u00e5 500h.<\/td><td><p>Besparing p\u00e5 cirka<\/p><p><span class=\"h2green\">33 000 sek\/\u00e5r*<\/span><\/p><\/td><\/tr><\/tbody><\/table><p>\u00a0<\/p><table border=\"0\" width=\"100%\"><tbody><tr><th colspan=\"8\"><p><span class=\"h3 h2\">Teknisk utnyttjandegrad (TU)<\/span><\/p><\/th><\/tr><tr><td width=\"50%\">Eco Logs skogsmaskiner utm\u00e4rker sig genom sin exceptionella drifts\u00e4kerhet och sina korta servicetider. Det medf\u00f6r en mycket h\u00f6g teknisk utnyttjandegrad, vilket har stor inverkan p\u00e5 den totala l\u00f6nsamheten f\u00f6r maskinen. Enbart det l\u00e5nga serviceintervallet resulterar i 2% \u00f6kad teknisk utnyttjandegrad per \u00e5r j\u00e4mf\u00f6rt med en maskin med serviceintervall om 500h, en \u00f6kning som har stor effekt i rena int\u00e4kter.<\/td><td><p>\u00d6kad vinst\u00a0upp till<\/p><p><span class=\"h2green\">100 000 sek\/\u00e5r**<\/span><\/p><\/td><\/tr><\/tbody><\/table><p>\u00a0<\/p><table border=\"0\" width=\"100%\"><tbody><tr><th colspan=\"8\"><p><span class=\"h3 h2\">Produktivitet<\/span><\/p><\/th><\/tr><tr><td width=\"50%\">Att h\u00e5lla en h\u00f6g produktivitet \u00e4r avg\u00f6rande f\u00f6r l\u00f6nsamheten hos en skogsentrepren\u00f6r, d\u00e4r \u00e4ven en liten produktions\u00f6kning f\u00e5r stor inverkan p\u00e5 resultatet. M\u00e5nga av v\u00e5ra kunder vittnar om en avsev\u00e4rd produktions\u00f6kning med hj\u00e4lp av v\u00e5ra maskiner, i vissa fall s\u00e5 mycket som 20%, bland annat tack vare h\u00f6g drifts\u00e4kerhet, framkomlighet och en mycket stark sk\u00f6rdarkran. I exemplet visas hur stor effekt en produktions\u00f6kning p\u00e5 5% f\u00e5r p\u00e5 resultatet. 5% motsvarar f\u00f6r 560F 0,6 m3\/h i gallring och f\u00f6r 590F 1 m3\/h i slutavverkning.<\/td><td><p>5 % \u00f6kad produktion ger en \u00f6kad vinst med cirka<\/p><p><span class=\"h2green\">250 000 sek\/\u00e5r*<\/span><\/p><\/td><\/tr><\/tbody><\/table><p>\u00a0<\/p><table border=\"0\" width=\"100%\"><tbody><tr><th colspan=\"8\"><p><span class=\"h3 h2\">Br\u00e4nslef\u00f6rbrukning<\/span><\/p><\/th><\/tr><tr><td width=\"50%\">\u00c4ven br\u00e4nslef\u00f6rbrukningen \u00e4r en faktor som har stor inverkan p\u00e5 l\u00f6nsamheten, d\u00e4r drivmedel st\u00e5r f\u00f6r inte mindre \u00e4n 17% av de totala kostnaderna f\u00f6r en maskin. \u00c4ven h\u00e4r vittnar m\u00e5nga av v\u00e5ra kunder om en avsev\u00e4rt minskad br\u00e4nslef\u00f6rbrukning b\u00e5de med v\u00e5ra maskiner i F-serien men ocks\u00e5 hos skotarna i det mindre segmentet. I exemplet visas hur stor besparingen blir om br\u00e4nslef\u00f6rbrukningen minskas med 5%.<\/td><td><p>Besparing p\u00e5 cirka<\/p><p><span class=\"h2green\">34 000 sek\/\u00e5r*<\/span><\/p><\/td><\/tr><\/tbody><\/table><p><em>*Ber\u00e4kningarna utg\u00e5r f\u00f6r en Eco Log 550F fr\u00e5n gallring med medelstam 0,08 och baserad p\u00e5 3000h\/\u00e5r i maskintid (G15) eller f\u00f6r en 590 F fr\u00e5n slutavverkning med medelstam 0,20 och baserad p\u00e5 3000h\/\u00e5r i maskintid (G15). Besparingen f\u00f6r servicekostnader \u00e4r ber\u00e4knat p\u00e5 en genomsnittlig timdebitering hos alla servicel\u00e4mnare.<\/em><\/p><p><em>**Avser 590F enligt ovan angivna f\u00f6rh\u00e5llanden*. F\u00f6r 550F \u00e4r motsvarande siffra cirka 80 000 sek*.<\/em><\/p><\/div>\t\t\t\t\t\t\t\t<\/div>\n\t\t\t\t<\/div>\n\t\t\t\t<section class=\"elementor-section elementor-inner-section elementor-element elementor-element-c18d221 elementor-section-boxed elementor-section-height-default elementor-section-height-default\" data-id=\"c18d221\" data-element_type=\"section\" data-e-type=\"section\">\n\t\t\t\t\t\t<div class=\"elementor-container elementor-column-gap-default\">\n\t\t\t\t\t<div class=\"elementor-column elementor-col-50 elementor-inner-column elementor-element elementor-element-3f5d747\" data-id=\"3f5d747\" data-element_type=\"column\" data-e-type=\"column\">\n\t\t\t<div class=\"elementor-widget-wrap\">\n\t\t\t\t\t\t\t<\/div>\n\t\t<\/div>\n\t\t\t\t<div class=\"elementor-column elementor-col-50 elementor-inner-column elementor-element elementor-element-0fd234b\" data-id=\"0fd234b\" data-element_type=\"column\" data-e-type=\"column\">\n\t\t\t<div class=\"elementor-widget-wrap elementor-element-populated\">\n\t\t\t\t\t\t<div class=\"elementor-element elementor-element-02dca1e elementor-align-right elementor-widget elementor-widget-button\" data-id=\"02dca1e\" data-element_type=\"widget\" data-e-type=\"widget\" data-widget_type=\"button.default\">\n\t\t\t\t<div class=\"elementor-widget-container\">\n\t\t\t\t\t\t\t\t\t<div class=\"elementor-button-wrapper\">\n\t\t\t\t\t<a class=\"elementor-button elementor-button-link elementor-size-sm\" href=\"https:\/\/ecologforestry.com\/om-ecolog\/kundnytta\/\">\n\t\t\t\t\t\t<span class=\"elementor-button-content-wrapper\">\n\t\t\t\t\t\t\t\t\t<span class=\"elementor-button-text\">TILLBAKA TILL KUNDNYTTA<\/span>\n\t\t\t\t\t<\/span>\n\t\t\t\t\t<\/a>\n\t\t\t\t<\/div>\n\t\t\t\t\t\t\t\t<\/div>\n\t\t\t\t<\/div>\n\t\t\t\t\t<\/div>\n\t\t<\/div>\n\t\t\t\t\t<\/div>\n\t\t<\/section>\n\t\t\t\t\t<\/div>\n\t\t<\/div>\n\t\t\t\t\t<\/div>\n\t\t<\/section>\n\t\t\t\t<\/div>\n\t\t","protected":false},"excerpt":{"rendered":"<p>L\u00f6nsamhet \u00d6ka din l\u00f6nsamhet med Eco Log Att k\u00f6pa in en ny maskin \u00e4r en rolig uppgift och en viktig investering f\u00f6r ditt f\u00f6retag. Det \u00e4r mycket att ta h\u00e4nsyn till och m\u00e5nga faktorer som spelar in p\u00e5 den totala l\u00f6nsamheten under \u00e4gandet av maskinen. En maskin som vid f\u00f6rsta anblick har ett l\u00e4gre pris [&hellip;]<\/p>\n","protected":false},"author":1,"featured_media":0,"parent":1187,"menu_order":40,"comment_status":"closed","ping_status":"closed","template":"","meta":{"_acf_changed":false,"footnotes":""},"class_list":["post-3239","page","type-page","status-publish","hentry"],"acf":[],"_links":{"self":[{"href":"https:\/\/ecologforestry.com\/sv\/wp-json\/wp\/v2\/pages\/3239","targetHints":{"allow":["GET"]}}],"collection":[{"href":"https:\/\/ecologforestry.com\/sv\/wp-json\/wp\/v2\/pages"}],"about":[{"href":"https:\/\/ecologforestry.com\/sv\/wp-json\/wp\/v2\/types\/page"}],"author":[{"embeddable":true,"href":"https:\/\/ecologforestry.com\/sv\/wp-json\/wp\/v2\/users\/1"}],"replies":[{"embeddable":true,"href":"https:\/\/ecologforestry.com\/sv\/wp-json\/wp\/v2\/comments?post=3239"}],"version-history":[{"count":10,"href":"https:\/\/ecologforestry.com\/sv\/wp-json\/wp\/v2\/pages\/3239\/revisions"}],"predecessor-version":[{"id":3455,"href":"https:\/\/ecologforestry.com\/sv\/wp-json\/wp\/v2\/pages\/3239\/revisions\/3455"}],"up":[{"embeddable":true,"href":"https:\/\/ecologforestry.com\/sv\/wp-json\/wp\/v2\/pages\/1187"}],"wp:attachment":[{"href":"https:\/\/ecologforestry.com\/sv\/wp-json\/wp\/v2\/media?parent=3239"}],"curies":[{"name":"wp","href":"https:\/\/api.w.org\/{rel}","templated":true}]}}