{"id":3245,"date":"2023-10-23T09:34:44","date_gmt":"2023-10-23T07:34:44","guid":{"rendered":"https:\/\/ecologforestry.com\/?page_id=3245"},"modified":"2023-10-26T15:14:35","modified_gmt":"2023-10-26T13:14:35","slug":"stabila-skogsmaskiner","status":"publish","type":"page","link":"https:\/\/ecologforestry.com\/sv\/om-ecolog\/kundnytta\/stabila-skogsmaskiner\/","title":{"rendered":"Stabila skogsmaskiner"},"content":{"rendered":"\t\t<div data-elementor-type=\"wp-page\" data-elementor-id=\"3245\" class=\"elementor elementor-3245\" data-elementor-post-type=\"page\">\n\t\t\t\t\t\t<section class=\"elementor-section elementor-top-section elementor-element elementor-element-38c6c487 elementor-section-boxed elementor-section-height-default elementor-section-height-default\" data-id=\"38c6c487\" data-element_type=\"section\" data-e-type=\"section\">\n\t\t\t\t\t\t<div class=\"elementor-container elementor-column-gap-default\">\n\t\t\t\t\t<div class=\"elementor-column elementor-col-100 elementor-top-column elementor-element elementor-element-793a990f\" data-id=\"793a990f\" data-element_type=\"column\" data-e-type=\"column\">\n\t\t\t<div class=\"elementor-widget-wrap elementor-element-populated\">\n\t\t\t\t\t\t<div class=\"elementor-element elementor-element-5365abf elementor-widget elementor-widget-image\" data-id=\"5365abf\" data-element_type=\"widget\" data-e-type=\"widget\" data-widget_type=\"image.default\">\n\t\t\t\t<div class=\"elementor-widget-container\">\n\t\t\t\t\t\t\t\t\t\t\t\t\t\t\t<img fetchpriority=\"high\" decoding=\"async\" width=\"800\" height=\"386\" src=\"https:\/\/ecologforestry.com\/wp-content\/uploads\/2023\/10\/ecolog_produktivitet-1024x494.jpg\" class=\"attachment-large size-large wp-image-1224\" alt=\"\" srcset=\"https:\/\/ecologforestry.com\/wp-content\/uploads\/2023\/10\/ecolog_produktivitet-1024x494.jpg 1024w, https:\/\/ecologforestry.com\/wp-content\/uploads\/2023\/10\/ecolog_produktivitet-300x145.jpg 300w, https:\/\/ecologforestry.com\/wp-content\/uploads\/2023\/10\/ecolog_produktivitet-768x370.jpg 768w, https:\/\/ecologforestry.com\/wp-content\/uploads\/2023\/10\/ecolog_produktivitet.jpg 1170w\" sizes=\"(max-width: 800px) 100vw, 800px\" \/>\t\t\t\t\t\t\t\t\t\t\t\t\t\t\t<\/div>\n\t\t\t\t<\/div>\n\t\t\t\t\t<\/div>\n\t\t<\/div>\n\t\t\t\t\t<\/div>\n\t\t<\/section>\n\t\t\t\t<section class=\"elementor-section elementor-top-section elementor-element elementor-element-4647be43 kundnytta elementor-section-boxed elementor-section-height-default elementor-section-height-default\" data-id=\"4647be43\" data-element_type=\"section\" data-e-type=\"section\" data-settings=\"{&quot;background_background&quot;:&quot;classic&quot;}\">\n\t\t\t\t\t\t<div class=\"elementor-container elementor-column-gap-default\">\n\t\t\t\t\t<div class=\"elementor-column elementor-col-100 elementor-top-column elementor-element elementor-element-4772cc1a\" data-id=\"4772cc1a\" data-element_type=\"column\" data-e-type=\"column\">\n\t\t\t<div class=\"elementor-widget-wrap elementor-element-populated\">\n\t\t\t\t\t\t<section class=\"elementor-section elementor-inner-section elementor-element elementor-element-314d75a elementor-section-boxed elementor-section-height-default elementor-section-height-default\" data-id=\"314d75a\" data-element_type=\"section\" data-e-type=\"section\">\n\t\t\t\t\t\t<div class=\"elementor-container elementor-column-gap-default\">\n\t\t\t\t\t<div class=\"elementor-column elementor-col-100 elementor-inner-column elementor-element elementor-element-70033a6\" data-id=\"70033a6\" data-element_type=\"column\" data-e-type=\"column\">\n\t\t\t<div class=\"elementor-widget-wrap elementor-element-populated\">\n\t\t\t\t\t\t<div class=\"elementor-element elementor-element-ee0adb5 elementor-widget elementor-widget-heading\" data-id=\"ee0adb5\" data-element_type=\"widget\" data-e-type=\"widget\" data-widget_type=\"heading.default\">\n\t\t\t\t<div class=\"elementor-widget-container\">\n\t\t\t\t\t<h1 class=\"elementor-heading-title elementor-size-default\">Stabila skogsmaskiner<\/h1>\t\t\t\t<\/div>\n\t\t\t\t<\/div>\n\t\t\t\t<div class=\"elementor-element elementor-element-b5be1a5 elementor-widget elementor-widget-text-editor\" data-id=\"b5be1a5\" data-element_type=\"widget\" data-e-type=\"widget\" data-widget_type=\"text-editor.default\">\n\t\t\t\t<div class=\"elementor-widget-container\">\n\t\t\t\t\t\t\t\t\t<p>Stabilt och tryggt arbete i alla l\u00e4gen<\/p>\t\t\t\t\t\t\t\t<\/div>\n\t\t\t\t<\/div>\n\t\t\t\t<div class=\"elementor-element elementor-element-6618907 elementor-widget elementor-widget-text-editor\" data-id=\"6618907\" data-element_type=\"widget\" data-e-type=\"widget\" data-widget_type=\"text-editor.default\">\n\t\t\t\t<div class=\"elementor-widget-container\">\n\t\t\t\t\t\t\t\t\t<div class=\"text-left\"><p>Tack vare den unika pendelarmstekniken kan Eco Logs sk\u00f6rdare i 500 serien alltid arbeta med h\u00f6g stabilitet oavsett underlag eller lutning i terr\u00e4ngen. D\u00e5 varje hjul kan h\u00f6jas och s\u00e4nkas individuellt och p\u00e5 s\u00e5 vis anpassas efter oj\u00e4mnheter eller hinder kan sk\u00f6rdaren alltid st\u00e5 med maximal stabilitet p\u00e5 underlaget och vila tryggt och s\u00e4kert p\u00e5 maskinens fyra h\u00f6rn (Illustration A &#8211; Sk\u00f6rdare med pendelarmar, B &#8211; Sk\u00f6rdare utan pendelarmar).<\/p><p><img decoding=\"async\" style=\"widht: 100%; max-width: 300px; margin-top: 15px; margin-bottom: 15px;\" src=\"https:\/\/ecologforestry.com\/wp-content\/uploads\/2023\/10\/illustration_stabilitet.png\" \/><br \/><br \/>\u00c4ven i mycket brant lutning kan sk\u00f6rdarna arbeta med oslagbart h\u00f6g stabilitet, d\u00e5 hela maskinen kan r\u00e4tas upp till horisontellt l\u00e4ge och arbetspositionen justeras med hj\u00e4lp av pendelarmarna s\u00e5 att tyngdpunkten bibeh\u00e5lls i centrum av maskinen. Den optimala arbetspositionen g\u00f6r att f\u00f6raren kan arbeta tryggt och s\u00e4kert utan risk f\u00f6r att maskinen v\u00e4lter \u00e4ven i lutande och oj\u00e4mn terr\u00e4ng. Genom att s\u00e4nka eller luta maskinen h\u00e5lls tyngdpunkten l\u00e5g och optimalt placerad vilket ger en mycket god grundstabilitet hos<br \/>pendelarmssk\u00f6rdarna.<\/p><ul><li>N\u00e4r sk\u00f6rdare i 500 serien k\u00f6r f\u00f6rs\u00e4tts pendelarmarna i s\u00e5 kallat flytl\u00e4ge, vilket g\u00f6r att marktrycket hela tiden f\u00f6rdelas j\u00e4mnt mellan maskinens fyra h\u00f6rn och p\u00e5 s\u00e5 vis genererar maximal stabilitet utifr\u00e5n underlaget.<\/li><li>Vid kranarbete l\u00e5ser sig pendelarmarna i ett optimalt l\u00e4ge med j\u00e4mt marktryck i alla fyra h\u00f6rn s\u00e5 att\u00a0 \u00a0maskinen p\u00e5 s\u00e5 vis hela tiden st\u00e5r stabilt p\u00e5 marken.<\/li><li>Eco Logs \u00e5ttahjuliga sk\u00f6rdare har en mycket l\u00e5g tyngdpunkt och d\u00e4rmed h\u00f6g stabilitet oavsett underlag samt i positionering av kranen.<\/li><li>Tack vare den starka kranen kan aggregat och virke lyftas enkelt och kontrollerat vilket leder till en stabilare arbetsg\u00e5ng.<\/li><\/ul><\/div>\t\t\t\t\t\t\t\t<\/div>\n\t\t\t\t<\/div>\n\t\t\t\t\t<\/div>\n\t\t<\/div>\n\t\t\t\t\t<\/div>\n\t\t<\/section>\n\t\t\t\t<section class=\"elementor-section elementor-inner-section elementor-element elementor-element-c18d221 elementor-section-boxed elementor-section-height-default elementor-section-height-default\" data-id=\"c18d221\" data-element_type=\"section\" data-e-type=\"section\">\n\t\t\t\t\t\t<div class=\"elementor-container elementor-column-gap-default\">\n\t\t\t\t\t<div class=\"elementor-column elementor-col-50 elementor-inner-column elementor-element elementor-element-3f5d747\" data-id=\"3f5d747\" data-element_type=\"column\" data-e-type=\"column\">\n\t\t\t<div class=\"elementor-widget-wrap elementor-element-populated\">\n\t\t\t\t\t\t<div class=\"elementor-element elementor-element-0caa15a elementor-icon-list--layout-traditional elementor-list-item-link-full_width elementor-widget elementor-widget-icon-list\" data-id=\"0caa15a\" data-element_type=\"widget\" data-e-type=\"widget\" data-widget_type=\"icon-list.default\">\n\t\t\t\t<div class=\"elementor-widget-container\">\n\t\t\t\t\t\t\t<ul class=\"elementor-icon-list-items\">\n\t\t\t\t\t\t\t<li class=\"elementor-icon-list-item\">\n\t\t\t\t\t\t\t\t\t\t\t<a href=\"https:\/\/ecologforestry.com\/wp-content\/uploads\/2023\/10\/stabilaskogsmaskiner.pdf\" target=\"_blank\">\n\n\t\t\t\t\t\t\t\t\t\t\t\t<span class=\"elementor-icon-list-icon\">\n\t\t\t\t\t\t\t<i aria-hidden=\"true\" class=\"fas fa-file-pdf\"><\/i>\t\t\t\t\t\t<\/span>\n\t\t\t\t\t\t\t\t\t\t<span class=\"elementor-icon-list-text\">Ladda ner produktblad<\/span>\n\t\t\t\t\t\t\t\t\t\t\t<\/a>\n\t\t\t\t\t\t\t\t\t<\/li>\n\t\t\t\t\t\t<\/ul>\n\t\t\t\t\t\t<\/div>\n\t\t\t\t<\/div>\n\t\t\t\t\t<\/div>\n\t\t<\/div>\n\t\t\t\t<div class=\"elementor-column elementor-col-50 elementor-inner-column elementor-element elementor-element-0fd234b\" data-id=\"0fd234b\" data-element_type=\"column\" data-e-type=\"column\">\n\t\t\t<div class=\"elementor-widget-wrap elementor-element-populated\">\n\t\t\t\t\t\t<div class=\"elementor-element elementor-element-02dca1e elementor-align-right elementor-widget elementor-widget-button\" data-id=\"02dca1e\" data-element_type=\"widget\" data-e-type=\"widget\" data-widget_type=\"button.default\">\n\t\t\t\t<div class=\"elementor-widget-container\">\n\t\t\t\t\t\t\t\t\t<div class=\"elementor-button-wrapper\">\n\t\t\t\t\t<a class=\"elementor-button elementor-button-link elementor-size-sm\" href=\"https:\/\/ecologforestry.com\/om-ecolog\/kundnytta\/\">\n\t\t\t\t\t\t<span class=\"elementor-button-content-wrapper\">\n\t\t\t\t\t\t\t\t\t<span class=\"elementor-button-text\">TILLBAKA TILL KUNDNYTTA<\/span>\n\t\t\t\t\t<\/span>\n\t\t\t\t\t<\/a>\n\t\t\t\t<\/div>\n\t\t\t\t\t\t\t\t<\/div>\n\t\t\t\t<\/div>\n\t\t\t\t\t<\/div>\n\t\t<\/div>\n\t\t\t\t\t<\/div>\n\t\t<\/section>\n\t\t\t\t\t<\/div>\n\t\t<\/div>\n\t\t\t\t\t<\/div>\n\t\t<\/section>\n\t\t\t\t<section class=\"elementor-section elementor-top-section elementor-element elementor-element-3ae1217 elementor-section-boxed elementor-section-height-default elementor-section-height-default\" data-id=\"3ae1217\" data-element_type=\"section\" data-e-type=\"section\">\n\t\t\t\t\t\t<div class=\"elementor-container elementor-column-gap-default\">\n\t\t\t\t\t<div class=\"elementor-column elementor-col-50 elementor-top-column elementor-element elementor-element-3d3cd73\" data-id=\"3d3cd73\" data-element_type=\"column\" data-e-type=\"column\">\n\t\t\t<div class=\"elementor-widget-wrap\">\n\t\t\t\t\t\t\t<\/div>\n\t\t<\/div>\n\t\t\t\t<div class=\"elementor-column elementor-col-50 elementor-top-column elementor-element elementor-element-d6574b3\" data-id=\"d6574b3\" data-element_type=\"column\" data-e-type=\"column\">\n\t\t\t<div class=\"elementor-widget-wrap\">\n\t\t\t\t\t\t\t<\/div>\n\t\t<\/div>\n\t\t\t\t\t<\/div>\n\t\t<\/section>\n\t\t\t\t<\/div>\n\t\t","protected":false},"excerpt":{"rendered":"<p>Stabila skogsmaskiner Stabilt och tryggt arbete i alla l\u00e4gen Tack vare den unika pendelarmstekniken kan Eco Logs sk\u00f6rdare i 500 serien alltid arbeta med h\u00f6g stabilitet oavsett underlag eller lutning i terr\u00e4ngen. D\u00e5 varje hjul kan h\u00f6jas och s\u00e4nkas individuellt och p\u00e5 s\u00e5 vis anpassas efter oj\u00e4mnheter eller hinder kan sk\u00f6rdaren alltid st\u00e5 med maximal [&hellip;]<\/p>\n","protected":false},"author":1,"featured_media":0,"parent":1187,"menu_order":60,"comment_status":"closed","ping_status":"closed","template":"","meta":{"_acf_changed":false,"footnotes":""},"class_list":["post-3245","page","type-page","status-publish","hentry"],"acf":[],"_links":{"self":[{"href":"https:\/\/ecologforestry.com\/sv\/wp-json\/wp\/v2\/pages\/3245","targetHints":{"allow":["GET"]}}],"collection":[{"href":"https:\/\/ecologforestry.com\/sv\/wp-json\/wp\/v2\/pages"}],"about":[{"href":"https:\/\/ecologforestry.com\/sv\/wp-json\/wp\/v2\/types\/page"}],"author":[{"embeddable":true,"href":"https:\/\/ecologforestry.com\/sv\/wp-json\/wp\/v2\/users\/1"}],"replies":[{"embeddable":true,"href":"https:\/\/ecologforestry.com\/sv\/wp-json\/wp\/v2\/comments?post=3245"}],"version-history":[{"count":10,"href":"https:\/\/ecologforestry.com\/sv\/wp-json\/wp\/v2\/pages\/3245\/revisions"}],"predecessor-version":[{"id":5318,"href":"https:\/\/ecologforestry.com\/sv\/wp-json\/wp\/v2\/pages\/3245\/revisions\/5318"}],"up":[{"embeddable":true,"href":"https:\/\/ecologforestry.com\/sv\/wp-json\/wp\/v2\/pages\/1187"}],"wp:attachment":[{"href":"https:\/\/ecologforestry.com\/sv\/wp-json\/wp\/v2\/media?parent=3245"}],"curies":[{"name":"wp","href":"https:\/\/api.w.org\/{rel}","templated":true}]}}