{"id":3249,"date":"2023-10-23T09:38:21","date_gmt":"2023-10-23T07:38:21","guid":{"rendered":"https:\/\/ecologforestry.com\/?page_id=3249"},"modified":"2023-10-26T14:57:00","modified_gmt":"2023-10-26T12:57:00","slug":"svaar-terraeng","status":"publish","type":"page","link":"https:\/\/ecologforestry.com\/sv\/om-ecolog\/kundnytta\/svaar-terraeng\/","title":{"rendered":"Sv\u00e5r terr\u00e4ng"},"content":{"rendered":"\t\t<div data-elementor-type=\"wp-page\" data-elementor-id=\"3249\" class=\"elementor elementor-3249\" data-elementor-post-type=\"page\">\n\t\t\t\t\t\t<section class=\"elementor-section elementor-top-section elementor-element elementor-element-38c6c487 elementor-section-boxed elementor-section-height-default elementor-section-height-default\" data-id=\"38c6c487\" data-element_type=\"section\" data-e-type=\"section\">\n\t\t\t\t\t\t<div class=\"elementor-container elementor-column-gap-default\">\n\t\t\t\t\t<div class=\"elementor-column elementor-col-100 elementor-top-column elementor-element elementor-element-793a990f\" data-id=\"793a990f\" data-element_type=\"column\" data-e-type=\"column\">\n\t\t\t<div class=\"elementor-widget-wrap elementor-element-populated\">\n\t\t\t\t\t\t<div class=\"elementor-element elementor-element-5365abf elementor-widget elementor-widget-image\" data-id=\"5365abf\" data-element_type=\"widget\" data-e-type=\"widget\" data-widget_type=\"image.default\">\n\t\t\t\t<div class=\"elementor-widget-container\">\n\t\t\t\t\t\t\t\t\t\t\t\t\t\t\t<img fetchpriority=\"high\" decoding=\"async\" width=\"800\" height=\"386\" src=\"https:\/\/ecologforestry.com\/wp-content\/uploads\/2023\/10\/svarterrang-1024x494.jpg\" class=\"attachment-large size-large wp-image-1246\" alt=\"\" srcset=\"https:\/\/ecologforestry.com\/wp-content\/uploads\/2023\/10\/svarterrang-1024x494.jpg 1024w, https:\/\/ecologforestry.com\/wp-content\/uploads\/2023\/10\/svarterrang-300x145.jpg 300w, https:\/\/ecologforestry.com\/wp-content\/uploads\/2023\/10\/svarterrang-768x370.jpg 768w, https:\/\/ecologforestry.com\/wp-content\/uploads\/2023\/10\/svarterrang.jpg 1170w\" sizes=\"(max-width: 800px) 100vw, 800px\" \/>\t\t\t\t\t\t\t\t\t\t\t\t\t\t\t<\/div>\n\t\t\t\t<\/div>\n\t\t\t\t\t<\/div>\n\t\t<\/div>\n\t\t\t\t\t<\/div>\n\t\t<\/section>\n\t\t\t\t<section class=\"elementor-section elementor-top-section elementor-element elementor-element-4647be43 kundnytta elementor-section-boxed elementor-section-height-default elementor-section-height-default\" data-id=\"4647be43\" data-element_type=\"section\" data-e-type=\"section\" data-settings=\"{&quot;background_background&quot;:&quot;classic&quot;}\">\n\t\t\t\t\t\t<div class=\"elementor-container elementor-column-gap-default\">\n\t\t\t\t\t<div class=\"elementor-column elementor-col-100 elementor-top-column elementor-element elementor-element-4772cc1a\" data-id=\"4772cc1a\" data-element_type=\"column\" data-e-type=\"column\">\n\t\t\t<div class=\"elementor-widget-wrap elementor-element-populated\">\n\t\t\t\t\t\t<section class=\"elementor-section elementor-inner-section elementor-element elementor-element-314d75a elementor-section-boxed elementor-section-height-default elementor-section-height-default\" data-id=\"314d75a\" data-element_type=\"section\" data-e-type=\"section\">\n\t\t\t\t\t\t<div class=\"elementor-container elementor-column-gap-default\">\n\t\t\t\t\t<div class=\"elementor-column elementor-col-100 elementor-inner-column elementor-element elementor-element-70033a6\" data-id=\"70033a6\" data-element_type=\"column\" data-e-type=\"column\">\n\t\t\t<div class=\"elementor-widget-wrap elementor-element-populated\">\n\t\t\t\t\t\t<div class=\"elementor-element elementor-element-ee0adb5 elementor-widget elementor-widget-heading\" data-id=\"ee0adb5\" data-element_type=\"widget\" data-e-type=\"widget\" data-widget_type=\"heading.default\">\n\t\t\t\t<div class=\"elementor-widget-container\">\n\t\t\t\t\t<h1 class=\"elementor-heading-title elementor-size-default\">Sv\u00e5r terr\u00e4ng<\/h1>\t\t\t\t<\/div>\n\t\t\t\t<\/div>\n\t\t\t\t<div class=\"elementor-element elementor-element-b5be1a5 elementor-widget elementor-widget-text-editor\" data-id=\"b5be1a5\" data-element_type=\"widget\" data-e-type=\"widget\" data-widget_type=\"text-editor.default\">\n\t\t\t\t<div class=\"elementor-widget-container\">\n\t\t\t\t\t\t\t\t\t<p>H\u00f6g stabilitet och produktivitet i sv\u00e5r terr\u00e4ng<\/p>\t\t\t\t\t\t\t\t<\/div>\n\t\t\t\t<\/div>\n\t\t\t\t<div class=\"elementor-element elementor-element-6618907 elementor-widget elementor-widget-text-editor\" data-id=\"6618907\" data-element_type=\"widget\" data-e-type=\"widget\" data-widget_type=\"text-editor.default\">\n\t\t\t\t<div class=\"elementor-widget-container\">\n\t\t\t\t\t\t\t\t\t<div class=\"text-left\"><p>Eco Logs sk\u00f6rdare i 500-serien utm\u00e4rker sig genom sin smidighet och stabilitet, d\u00e4r maskinen tack vare sina pendelarmar enkelt tar sig fram i alla typer av terr\u00e4ng. Med sn\u00e4v sv\u00e4ngradie och m\u00f6jlighet att luta och anpassa maskinen efter terr\u00e4ngen banar sk\u00f6rdaren v\u00e4g mellan tr\u00e4den utan att orsaka on\u00f6diga skador vare sig p\u00e5 mark eller tr\u00e4d som l\u00e4mnas kvar.<\/p><p>Pendelarmarna genererar en \u00f6verl\u00e4gsen markfrig\u00e5ng som kan varieras mellan 11 cm till 1,2 m vilket g\u00f6r att sk\u00f6rdaren med l\u00e4tthet kan k\u00f6ra \u00f6ver stock och sten. Genom att hela tiden anpassa h\u00f6jden efter terr\u00e4ngen kan maskinens stabilitet alltid optimeras f\u00f6r arbete med h\u00f6g s\u00e4kerhet och produktivitet.<\/p><ul><li>Genom att h\u00f6ja, s\u00e4nka och luta sk\u00f6rdaren med hj\u00e4lp av pendelarmarna har f\u00f6raren alltid kontroll \u00f6ver situationen d\u00e5 maskinen smidigt anpassas efter terr\u00e4ngen samtidigt som arbetspositionen \u00e4r optimal i alla l\u00e4gen.<\/li><li>I k\u00e4nslig och mjuk terr\u00e4ng kan sk\u00f6rdaren med f\u00f6rdel s\u00e4nkas ner i sitt l\u00e4gsta l\u00e4ge och f\u00f6rdela vikten j\u00e4mt i terr\u00e4ngen. P\u00e5 s\u00e5 vis tar den sig fram tryggt, s\u00e4kert och stabilt samtidigt som den ger ett minimalt marktryck.<\/li><li>\u00c4ven i kraftig lutning kan den starka kranen arbeta med h\u00f6g produktivitet \u00e4ven l\u00e5ngt utstr\u00e4ckt d\u00e5 hytt och kran alltid kan befinna sig i horisontellt l\u00e4ge.<\/li><\/ul><\/div>\t\t\t\t\t\t\t\t<\/div>\n\t\t\t\t<\/div>\n\t\t\t\t\t<\/div>\n\t\t<\/div>\n\t\t\t\t\t<\/div>\n\t\t<\/section>\n\t\t\t\t<section class=\"elementor-section elementor-inner-section elementor-element elementor-element-c18d221 elementor-section-boxed elementor-section-height-default elementor-section-height-default\" data-id=\"c18d221\" data-element_type=\"section\" data-e-type=\"section\">\n\t\t\t\t\t\t<div class=\"elementor-container elementor-column-gap-default\">\n\t\t\t\t\t<div class=\"elementor-column elementor-col-50 elementor-inner-column elementor-element elementor-element-3f5d747\" data-id=\"3f5d747\" data-element_type=\"column\" data-e-type=\"column\">\n\t\t\t<div class=\"elementor-widget-wrap elementor-element-populated\">\n\t\t\t\t\t\t<div class=\"elementor-element elementor-element-0caa15a elementor-icon-list--layout-traditional elementor-list-item-link-full_width elementor-widget elementor-widget-icon-list\" data-id=\"0caa15a\" data-element_type=\"widget\" data-e-type=\"widget\" data-widget_type=\"icon-list.default\">\n\t\t\t\t<div class=\"elementor-widget-container\">\n\t\t\t\t\t\t\t<ul class=\"elementor-icon-list-items\">\n\t\t\t\t\t\t\t<li class=\"elementor-icon-list-item\">\n\t\t\t\t\t\t\t\t\t\t\t<a href=\"https:\/\/ecologforestry.com\/wp-content\/uploads\/2023\/10\/svarterrang.pdf\" target=\"_blank\">\n\n\t\t\t\t\t\t\t\t\t\t\t\t<span class=\"elementor-icon-list-icon\">\n\t\t\t\t\t\t\t<i aria-hidden=\"true\" class=\"fas fa-file-pdf\"><\/i>\t\t\t\t\t\t<\/span>\n\t\t\t\t\t\t\t\t\t\t<span class=\"elementor-icon-list-text\">Ladda ner produktblad<\/span>\n\t\t\t\t\t\t\t\t\t\t\t<\/a>\n\t\t\t\t\t\t\t\t\t<\/li>\n\t\t\t\t\t\t<\/ul>\n\t\t\t\t\t\t<\/div>\n\t\t\t\t<\/div>\n\t\t\t\t\t<\/div>\n\t\t<\/div>\n\t\t\t\t<div class=\"elementor-column elementor-col-50 elementor-inner-column elementor-element elementor-element-0fd234b\" data-id=\"0fd234b\" data-element_type=\"column\" data-e-type=\"column\">\n\t\t\t<div class=\"elementor-widget-wrap elementor-element-populated\">\n\t\t\t\t\t\t<div class=\"elementor-element elementor-element-02dca1e elementor-align-right elementor-widget elementor-widget-button\" data-id=\"02dca1e\" data-element_type=\"widget\" data-e-type=\"widget\" data-widget_type=\"button.default\">\n\t\t\t\t<div class=\"elementor-widget-container\">\n\t\t\t\t\t\t\t\t\t<div class=\"elementor-button-wrapper\">\n\t\t\t\t\t<a class=\"elementor-button elementor-button-link elementor-size-sm\" href=\"https:\/\/ecologforestry.com\/om-ecolog\/kundnytta\/\">\n\t\t\t\t\t\t<span class=\"elementor-button-content-wrapper\">\n\t\t\t\t\t\t\t\t\t<span class=\"elementor-button-text\">TILLBAKA TILL KUNDNYTTA<\/span>\n\t\t\t\t\t<\/span>\n\t\t\t\t\t<\/a>\n\t\t\t\t<\/div>\n\t\t\t\t\t\t\t\t<\/div>\n\t\t\t\t<\/div>\n\t\t\t\t\t<\/div>\n\t\t<\/div>\n\t\t\t\t\t<\/div>\n\t\t<\/section>\n\t\t\t\t\t<\/div>\n\t\t<\/div>\n\t\t\t\t\t<\/div>\n\t\t<\/section>\n\t\t\t\t<section class=\"elementor-section elementor-top-section elementor-element elementor-element-3ae1217 elementor-section-boxed elementor-section-height-default elementor-section-height-default\" data-id=\"3ae1217\" data-element_type=\"section\" data-e-type=\"section\">\n\t\t\t\t\t\t<div class=\"elementor-container elementor-column-gap-default\">\n\t\t\t\t\t<div class=\"elementor-column elementor-col-50 elementor-top-column elementor-element elementor-element-3d3cd73\" data-id=\"3d3cd73\" data-element_type=\"column\" data-e-type=\"column\">\n\t\t\t<div class=\"elementor-widget-wrap\">\n\t\t\t\t\t\t\t<\/div>\n\t\t<\/div>\n\t\t\t\t<div class=\"elementor-column elementor-col-50 elementor-top-column elementor-element elementor-element-d6574b3\" data-id=\"d6574b3\" data-element_type=\"column\" data-e-type=\"column\">\n\t\t\t<div class=\"elementor-widget-wrap\">\n\t\t\t\t\t\t\t<\/div>\n\t\t<\/div>\n\t\t\t\t\t<\/div>\n\t\t<\/section>\n\t\t\t\t<\/div>\n\t\t","protected":false},"excerpt":{"rendered":"<p>Sv\u00e5r terr\u00e4ng H\u00f6g stabilitet och produktivitet i sv\u00e5r terr\u00e4ng Eco Logs sk\u00f6rdare i 500-serien utm\u00e4rker sig genom sin smidighet och stabilitet, d\u00e4r maskinen tack vare sina pendelarmar enkelt tar sig fram i alla typer av terr\u00e4ng. Med sn\u00e4v sv\u00e4ngradie och m\u00f6jlighet att luta och anpassa maskinen efter terr\u00e4ngen banar sk\u00f6rdaren v\u00e4g mellan tr\u00e4den utan att [&hellip;]<\/p>\n","protected":false},"author":1,"featured_media":0,"parent":1187,"menu_order":80,"comment_status":"closed","ping_status":"closed","template":"","meta":{"_acf_changed":false,"footnotes":""},"class_list":["post-3249","page","type-page","status-publish","hentry"],"acf":[],"_links":{"self":[{"href":"https:\/\/ecologforestry.com\/sv\/wp-json\/wp\/v2\/pages\/3249","targetHints":{"allow":["GET"]}}],"collection":[{"href":"https:\/\/ecologforestry.com\/sv\/wp-json\/wp\/v2\/pages"}],"about":[{"href":"https:\/\/ecologforestry.com\/sv\/wp-json\/wp\/v2\/types\/page"}],"author":[{"embeddable":true,"href":"https:\/\/ecologforestry.com\/sv\/wp-json\/wp\/v2\/users\/1"}],"replies":[{"embeddable":true,"href":"https:\/\/ecologforestry.com\/sv\/wp-json\/wp\/v2\/comments?post=3249"}],"version-history":[{"count":10,"href":"https:\/\/ecologforestry.com\/sv\/wp-json\/wp\/v2\/pages\/3249\/revisions"}],"predecessor-version":[{"id":5299,"href":"https:\/\/ecologforestry.com\/sv\/wp-json\/wp\/v2\/pages\/3249\/revisions\/5299"}],"up":[{"embeddable":true,"href":"https:\/\/ecologforestry.com\/sv\/wp-json\/wp\/v2\/pages\/1187"}],"wp:attachment":[{"href":"https:\/\/ecologforestry.com\/sv\/wp-json\/wp\/v2\/media?parent=3249"}],"curies":[{"name":"wp","href":"https:\/\/api.w.org\/{rel}","templated":true}]}}