{"id":3251,"date":"2023-10-23T09:39:04","date_gmt":"2023-10-23T07:39:04","guid":{"rendered":"https:\/\/ecologforestry.com\/?page_id=3251"},"modified":"2023-10-23T10:45:22","modified_gmt":"2023-10-23T08:45:22","slug":"pendelarmar","status":"publish","type":"page","link":"https:\/\/ecologforestry.com\/sv\/om-ecolog\/kundnytta\/pendelarmar\/","title":{"rendered":"Pendelarmar"},"content":{"rendered":"\t\t<div data-elementor-type=\"wp-page\" data-elementor-id=\"3251\" class=\"elementor elementor-3251\" data-elementor-post-type=\"page\">\n\t\t\t\t\t\t<section class=\"elementor-section elementor-top-section elementor-element elementor-element-38c6c487 elementor-section-boxed elementor-section-height-default elementor-section-height-default\" data-id=\"38c6c487\" data-element_type=\"section\" data-e-type=\"section\">\n\t\t\t\t\t\t<div class=\"elementor-container elementor-column-gap-default\">\n\t\t\t\t\t<div class=\"elementor-column elementor-col-100 elementor-top-column elementor-element elementor-element-793a990f\" data-id=\"793a990f\" data-element_type=\"column\" data-e-type=\"column\">\n\t\t\t<div class=\"elementor-widget-wrap elementor-element-populated\">\n\t\t\t\t\t\t<div class=\"elementor-element elementor-element-5365abf elementor-widget elementor-widget-image\" data-id=\"5365abf\" data-element_type=\"widget\" data-e-type=\"widget\" data-widget_type=\"image.default\">\n\t\t\t\t<div class=\"elementor-widget-container\">\n\t\t\t\t\t\t\t\t\t\t\t\t\t\t\t<img fetchpriority=\"high\" decoding=\"async\" width=\"800\" height=\"388\" src=\"https:\/\/ecologforestry.com\/wp-content\/uploads\/2023\/10\/pendelarmar-1024x496.jpg\" class=\"attachment-large size-large wp-image-1280\" alt=\"\" srcset=\"https:\/\/ecologforestry.com\/wp-content\/uploads\/2023\/10\/pendelarmar-1024x496.jpg 1024w, https:\/\/ecologforestry.com\/wp-content\/uploads\/2023\/10\/pendelarmar-300x145.jpg 300w, https:\/\/ecologforestry.com\/wp-content\/uploads\/2023\/10\/pendelarmar-768x372.jpg 768w, https:\/\/ecologforestry.com\/wp-content\/uploads\/2023\/10\/pendelarmar.jpg 1170w\" sizes=\"(max-width: 800px) 100vw, 800px\" \/>\t\t\t\t\t\t\t\t\t\t\t\t\t\t\t<\/div>\n\t\t\t\t<\/div>\n\t\t\t\t\t<\/div>\n\t\t<\/div>\n\t\t\t\t\t<\/div>\n\t\t<\/section>\n\t\t\t\t<section class=\"elementor-section elementor-top-section elementor-element elementor-element-4647be43 kundnytta elementor-section-boxed elementor-section-height-default elementor-section-height-default\" data-id=\"4647be43\" data-element_type=\"section\" data-e-type=\"section\" data-settings=\"{&quot;background_background&quot;:&quot;classic&quot;}\">\n\t\t\t\t\t\t<div class=\"elementor-container elementor-column-gap-default\">\n\t\t\t\t\t<div class=\"elementor-column elementor-col-100 elementor-top-column elementor-element elementor-element-4772cc1a\" data-id=\"4772cc1a\" data-element_type=\"column\" data-e-type=\"column\">\n\t\t\t<div class=\"elementor-widget-wrap elementor-element-populated\">\n\t\t\t\t\t\t<section class=\"elementor-section elementor-inner-section elementor-element elementor-element-314d75a elementor-section-boxed elementor-section-height-default elementor-section-height-default\" data-id=\"314d75a\" data-element_type=\"section\" data-e-type=\"section\">\n\t\t\t\t\t\t<div class=\"elementor-container elementor-column-gap-default\">\n\t\t\t\t\t<div class=\"elementor-column elementor-col-100 elementor-inner-column elementor-element elementor-element-70033a6\" data-id=\"70033a6\" data-element_type=\"column\" data-e-type=\"column\">\n\t\t\t<div class=\"elementor-widget-wrap elementor-element-populated\">\n\t\t\t\t\t\t<div class=\"elementor-element elementor-element-ee0adb5 elementor-widget elementor-widget-heading\" data-id=\"ee0adb5\" data-element_type=\"widget\" data-e-type=\"widget\" data-widget_type=\"heading.default\">\n\t\t\t\t<div class=\"elementor-widget-container\">\n\t\t\t\t\t<h1 class=\"elementor-heading-title elementor-size-default\">Pendelarmar<\/h1>\t\t\t\t<\/div>\n\t\t\t\t<\/div>\n\t\t\t\t<div class=\"elementor-element elementor-element-b5be1a5 elementor-widget elementor-widget-text-editor\" data-id=\"b5be1a5\" data-element_type=\"widget\" data-e-type=\"widget\" data-widget_type=\"text-editor.default\">\n\t\t\t\t<div class=\"elementor-widget-container\">\n\t\t\t\t\t\t\t\t\t<p>Det sj\u00e4lvklara valet f\u00f6r alla terr\u00e4nger<\/p>\t\t\t\t\t\t\t\t<\/div>\n\t\t\t\t<\/div>\n\t\t\t\t<div class=\"elementor-element elementor-element-6618907 elementor-widget elementor-widget-text-editor\" data-id=\"6618907\" data-element_type=\"widget\" data-e-type=\"widget\" data-widget_type=\"text-editor.default\">\n\t\t\t\t<div class=\"elementor-widget-container\">\n\t\t\t\t\t\t\t\t\t<div class=\"text-left\"><p>Eco Logs pendelarmar ger \u00f6verl\u00e4gsen framkomlighet och stabilitet i sv\u00e5r terr\u00e4ng. Sk\u00f6rdaren kliver smidigt \u00f6ver stock och sten samtidigt som den enkelt hanterar branta lutningar. Pendelarmarna utg\u00f6r en unik l\u00f6sning f\u00f6r Eco Logs sk\u00f6rdare d\u00e4r de maximerar markfrig\u00e5ng och genererar stabilitet och s\u00e4kerhet i brant terr\u00e4ng. Genom sin f\u00f6ljsamhet och anpassningsf\u00f6rm\u00e5ga ger pendelarmarna f\u00f6raren full kontroll, h\u00f6g komfort och arbetsf\u00f6rh\u00e5llanden som banar v\u00e4g f\u00f6r \u00f6kad effektivitet och produktivitet.<\/p><p>Alla Eco Logs sk\u00f6rdare i 500 serien \u00e4r utrustade med fyra hydrauliskt styrda pendelarmar som var f\u00f6r sig man\u00f6vreras antingen manuellt eller i s\u00e5 kallat flytl\u00e4ge d\u00e4r pendelarmarna samspelar under terr\u00e4ngk\u00f6rning. Maskinen anpassar sig smidigt efter terr\u00e4ngen genom att sk\u00f6rdaren lutas, h\u00f6js eller s\u00e4nks med hj\u00e4lp av pendelarmarna s\u00e5 att f\u00f6raren och kranen f\u00e5r en optimal position.<\/p><p>Med hj\u00e4lp av pendelarmarna utf\u00f6rs service snabbt och enkelt genom att h\u00f6ja eller s\u00e4nka maskinen f\u00f6r l\u00e4ttare \u00e5tkomst.<\/p><p><strong>Eco Logs pendelarmar:<\/strong><\/p><ul><li>ger \u00f6verl\u00e4gsen markfrig\u00e5ng genom att h\u00f6ja och s\u00e4nka maskinen i olika l\u00e4gen.<\/li><li>motverkar lutning p\u00e5 skogsmaskinen vid k\u00f6rning i sluttningar.<\/li><li>genererar extra styrka och r\u00e4ckvidd i kranens sv\u00e4ngmoment d\u00e5 maskinen positioneras f\u00f6r att underl\u00e4tta kranarbete.<\/li><li>ger l\u00e4gre transporth\u00f6jd vid lastning p\u00e5 trailer.<\/li><li>underl\u00e4ttar service samt montering och justering av band och slirskydd.<\/li><\/ul><\/div>\t\t\t\t\t\t\t\t<\/div>\n\t\t\t\t<\/div>\n\t\t\t\t\t<\/div>\n\t\t<\/div>\n\t\t\t\t\t<\/div>\n\t\t<\/section>\n\t\t\t\t<section class=\"elementor-section elementor-inner-section elementor-element elementor-element-c18d221 elementor-section-boxed elementor-section-height-default elementor-section-height-default\" data-id=\"c18d221\" data-element_type=\"section\" data-e-type=\"section\">\n\t\t\t\t\t\t<div class=\"elementor-container elementor-column-gap-default\">\n\t\t\t\t\t<div class=\"elementor-column elementor-col-50 elementor-inner-column elementor-element elementor-element-3f5d747\" data-id=\"3f5d747\" data-element_type=\"column\" data-e-type=\"column\">\n\t\t\t<div class=\"elementor-widget-wrap elementor-element-populated\">\n\t\t\t\t\t\t<div class=\"elementor-element elementor-element-0caa15a elementor-icon-list--layout-traditional elementor-list-item-link-full_width elementor-widget elementor-widget-icon-list\" data-id=\"0caa15a\" data-element_type=\"widget\" data-e-type=\"widget\" data-widget_type=\"icon-list.default\">\n\t\t\t\t<div class=\"elementor-widget-container\">\n\t\t\t\t\t\t\t<ul class=\"elementor-icon-list-items\">\n\t\t\t\t\t\t\t<li class=\"elementor-icon-list-item\">\n\t\t\t\t\t\t\t\t\t\t\t<a href=\"https:\/\/ecologforestry.com\/wp-content\/uploads\/2023\/10\/pendelarmar.pdf\" target=\"_blank\">\n\n\t\t\t\t\t\t\t\t\t\t\t\t<span class=\"elementor-icon-list-icon\">\n\t\t\t\t\t\t\t<i aria-hidden=\"true\" class=\"fas fa-file-pdf\"><\/i>\t\t\t\t\t\t<\/span>\n\t\t\t\t\t\t\t\t\t\t<span class=\"elementor-icon-list-text\">Ladda ner produktblad<\/span>\n\t\t\t\t\t\t\t\t\t\t\t<\/a>\n\t\t\t\t\t\t\t\t\t<\/li>\n\t\t\t\t\t\t<\/ul>\n\t\t\t\t\t\t<\/div>\n\t\t\t\t<\/div>\n\t\t\t\t\t<\/div>\n\t\t<\/div>\n\t\t\t\t<div class=\"elementor-column elementor-col-50 elementor-inner-column elementor-element elementor-element-0fd234b\" data-id=\"0fd234b\" data-element_type=\"column\" data-e-type=\"column\">\n\t\t\t<div class=\"elementor-widget-wrap elementor-element-populated\">\n\t\t\t\t\t\t<div class=\"elementor-element elementor-element-02dca1e elementor-align-right elementor-widget elementor-widget-button\" data-id=\"02dca1e\" data-element_type=\"widget\" data-e-type=\"widget\" data-widget_type=\"button.default\">\n\t\t\t\t<div class=\"elementor-widget-container\">\n\t\t\t\t\t\t\t\t\t<div class=\"elementor-button-wrapper\">\n\t\t\t\t\t<a class=\"elementor-button elementor-button-link elementor-size-sm\" href=\"https:\/\/ecologforestry.com\/om-ecolog\/kundnytta\/\">\n\t\t\t\t\t\t<span class=\"elementor-button-content-wrapper\">\n\t\t\t\t\t\t\t\t\t<span class=\"elementor-button-text\">TILLBAKA TILL KUNDNYTTA<\/span>\n\t\t\t\t\t<\/span>\n\t\t\t\t\t<\/a>\n\t\t\t\t<\/div>\n\t\t\t\t\t\t\t\t<\/div>\n\t\t\t\t<\/div>\n\t\t\t\t\t<\/div>\n\t\t<\/div>\n\t\t\t\t\t<\/div>\n\t\t<\/section>\n\t\t\t\t\t<\/div>\n\t\t<\/div>\n\t\t\t\t\t<\/div>\n\t\t<\/section>\n\t\t\t\t<section class=\"elementor-section elementor-top-section elementor-element elementor-element-3ae1217 elementor-section-boxed elementor-section-height-default elementor-section-height-default\" data-id=\"3ae1217\" data-element_type=\"section\" data-e-type=\"section\">\n\t\t\t\t\t\t<div class=\"elementor-container elementor-column-gap-default\">\n\t\t\t\t\t<div class=\"elementor-column elementor-col-50 elementor-top-column elementor-element elementor-element-3d3cd73\" data-id=\"3d3cd73\" data-element_type=\"column\" data-e-type=\"column\">\n\t\t\t<div class=\"elementor-widget-wrap\">\n\t\t\t\t\t\t\t<\/div>\n\t\t<\/div>\n\t\t\t\t<div class=\"elementor-column elementor-col-50 elementor-top-column elementor-element elementor-element-d6574b3\" data-id=\"d6574b3\" data-element_type=\"column\" data-e-type=\"column\">\n\t\t\t<div class=\"elementor-widget-wrap\">\n\t\t\t\t\t\t\t<\/div>\n\t\t<\/div>\n\t\t\t\t\t<\/div>\n\t\t<\/section>\n\t\t\t\t<\/div>\n\t\t","protected":false},"excerpt":{"rendered":"<p>Pendelarmar Det sj\u00e4lvklara valet f\u00f6r alla terr\u00e4nger Eco Logs pendelarmar ger \u00f6verl\u00e4gsen framkomlighet och stabilitet i sv\u00e5r terr\u00e4ng. Sk\u00f6rdaren kliver smidigt \u00f6ver stock och sten samtidigt som den enkelt hanterar branta lutningar. Pendelarmarna utg\u00f6r en unik l\u00f6sning f\u00f6r Eco Logs sk\u00f6rdare d\u00e4r de maximerar markfrig\u00e5ng och genererar stabilitet och s\u00e4kerhet i brant terr\u00e4ng. Genom sin [&hellip;]<\/p>\n","protected":false},"author":1,"featured_media":0,"parent":1187,"menu_order":90,"comment_status":"closed","ping_status":"closed","template":"","meta":{"_acf_changed":false,"footnotes":""},"class_list":["post-3251","page","type-page","status-publish","hentry"],"acf":[],"_links":{"self":[{"href":"https:\/\/ecologforestry.com\/sv\/wp-json\/wp\/v2\/pages\/3251","targetHints":{"allow":["GET"]}}],"collection":[{"href":"https:\/\/ecologforestry.com\/sv\/wp-json\/wp\/v2\/pages"}],"about":[{"href":"https:\/\/ecologforestry.com\/sv\/wp-json\/wp\/v2\/types\/page"}],"author":[{"embeddable":true,"href":"https:\/\/ecologforestry.com\/sv\/wp-json\/wp\/v2\/users\/1"}],"replies":[{"embeddable":true,"href":"https:\/\/ecologforestry.com\/sv\/wp-json\/wp\/v2\/comments?post=3251"}],"version-history":[{"count":4,"href":"https:\/\/ecologforestry.com\/sv\/wp-json\/wp\/v2\/pages\/3251\/revisions"}],"predecessor-version":[{"id":3337,"href":"https:\/\/ecologforestry.com\/sv\/wp-json\/wp\/v2\/pages\/3251\/revisions\/3337"}],"up":[{"embeddable":true,"href":"https:\/\/ecologforestry.com\/sv\/wp-json\/wp\/v2\/pages\/1187"}],"wp:attachment":[{"href":"https:\/\/ecologforestry.com\/sv\/wp-json\/wp\/v2\/media?parent=3251"}],"curies":[{"name":"wp","href":"https:\/\/api.w.org\/{rel}","templated":true}]}}