{"id":3253,"date":"2023-10-23T09:40:06","date_gmt":"2023-10-23T07:40:06","guid":{"rendered":"https:\/\/ecologforestry.com\/?page_id=3253"},"modified":"2023-10-23T10:46:51","modified_gmt":"2023-10-23T08:46:51","slug":"serviceintervall","status":"publish","type":"page","link":"https:\/\/ecologforestry.com\/sv\/om-ecolog\/kundnytta\/serviceintervall\/","title":{"rendered":"Serviceintervall"},"content":{"rendered":"\t\t<div data-elementor-type=\"wp-page\" data-elementor-id=\"3253\" class=\"elementor elementor-3253\" data-elementor-post-type=\"page\">\n\t\t\t\t\t\t<section class=\"elementor-section elementor-top-section elementor-element elementor-element-38c6c487 elementor-section-boxed elementor-section-height-default elementor-section-height-default\" data-id=\"38c6c487\" data-element_type=\"section\" data-e-type=\"section\">\n\t\t\t\t\t\t<div class=\"elementor-container elementor-column-gap-default\">\n\t\t\t\t\t<div class=\"elementor-column elementor-col-100 elementor-top-column elementor-element elementor-element-793a990f\" data-id=\"793a990f\" data-element_type=\"column\" data-e-type=\"column\">\n\t\t\t<div class=\"elementor-widget-wrap elementor-element-populated\">\n\t\t\t\t\t\t<div class=\"elementor-element elementor-element-5365abf elementor-widget elementor-widget-image\" data-id=\"5365abf\" data-element_type=\"widget\" data-e-type=\"widget\" data-widget_type=\"image.default\">\n\t\t\t\t<div class=\"elementor-widget-container\">\n\t\t\t\t\t\t\t\t\t\t\t\t\t\t\t<img fetchpriority=\"high\" decoding=\"async\" width=\"800\" height=\"386\" src=\"https:\/\/ecologforestry.com\/wp-content\/uploads\/2023\/10\/serviceintervall-1024x494.jpg\" class=\"attachment-large size-large wp-image-1282\" alt=\"\" srcset=\"https:\/\/ecologforestry.com\/wp-content\/uploads\/2023\/10\/serviceintervall-1024x494.jpg 1024w, https:\/\/ecologforestry.com\/wp-content\/uploads\/2023\/10\/serviceintervall-300x145.jpg 300w, https:\/\/ecologforestry.com\/wp-content\/uploads\/2023\/10\/serviceintervall-768x370.jpg 768w, https:\/\/ecologforestry.com\/wp-content\/uploads\/2023\/10\/serviceintervall.jpg 1170w\" sizes=\"(max-width: 800px) 100vw, 800px\" \/>\t\t\t\t\t\t\t\t\t\t\t\t\t\t\t<\/div>\n\t\t\t\t<\/div>\n\t\t\t\t\t<\/div>\n\t\t<\/div>\n\t\t\t\t\t<\/div>\n\t\t<\/section>\n\t\t\t\t<section class=\"elementor-section elementor-top-section elementor-element elementor-element-4647be43 kundnytta elementor-section-boxed elementor-section-height-default elementor-section-height-default\" data-id=\"4647be43\" data-element_type=\"section\" data-e-type=\"section\" data-settings=\"{&quot;background_background&quot;:&quot;classic&quot;}\">\n\t\t\t\t\t\t<div class=\"elementor-container elementor-column-gap-default\">\n\t\t\t\t\t<div class=\"elementor-column elementor-col-100 elementor-top-column elementor-element elementor-element-4772cc1a\" data-id=\"4772cc1a\" data-element_type=\"column\" data-e-type=\"column\">\n\t\t\t<div class=\"elementor-widget-wrap elementor-element-populated\">\n\t\t\t\t\t\t<section class=\"elementor-section elementor-inner-section elementor-element elementor-element-314d75a elementor-section-boxed elementor-section-height-default elementor-section-height-default\" data-id=\"314d75a\" data-element_type=\"section\" data-e-type=\"section\">\n\t\t\t\t\t\t<div class=\"elementor-container elementor-column-gap-default\">\n\t\t\t\t\t<div class=\"elementor-column elementor-col-100 elementor-inner-column elementor-element elementor-element-70033a6\" data-id=\"70033a6\" data-element_type=\"column\" data-e-type=\"column\">\n\t\t\t<div class=\"elementor-widget-wrap elementor-element-populated\">\n\t\t\t\t\t\t<div class=\"elementor-element elementor-element-ee0adb5 elementor-widget elementor-widget-heading\" data-id=\"ee0adb5\" data-element_type=\"widget\" data-e-type=\"widget\" data-widget_type=\"heading.default\">\n\t\t\t\t<div class=\"elementor-widget-container\">\n\t\t\t\t\t<h1 class=\"elementor-heading-title elementor-size-default\">Serviceintervall<\/h1>\t\t\t\t<\/div>\n\t\t\t\t<\/div>\n\t\t\t\t<div class=\"elementor-element elementor-element-b5be1a5 elementor-widget elementor-widget-text-editor\" data-id=\"b5be1a5\" data-element_type=\"widget\" data-e-type=\"widget\" data-widget_type=\"text-editor.default\">\n\t\t\t\t<div class=\"elementor-widget-container\">\n\t\t\t\t\t\t\t\t\t<p>Kostnadseffektiv service f\u00f6r god totalekonomi<\/p>\t\t\t\t\t\t\t\t<\/div>\n\t\t\t\t<\/div>\n\t\t\t\t<div class=\"elementor-element elementor-element-6618907 elementor-widget elementor-widget-text-editor\" data-id=\"6618907\" data-element_type=\"widget\" data-e-type=\"widget\" data-widget_type=\"text-editor.default\">\n\t\t\t\t<div class=\"elementor-widget-container\">\n\t\t\t\t\t\t\t\t\t<div class=\"text-left\"><p>Eco Logs sk\u00f6rdare och skotare i F-serien erbjuder helt nya f\u00f6ruts\u00e4ttningar f\u00f6r tids- och kostnadseffektiv drift och service. Tack vare sina motorer fr\u00e5n Volvo Penta,\u00a0med ett serviceintervall p\u00e5 tusen timmar kan maskinerna i F-serien vara i drift dubbelt s\u00e5 l\u00e4nge som sina f\u00f6reg\u00e5ngare innan det \u00e4r dags f\u00f6r service. Genom produktutveckling f\u00f6r enklare \u00e5tkomst och \u00f6kad servicev\u00e4nlighet minimeras stillest\u00e5ndstiden vilket inneb\u00e4r att maskinernas produktionstid \u00f6kar v\u00e4sentligt.<\/p><ul><li>Eco Logs F-serie inneb\u00e4r reducerade servicekostnader p\u00e5 25% j\u00e4mf\u00f6rt med tidigare generationer av sk\u00f6rdare och skotare.<\/li><li>Enkel och snabb service leder till \u00f6kad produktivitet genom h\u00f6gre nyttjandegrad av maskinen.<\/li><li>I Eco Logs serviceavtal ing\u00e5r s\u00e5v\u00e4l material som arbete och resekostnader.<\/li><\/ul><\/div>\t\t\t\t\t\t\t\t<\/div>\n\t\t\t\t<\/div>\n\t\t\t\t\t<\/div>\n\t\t<\/div>\n\t\t\t\t\t<\/div>\n\t\t<\/section>\n\t\t\t\t<section class=\"elementor-section elementor-inner-section elementor-element elementor-element-c18d221 elementor-section-boxed elementor-section-height-default elementor-section-height-default\" data-id=\"c18d221\" data-element_type=\"section\" data-e-type=\"section\">\n\t\t\t\t\t\t<div class=\"elementor-container elementor-column-gap-default\">\n\t\t\t\t\t<div class=\"elementor-column elementor-col-50 elementor-inner-column elementor-element elementor-element-3f5d747\" data-id=\"3f5d747\" data-element_type=\"column\" data-e-type=\"column\">\n\t\t\t<div class=\"elementor-widget-wrap elementor-element-populated\">\n\t\t\t\t\t\t<div class=\"elementor-element elementor-element-0caa15a elementor-icon-list--layout-traditional elementor-list-item-link-full_width elementor-widget elementor-widget-icon-list\" data-id=\"0caa15a\" data-element_type=\"widget\" data-e-type=\"widget\" data-widget_type=\"icon-list.default\">\n\t\t\t\t<div class=\"elementor-widget-container\">\n\t\t\t\t\t\t\t<ul class=\"elementor-icon-list-items\">\n\t\t\t\t\t\t\t<li class=\"elementor-icon-list-item\">\n\t\t\t\t\t\t\t\t\t\t\t<a href=\"https:\/\/ecologforestry.com\/wp-content\/uploads\/2023\/10\/serviceintervall.pdf\" target=\"_blank\">\n\n\t\t\t\t\t\t\t\t\t\t\t\t<span class=\"elementor-icon-list-icon\">\n\t\t\t\t\t\t\t<i aria-hidden=\"true\" class=\"fas fa-file-pdf\"><\/i>\t\t\t\t\t\t<\/span>\n\t\t\t\t\t\t\t\t\t\t<span class=\"elementor-icon-list-text\">Ladda ner produktblad<\/span>\n\t\t\t\t\t\t\t\t\t\t\t<\/a>\n\t\t\t\t\t\t\t\t\t<\/li>\n\t\t\t\t\t\t<\/ul>\n\t\t\t\t\t\t<\/div>\n\t\t\t\t<\/div>\n\t\t\t\t\t<\/div>\n\t\t<\/div>\n\t\t\t\t<div class=\"elementor-column elementor-col-50 elementor-inner-column elementor-element elementor-element-0fd234b\" data-id=\"0fd234b\" data-element_type=\"column\" data-e-type=\"column\">\n\t\t\t<div class=\"elementor-widget-wrap elementor-element-populated\">\n\t\t\t\t\t\t<div class=\"elementor-element elementor-element-02dca1e elementor-align-right elementor-widget elementor-widget-button\" data-id=\"02dca1e\" data-element_type=\"widget\" data-e-type=\"widget\" data-widget_type=\"button.default\">\n\t\t\t\t<div class=\"elementor-widget-container\">\n\t\t\t\t\t\t\t\t\t<div class=\"elementor-button-wrapper\">\n\t\t\t\t\t<a class=\"elementor-button elementor-button-link elementor-size-sm\" href=\"https:\/\/ecologforestry.com\/om-ecolog\/kundnytta\/\">\n\t\t\t\t\t\t<span class=\"elementor-button-content-wrapper\">\n\t\t\t\t\t\t\t\t\t<span class=\"elementor-button-text\">TILLBAKA TILL KUNDNYTTA<\/span>\n\t\t\t\t\t<\/span>\n\t\t\t\t\t<\/a>\n\t\t\t\t<\/div>\n\t\t\t\t\t\t\t\t<\/div>\n\t\t\t\t<\/div>\n\t\t\t\t\t<\/div>\n\t\t<\/div>\n\t\t\t\t\t<\/div>\n\t\t<\/section>\n\t\t\t\t\t<\/div>\n\t\t<\/div>\n\t\t\t\t\t<\/div>\n\t\t<\/section>\n\t\t\t\t<section class=\"elementor-section elementor-top-section elementor-element elementor-element-3ae1217 elementor-section-boxed elementor-section-height-default elementor-section-height-default\" data-id=\"3ae1217\" data-element_type=\"section\" data-e-type=\"section\">\n\t\t\t\t\t\t<div class=\"elementor-container elementor-column-gap-default\">\n\t\t\t\t\t<div class=\"elementor-column elementor-col-50 elementor-top-column elementor-element elementor-element-3d3cd73\" data-id=\"3d3cd73\" data-element_type=\"column\" data-e-type=\"column\">\n\t\t\t<div class=\"elementor-widget-wrap\">\n\t\t\t\t\t\t\t<\/div>\n\t\t<\/div>\n\t\t\t\t<div class=\"elementor-column elementor-col-50 elementor-top-column elementor-element elementor-element-d6574b3\" data-id=\"d6574b3\" data-element_type=\"column\" data-e-type=\"column\">\n\t\t\t<div class=\"elementor-widget-wrap\">\n\t\t\t\t\t\t\t<\/div>\n\t\t<\/div>\n\t\t\t\t\t<\/div>\n\t\t<\/section>\n\t\t\t\t<\/div>\n\t\t","protected":false},"excerpt":{"rendered":"<p>Serviceintervall Kostnadseffektiv service f\u00f6r god totalekonomi Eco Logs sk\u00f6rdare och skotare i F-serien erbjuder helt nya f\u00f6ruts\u00e4ttningar f\u00f6r tids- och kostnadseffektiv drift och service. Tack vare sina motorer fr\u00e5n Volvo Penta,\u00a0med ett serviceintervall p\u00e5 tusen timmar kan maskinerna i F-serien vara i drift dubbelt s\u00e5 l\u00e4nge som sina f\u00f6reg\u00e5ngare innan det \u00e4r dags f\u00f6r service. [&hellip;]<\/p>\n","protected":false},"author":1,"featured_media":0,"parent":1187,"menu_order":100,"comment_status":"closed","ping_status":"closed","template":"","meta":{"_acf_changed":false,"footnotes":""},"class_list":["post-3253","page","type-page","status-publish","hentry"],"acf":[],"_links":{"self":[{"href":"https:\/\/ecologforestry.com\/sv\/wp-json\/wp\/v2\/pages\/3253","targetHints":{"allow":["GET"]}}],"collection":[{"href":"https:\/\/ecologforestry.com\/sv\/wp-json\/wp\/v2\/pages"}],"about":[{"href":"https:\/\/ecologforestry.com\/sv\/wp-json\/wp\/v2\/types\/page"}],"author":[{"embeddable":true,"href":"https:\/\/ecologforestry.com\/sv\/wp-json\/wp\/v2\/users\/1"}],"replies":[{"embeddable":true,"href":"https:\/\/ecologforestry.com\/sv\/wp-json\/wp\/v2\/comments?post=3253"}],"version-history":[{"count":5,"href":"https:\/\/ecologforestry.com\/sv\/wp-json\/wp\/v2\/pages\/3253\/revisions"}],"predecessor-version":[{"id":8079,"href":"https:\/\/ecologforestry.com\/sv\/wp-json\/wp\/v2\/pages\/3253\/revisions\/8079"}],"up":[{"embeddable":true,"href":"https:\/\/ecologforestry.com\/sv\/wp-json\/wp\/v2\/pages\/1187"}],"wp:attachment":[{"href":"https:\/\/ecologforestry.com\/sv\/wp-json\/wp\/v2\/media?parent=3253"}],"curies":[{"name":"wp","href":"https:\/\/api.w.org\/{rel}","templated":true}]}}