{"id":3255,"date":"2023-10-23T09:52:03","date_gmt":"2023-10-23T07:52:03","guid":{"rendered":"https:\/\/ecologforestry.com\/?page_id=3255"},"modified":"2024-05-20T09:57:16","modified_gmt":"2024-05-20T07:57:16","slug":"haallbart-skogsbruk","status":"publish","type":"page","link":"https:\/\/ecologforestry.com\/sv\/om-ecolog\/kundnytta\/haallbart-skogsbruk\/","title":{"rendered":"H\u00e5llbart skogsbruk"},"content":{"rendered":"\t\t<div data-elementor-type=\"wp-page\" data-elementor-id=\"3255\" class=\"elementor elementor-3255\" data-elementor-post-type=\"page\">\n\t\t\t\t\t\t<section class=\"elementor-section elementor-top-section elementor-element elementor-element-38c6c487 elementor-section-boxed elementor-section-height-default elementor-section-height-default\" data-id=\"38c6c487\" data-element_type=\"section\" data-e-type=\"section\">\n\t\t\t\t\t\t<div class=\"elementor-container elementor-column-gap-default\">\n\t\t\t\t\t<div class=\"elementor-column elementor-col-100 elementor-top-column elementor-element elementor-element-793a990f\" data-id=\"793a990f\" data-element_type=\"column\" data-e-type=\"column\">\n\t\t\t<div class=\"elementor-widget-wrap elementor-element-populated\">\n\t\t\t\t\t\t<div class=\"elementor-element elementor-element-5365abf elementor-widget elementor-widget-image\" data-id=\"5365abf\" data-element_type=\"widget\" data-e-type=\"widget\" data-widget_type=\"image.default\">\n\t\t\t\t<div class=\"elementor-widget-container\">\n\t\t\t\t\t\t\t\t\t\t\t\t\t\t\t<img fetchpriority=\"high\" decoding=\"async\" width=\"800\" height=\"467\" src=\"https:\/\/ecologforestry.com\/wp-content\/uploads\/2023\/10\/hallbart_skogsbruk-1024x598.jpg\" class=\"attachment-large size-large wp-image-1242\" alt=\"\" srcset=\"https:\/\/ecologforestry.com\/wp-content\/uploads\/2023\/10\/hallbart_skogsbruk-1024x598.jpg 1024w, https:\/\/ecologforestry.com\/wp-content\/uploads\/2023\/10\/hallbart_skogsbruk-300x175.jpg 300w, https:\/\/ecologforestry.com\/wp-content\/uploads\/2023\/10\/hallbart_skogsbruk-768x448.jpg 768w, https:\/\/ecologforestry.com\/wp-content\/uploads\/2023\/10\/hallbart_skogsbruk.jpg 1170w\" sizes=\"(max-width: 800px) 100vw, 800px\" \/>\t\t\t\t\t\t\t\t\t\t\t\t\t\t\t<\/div>\n\t\t\t\t<\/div>\n\t\t\t\t\t<\/div>\n\t\t<\/div>\n\t\t\t\t\t<\/div>\n\t\t<\/section>\n\t\t\t\t<section class=\"elementor-section elementor-top-section elementor-element elementor-element-4647be43 kundnytta elementor-section-boxed elementor-section-height-default elementor-section-height-default\" data-id=\"4647be43\" data-element_type=\"section\" data-e-type=\"section\" data-settings=\"{&quot;background_background&quot;:&quot;classic&quot;}\">\n\t\t\t\t\t\t<div class=\"elementor-container elementor-column-gap-default\">\n\t\t\t\t\t<div class=\"elementor-column elementor-col-100 elementor-top-column elementor-element elementor-element-4772cc1a\" data-id=\"4772cc1a\" data-element_type=\"column\" data-e-type=\"column\">\n\t\t\t<div class=\"elementor-widget-wrap elementor-element-populated\">\n\t\t\t\t\t\t<section class=\"elementor-section elementor-inner-section elementor-element elementor-element-314d75a elementor-section-boxed elementor-section-height-default elementor-section-height-default\" data-id=\"314d75a\" data-element_type=\"section\" data-e-type=\"section\">\n\t\t\t\t\t\t<div class=\"elementor-container elementor-column-gap-default\">\n\t\t\t\t\t<div class=\"elementor-column elementor-col-100 elementor-inner-column elementor-element elementor-element-70033a6\" data-id=\"70033a6\" data-element_type=\"column\" data-e-type=\"column\">\n\t\t\t<div class=\"elementor-widget-wrap elementor-element-populated\">\n\t\t\t\t\t\t<div class=\"elementor-element elementor-element-ee0adb5 elementor-widget elementor-widget-heading\" data-id=\"ee0adb5\" data-element_type=\"widget\" data-e-type=\"widget\" data-widget_type=\"heading.default\">\n\t\t\t\t<div class=\"elementor-widget-container\">\n\t\t\t\t\t<h1 class=\"elementor-heading-title elementor-size-default\">H\u00e5llbart skogsbruk<\/h1>\t\t\t\t<\/div>\n\t\t\t\t<\/div>\n\t\t\t\t<div class=\"elementor-element elementor-element-b5be1a5 elementor-widget elementor-widget-text-editor\" data-id=\"b5be1a5\" data-element_type=\"widget\" data-e-type=\"widget\" data-widget_type=\"text-editor.default\">\n\t\t\t\t<div class=\"elementor-widget-container\">\n\t\t\t\t\t\t\t\t\t<p>Skogsmaskiner f\u00f6r ett l\u00e5ngsiktigt h\u00e5llbart skogsbruk<\/p>\t\t\t\t\t\t\t\t<\/div>\n\t\t\t\t<\/div>\n\t\t\t\t<div class=\"elementor-element elementor-element-6618907 elementor-widget elementor-widget-text-editor\" data-id=\"6618907\" data-element_type=\"widget\" data-e-type=\"widget\" data-widget_type=\"text-editor.default\">\n\t\t\t\t<div class=\"elementor-widget-container\">\n\t\t\t\t\t\t\t\t\t<div class=\"text-left\"><p>Tack vare Eco Logs pendelarmar har maskinerna unika terr\u00e4ngegenskaper som g\u00f6r att de tar sig fram smidigt i alla typer av terr\u00e4ng utan att orsaka on\u00f6diga skador p\u00e5 skog och mark. Sk\u00f6rdarnas marktryck kan hela tiden optimeras och minimeras genom att maskinen h\u00f6js och s\u00e4nks s\u00e5 att vikten f\u00f6rdelas \u00f6ver underlaget p\u00e5 b\u00e4sta s\u00e4tt. Tack vare f\u00f6rm\u00e5gan att ta sig fram i kombination med en stark kran kan sk\u00f6rdarna lyfta fram virket till de tyngre skotarna s\u00e5 att dessa kan undvika att k\u00f6ra p\u00e5 k\u00e4nsliga marker. Alla Eco Logs maskiner \u00e4r utrustade med br\u00e4nsleeffektiva motorer som \u00e4r speciellt utformade f\u00f6r att leva upp till skogsbrukets tuffa krav avseende utsl\u00e4ppsnormer.<\/p><p>Genom innovation och utveckling av maskinerna str\u00e4var Eco Log st\u00e4ndigt efter att bidra till ett l\u00e5ngsiktigt och h\u00e5llbart skogsbruk.<\/p><ul><li>Genom Eco Logs F-serie har alla maskiner utrustats med Steg 5 motorer som k\u00e4nnetecknas av milj\u00f6v\u00e4nlighet, drifts\u00e4kerhet och br\u00e4nsleeffektivitet.<\/li><li>Tack vare Eco Logs starka, egenutvecklade sk\u00f6rdarkran som kan arbeta med h\u00f6g effektivitet och styrka \u00e4ven l\u00e5ngt utstr\u00e4ckt kan sk\u00f6rdaren n\u00e5 tr\u00e4d utan att beh\u00f6va k\u00f6ra p\u00e5 k\u00e4nsliga omr\u00e5den.<\/li><\/ul><\/div>\t\t\t\t\t\t\t\t<\/div>\n\t\t\t\t<\/div>\n\t\t\t\t\t<\/div>\n\t\t<\/div>\n\t\t\t\t\t<\/div>\n\t\t<\/section>\n\t\t\t\t<section class=\"elementor-section elementor-inner-section elementor-element elementor-element-c18d221 elementor-section-boxed elementor-section-height-default elementor-section-height-default\" data-id=\"c18d221\" data-element_type=\"section\" data-e-type=\"section\">\n\t\t\t\t\t\t<div class=\"elementor-container elementor-column-gap-default\">\n\t\t\t\t\t<div class=\"elementor-column elementor-col-50 elementor-inner-column elementor-element elementor-element-3f5d747\" data-id=\"3f5d747\" data-element_type=\"column\" data-e-type=\"column\">\n\t\t\t<div class=\"elementor-widget-wrap\">\n\t\t\t\t\t\t\t<\/div>\n\t\t<\/div>\n\t\t\t\t<div class=\"elementor-column elementor-col-50 elementor-inner-column elementor-element elementor-element-0fd234b\" data-id=\"0fd234b\" data-element_type=\"column\" data-e-type=\"column\">\n\t\t\t<div class=\"elementor-widget-wrap elementor-element-populated\">\n\t\t\t\t\t\t<div class=\"elementor-element elementor-element-02dca1e elementor-align-right elementor-widget elementor-widget-button\" data-id=\"02dca1e\" data-element_type=\"widget\" data-e-type=\"widget\" data-widget_type=\"button.default\">\n\t\t\t\t<div class=\"elementor-widget-container\">\n\t\t\t\t\t\t\t\t\t<div class=\"elementor-button-wrapper\">\n\t\t\t\t\t<a class=\"elementor-button elementor-button-link elementor-size-sm\" href=\"https:\/\/ecologforestry.com\/om-ecolog\/kundnytta\/\">\n\t\t\t\t\t\t<span class=\"elementor-button-content-wrapper\">\n\t\t\t\t\t\t\t\t\t<span class=\"elementor-button-text\">TILLBAKA TILL KUNDNYTTA<\/span>\n\t\t\t\t\t<\/span>\n\t\t\t\t\t<\/a>\n\t\t\t\t<\/div>\n\t\t\t\t\t\t\t\t<\/div>\n\t\t\t\t<\/div>\n\t\t\t\t\t<\/div>\n\t\t<\/div>\n\t\t\t\t\t<\/div>\n\t\t<\/section>\n\t\t\t\t\t<\/div>\n\t\t<\/div>\n\t\t\t\t\t<\/div>\n\t\t<\/section>\n\t\t\t\t<section class=\"elementor-section elementor-top-section elementor-element elementor-element-3ae1217 elementor-section-boxed elementor-section-height-default elementor-section-height-default\" data-id=\"3ae1217\" data-element_type=\"section\" data-e-type=\"section\">\n\t\t\t\t\t\t<div class=\"elementor-container elementor-column-gap-default\">\n\t\t\t\t\t<div class=\"elementor-column elementor-col-50 elementor-top-column elementor-element elementor-element-3d3cd73\" data-id=\"3d3cd73\" data-element_type=\"column\" data-e-type=\"column\">\n\t\t\t<div class=\"elementor-widget-wrap\">\n\t\t\t\t\t\t\t<\/div>\n\t\t<\/div>\n\t\t\t\t<div class=\"elementor-column elementor-col-50 elementor-top-column elementor-element elementor-element-d6574b3\" data-id=\"d6574b3\" data-element_type=\"column\" data-e-type=\"column\">\n\t\t\t<div class=\"elementor-widget-wrap\">\n\t\t\t\t\t\t\t<\/div>\n\t\t<\/div>\n\t\t\t\t\t<\/div>\n\t\t<\/section>\n\t\t\t\t<\/div>\n\t\t","protected":false},"excerpt":{"rendered":"<p>H\u00e5llbart skogsbruk Skogsmaskiner f\u00f6r ett l\u00e5ngsiktigt h\u00e5llbart skogsbruk Tack vare Eco Logs pendelarmar har maskinerna unika terr\u00e4ngegenskaper som g\u00f6r att de tar sig fram smidigt i alla typer av terr\u00e4ng utan att orsaka on\u00f6diga skador p\u00e5 skog och mark. Sk\u00f6rdarnas marktryck kan hela tiden optimeras och minimeras genom att maskinen h\u00f6js och s\u00e4nks s\u00e5 att [&hellip;]<\/p>\n","protected":false},"author":1,"featured_media":0,"parent":1187,"menu_order":110,"comment_status":"closed","ping_status":"closed","template":"","meta":{"_acf_changed":false,"footnotes":""},"class_list":["post-3255","page","type-page","status-publish","hentry"],"acf":[],"_links":{"self":[{"href":"https:\/\/ecologforestry.com\/sv\/wp-json\/wp\/v2\/pages\/3255","targetHints":{"allow":["GET"]}}],"collection":[{"href":"https:\/\/ecologforestry.com\/sv\/wp-json\/wp\/v2\/pages"}],"about":[{"href":"https:\/\/ecologforestry.com\/sv\/wp-json\/wp\/v2\/types\/page"}],"author":[{"embeddable":true,"href":"https:\/\/ecologforestry.com\/sv\/wp-json\/wp\/v2\/users\/1"}],"replies":[{"embeddable":true,"href":"https:\/\/ecologforestry.com\/sv\/wp-json\/wp\/v2\/comments?post=3255"}],"version-history":[{"count":13,"href":"https:\/\/ecologforestry.com\/sv\/wp-json\/wp\/v2\/pages\/3255\/revisions"}],"predecessor-version":[{"id":6374,"href":"https:\/\/ecologforestry.com\/sv\/wp-json\/wp\/v2\/pages\/3255\/revisions\/6374"}],"up":[{"embeddable":true,"href":"https:\/\/ecologforestry.com\/sv\/wp-json\/wp\/v2\/pages\/1187"}],"wp:attachment":[{"href":"https:\/\/ecologforestry.com\/sv\/wp-json\/wp\/v2\/media?parent=3255"}],"curies":[{"name":"wp","href":"https:\/\/api.w.org\/{rel}","templated":true}]}}