{"id":3896,"date":"2023-10-24T13:16:36","date_gmt":"2023-10-24T11:16:36","guid":{"rendered":"https:\/\/ecologforestry.com\/?page_id=3896"},"modified":"2025-11-27T14:13:54","modified_gmt":"2025-11-27T13:13:54","slug":"skoerdaraggregat","status":"publish","type":"page","link":"https:\/\/ecologforestry.com\/sv\/produkter\/skoerdaraggregat\/","title":{"rendered":"Sk\u00f6rdaraggregat"},"content":{"rendered":"\t\t<div data-elementor-type=\"wp-page\" data-elementor-id=\"3896\" class=\"elementor elementor-3896\" data-elementor-post-type=\"page\">\n\t\t\t\t\t\t<main class=\"elementor-section elementor-top-section elementor-element elementor-element-16c0c842 container elementor-section-boxed elementor-section-height-default elementor-section-height-default\" data-id=\"16c0c842\" data-element_type=\"section\" data-e-type=\"section\">\n\t\t\t\t\t\t<div class=\"elementor-container elementor-column-gap-default\">\n\t\t\t\t\t<section class=\"elementor-column elementor-col-100 elementor-top-column elementor-element elementor-element-6eb5f4b row benefitpage\" data-id=\"6eb5f4b\" data-element_type=\"column\" data-e-type=\"column\" data-settings=\"{&quot;background_background&quot;:&quot;classic&quot;}\">\n\t\t\t<div class=\"elementor-widget-wrap elementor-element-populated\">\n\t\t\t\t\t\t<div class=\"elementor-element elementor-element-b5b287 elementor-widget elementor-widget-heading\" data-id=\"b5b287\" data-element_type=\"widget\" data-e-type=\"widget\" data-widget_type=\"heading.default\">\n\t\t\t\t<div class=\"elementor-widget-container\">\n\t\t\t\t\t<p class=\"elementor-heading-title elementor-size-default\">Eco Log sk\u00f6rdaraggregat<\/p>\t\t\t\t<\/div>\n\t\t\t\t<\/div>\n\t\t\t\t<div class=\"elementor-element elementor-element-2838a97f elementor-widget elementor-widget-heading\" data-id=\"2838a97f\" data-element_type=\"widget\" data-e-type=\"widget\" data-widget_type=\"heading.default\">\n\t\t\t\t<div class=\"elementor-widget-container\">\n\t\t\t\t\t<h2 class=\"elementor-heading-title elementor-size-default\">Sk\u00f6rdaraggregat<\/h2>\t\t\t\t<\/div>\n\t\t\t\t<\/div>\n\t\t\t\t<div class=\"elementor-element elementor-element-695b04f2 elementor-widget elementor-widget-image\" data-id=\"695b04f2\" data-element_type=\"widget\" data-e-type=\"widget\" data-widget_type=\"image.default\">\n\t\t\t\t<div class=\"elementor-widget-container\">\n\t\t\t\t\t\t\t\t\t\t\t\t\t\t\t<img decoding=\"async\" width=\"38\" height=\"23\" src=\"https:\/\/ecologforestry.com\/wp-content\/uploads\/2023\/08\/ecolog-logo-small.png\" class=\"attachment-large size-large wp-image-111\" alt=\"\" \/>\t\t\t\t\t\t\t\t\t\t\t\t\t\t\t<\/div>\n\t\t\t\t<\/div>\n\t\t\t\t<div class=\"elementor-element elementor-element-25433db2 elementor-widget elementor-widget-text-editor\" data-id=\"25433db2\" data-element_type=\"widget\" data-e-type=\"widget\" data-widget_type=\"text-editor.default\">\n\t\t\t\t<div class=\"elementor-widget-container\">\n\t\t\t\t\t\t\t\t\t<p>I Eco Logs aggregatserie ing\u00e5r tre h\u00f6g-producerande sk\u00f6rdaraggregat, alla p\u00e5 sitt s\u00e4tt anpassade f\u00f6r att m\u00f6ta skogsbrukets varierade och m\u00e5nga g\u00e5nger kr\u00e4vande utmaningar \u2013 fr\u00e5n klen f\u00f6rstagallring till den allra tuffaste slutavverkning. Samtliga aggregat har konstruerats enligt l\u00e5gfriktionskonceptet som best\u00e5r av fem l\u00f6sningar f\u00f6r att uppn\u00e5 h\u00f6gsta produktion, optimal br\u00e4nsle- och energif\u00f6rbrukning samt minimala underh\u00e5llskostnader. Sk\u00f6rdaraggregaten har ocks\u00e5 utrustats med Eco Log Saw Control, ett patenterat system som genom att optimera varje kap utifr\u00e5n yttre f\u00f6ruts\u00e4ttningar och tr\u00e4dslag banar v\u00e4g f\u00f6r h\u00f6gsta l\u00f6nsamhet och produktivitet.<\/p>\t\t\t\t\t\t\t\t<\/div>\n\t\t\t\t<\/div>\n\t\t\t\t<section class=\"elementor-section elementor-inner-section elementor-element elementor-element-72796ca2 elementor-section-full_width elementor-section-height-default elementor-section-height-default\" data-id=\"72796ca2\" data-element_type=\"section\" data-e-type=\"section\">\n\t\t\t\t\t\t<div class=\"elementor-container elementor-column-gap-default\">\n\t\t\t\t\t<div class=\"elementor-column elementor-col-33 elementor-inner-column elementor-element elementor-element-5e856a4e\" data-id=\"5e856a4e\" data-element_type=\"column\" data-e-type=\"column\">\n\t\t\t<div class=\"elementor-widget-wrap elementor-element-populated\">\n\t\t\t\t\t\t<div class=\"elementor-element elementor-element-d115ddd product hover-block elementor-position-top elementor-widget elementor-widget-image-box\" data-id=\"d115ddd\" data-element_type=\"widget\" data-e-type=\"widget\" data-widget_type=\"image-box.default\">\n\t\t\t\t<div class=\"elementor-widget-container\">\n\t\t\t\t\t<div class=\"elementor-image-box-wrapper\"><figure class=\"elementor-image-box-img\"><a href=\"https:\/\/ecologforestry.com\/sv\/produkter\/skoerdaraggregat\/skoerdaraggregat-ec-461-lf\/\" tabindex=\"-1\"><img fetchpriority=\"high\" decoding=\"async\" width=\"675\" height=\"675\" src=\"https:\/\/ecologforestry.com\/wp-content\/uploads\/2025\/11\/1-6.png\" class=\"attachment-large size-large wp-image-8532\" alt=\"\" srcset=\"https:\/\/ecologforestry.com\/wp-content\/uploads\/2025\/11\/1-6.png 675w, https:\/\/ecologforestry.com\/wp-content\/uploads\/2025\/11\/1-6-300x300.png 300w, https:\/\/ecologforestry.com\/wp-content\/uploads\/2025\/11\/1-6-150x150.png 150w\" sizes=\"(max-width: 675px) 100vw, 675px\" \/><\/a><\/figure><div class=\"elementor-image-box-content\"><h3 class=\"elementor-image-box-title\"><a href=\"https:\/\/ecologforestry.com\/sv\/produkter\/skoerdaraggregat\/skoerdaraggregat-ec-461-lf\/\">EC 461 LF Next Generation <br><span>Gallringsexperten  i alla l\u00e4gen <\/span><\/a><\/h3><p class=\"elementor-image-box-description\">SE PRODUKT \u00bb<\/p><\/div><\/div>\t\t\t\t<\/div>\n\t\t\t\t<\/div>\n\t\t\t\t<div class=\"elementor-element elementor-element-7966d25 product hover-block elementor-position-top elementor-widget elementor-widget-image-box\" data-id=\"7966d25\" data-element_type=\"widget\" data-e-type=\"widget\" data-widget_type=\"image-box.default\">\n\t\t\t\t<div class=\"elementor-widget-container\">\n\t\t\t\t\t<div class=\"elementor-image-box-wrapper\"><figure class=\"elementor-image-box-img\"><a href=\"https:\/\/ecologforestry.com\/sv\/produkter\/skoerdaraggregat\/661-lf-lite-produktinformation\/\" tabindex=\"-1\"><img decoding=\"async\" width=\"675\" height=\"675\" src=\"https:\/\/ecologforestry.com\/wp-content\/uploads\/2025\/11\/2-6.png\" class=\"attachment-large size-large wp-image-8531\" alt=\"\" srcset=\"https:\/\/ecologforestry.com\/wp-content\/uploads\/2025\/11\/2-6.png 675w, https:\/\/ecologforestry.com\/wp-content\/uploads\/2025\/11\/2-6-300x300.png 300w, https:\/\/ecologforestry.com\/wp-content\/uploads\/2025\/11\/2-6-150x150.png 150w\" sizes=\"(max-width: 675px) 100vw, 675px\" \/><\/a><\/figure><div class=\"elementor-image-box-content\"><h3 class=\"elementor-image-box-title\"><a href=\"https:\/\/ecologforestry.com\/sv\/produkter\/skoerdaraggregat\/661-lf-lite-produktinformation\/\">EC 661 LF Lite<br><span> N\u00e4r inget jobb \u00e4r f\u00f6r stort<\/span><\/a><\/h3><p class=\"elementor-image-box-description\">SE PRODUKT \u00bb<\/p><\/div><\/div>\t\t\t\t<\/div>\n\t\t\t\t<\/div>\n\t\t\t\t\t<\/div>\n\t\t<\/div>\n\t\t\t\t<div class=\"elementor-column elementor-col-33 elementor-inner-column elementor-element elementor-element-4a24d0f\" data-id=\"4a24d0f\" data-element_type=\"column\" data-e-type=\"column\">\n\t\t\t<div class=\"elementor-widget-wrap elementor-element-populated\">\n\t\t\t\t\t\t<div class=\"elementor-element elementor-element-f66c69f product hover-block elementor-position-top elementor-widget elementor-widget-image-box\" data-id=\"f66c69f\" data-element_type=\"widget\" data-e-type=\"widget\" data-widget_type=\"image-box.default\">\n\t\t\t\t<div class=\"elementor-widget-container\">\n\t\t\t\t\t<div class=\"elementor-image-box-wrapper\"><figure class=\"elementor-image-box-img\"><a href=\"https:\/\/ecologforestry.com\/sv\/produkter\/skoerdaraggregat\/ec-561-lf\/\" tabindex=\"-1\"><img loading=\"lazy\" decoding=\"async\" width=\"800\" height=\"700\" src=\"https:\/\/ecologforestry.com\/wp-content\/uploads\/2023\/10\/561_start.jpg\" class=\"attachment-large size-large wp-image-3903\" alt=\"\" srcset=\"https:\/\/ecologforestry.com\/wp-content\/uploads\/2023\/10\/561_start.jpg 972w, https:\/\/ecologforestry.com\/wp-content\/uploads\/2023\/10\/561_start-300x262.jpg 300w, https:\/\/ecologforestry.com\/wp-content\/uploads\/2023\/10\/561_start-768x672.jpg 768w\" sizes=\"(max-width: 800px) 100vw, 800px\" \/><\/a><\/figure><div class=\"elementor-image-box-content\"><h3 class=\"elementor-image-box-title\"><a href=\"https:\/\/ecologforestry.com\/sv\/produkter\/skoerdaraggregat\/ec-561-lf\/\">EC 561 LF<br><span> Allroundaggregatet  f\u00f6r varje jobb<\/span><\/a><\/h3><p class=\"elementor-image-box-description\">SE PRODUKT \u00bb<\/p><\/div><\/div>\t\t\t\t<\/div>\n\t\t\t\t<\/div>\n\t\t\t\t<div class=\"elementor-element elementor-element-1c3dcb4 product hover-block elementor-position-top elementor-widget elementor-widget-image-box\" data-id=\"1c3dcb4\" data-element_type=\"widget\" data-e-type=\"widget\" data-widget_type=\"image-box.default\">\n\t\t\t\t<div class=\"elementor-widget-container\">\n\t\t\t\t\t<div class=\"elementor-image-box-wrapper\"><figure class=\"elementor-image-box-img\"><a href=\"https:\/\/ecologforestry.com\/sv\/produkter\/skoerdaraggregat\/761-lf-produktinformation\/\" tabindex=\"-1\"><img loading=\"lazy\" decoding=\"async\" width=\"800\" height=\"700\" src=\"https:\/\/ecologforestry.com\/wp-content\/uploads\/2025\/09\/761-meny.png\" class=\"attachment-large size-large wp-image-7052\" alt=\"\" srcset=\"https:\/\/ecologforestry.com\/wp-content\/uploads\/2025\/09\/761-meny.png 972w, https:\/\/ecologforestry.com\/wp-content\/uploads\/2025\/09\/761-meny-300x262.png 300w, https:\/\/ecologforestry.com\/wp-content\/uploads\/2025\/09\/761-meny-768x672.png 768w\" sizes=\"(max-width: 800px) 100vw, 800px\" \/><\/a><\/figure><div class=\"elementor-image-box-content\"><h3 class=\"elementor-image-box-title\"><a href=\"https:\/\/ecologforestry.com\/sv\/produkter\/skoerdaraggregat\/761-lf-produktinformation\/\">EC 761 LF<br><span> N\u00e4r inget jobb \u00e4r f\u00f6r stort<\/span><\/a><\/h3><p class=\"elementor-image-box-description\">SE PRODUKT \u00bb<\/p><\/div><\/div>\t\t\t\t<\/div>\n\t\t\t\t<\/div>\n\t\t\t\t\t<\/div>\n\t\t<\/div>\n\t\t\t\t<div class=\"elementor-column elementor-col-33 elementor-inner-column elementor-element elementor-element-2bb8af5\" data-id=\"2bb8af5\" data-element_type=\"column\" data-e-type=\"column\">\n\t\t\t<div class=\"elementor-widget-wrap elementor-element-populated\">\n\t\t\t\t\t\t<div class=\"elementor-element elementor-element-74b7204 product hover-block elementor-position-top elementor-widget elementor-widget-image-box\" data-id=\"74b7204\" data-element_type=\"widget\" data-e-type=\"widget\" data-widget_type=\"image-box.default\">\n\t\t\t\t<div class=\"elementor-widget-container\">\n\t\t\t\t\t<div class=\"elementor-image-box-wrapper\"><figure class=\"elementor-image-box-img\"><a href=\"https:\/\/ecologforestry.com\/sv\/produkter\/skoerdaraggregat\/ec-661-lf\/\" tabindex=\"-1\"><img loading=\"lazy\" decoding=\"async\" width=\"800\" height=\"700\" src=\"https:\/\/ecologforestry.com\/wp-content\/uploads\/2023\/10\/661_start.jpg\" class=\"attachment-large size-large wp-image-3905\" alt=\"\" srcset=\"https:\/\/ecologforestry.com\/wp-content\/uploads\/2023\/10\/661_start.jpg 972w, https:\/\/ecologforestry.com\/wp-content\/uploads\/2023\/10\/661_start-300x262.jpg 300w, https:\/\/ecologforestry.com\/wp-content\/uploads\/2023\/10\/661_start-768x672.jpg 768w\" sizes=\"(max-width: 800px) 100vw, 800px\" \/><\/a><\/figure><div class=\"elementor-image-box-content\"><h3 class=\"elementor-image-box-title\"><a href=\"https:\/\/ecologforestry.com\/sv\/produkter\/skoerdaraggregat\/ec-661-lf\/\">EC 661 LF<br><span>Ett h\u00f6gprestanda-aggregat redo f\u00f6r utmaning<\/span><\/a><\/h3><p class=\"elementor-image-box-description\">SE PRODUKT \u00bb<\/p><\/div><\/div>\t\t\t\t<\/div>\n\t\t\t\t<\/div>\n\t\t\t\t\t<\/div>\n\t\t<\/div>\n\t\t\t\t\t<\/div>\n\t\t<\/section>\n\t\t\t\t<section class=\"elementor-section elementor-inner-section elementor-element elementor-element-1e6a02e elementor-section-full_width elementor-section-height-default elementor-section-height-default\" data-id=\"1e6a02e\" data-element_type=\"section\" data-e-type=\"section\">\n\t\t\t\t\t\t<div class=\"elementor-container elementor-column-gap-default\">\n\t\t\t\t\t<div class=\"elementor-column elementor-col-100 elementor-inner-column elementor-element elementor-element-852c1df\" data-id=\"852c1df\" data-element_type=\"column\" data-e-type=\"column\">\n\t\t\t<div class=\"elementor-widget-wrap elementor-element-populated\">\n\t\t\t\t\t\t<div class=\"elementor-element elementor-element-f63a06f elementor-mobile-align-center elementor-widget-mobile__width-inherit elementor-widget elementor-widget-button\" data-id=\"f63a06f\" data-element_type=\"widget\" data-e-type=\"widget\" data-widget_type=\"button.default\">\n\t\t\t\t<div class=\"elementor-widget-container\">\n\t\t\t\t\t\t\t\t\t<div class=\"elementor-button-wrapper\">\n\t\t\t\t\t<a class=\"elementor-button elementor-button-link elementor-size-sm\" href=\"https:\/\/usedmachinery.ecologforestry.com\/ecolog\/search.aspx\">\n\t\t\t\t\t\t<span class=\"elementor-button-content-wrapper\">\n\t\t\t\t\t\t\t\t\t<span class=\"elementor-button-text\">Begagnade produkter<\/span>\n\t\t\t\t\t<\/span>\n\t\t\t\t\t<\/a>\n\t\t\t\t<\/div>\n\t\t\t\t\t\t\t\t<\/div>\n\t\t\t\t<\/div>\n\t\t\t\t\t<\/div>\n\t\t<\/div>\n\t\t\t\t\t<\/div>\n\t\t<\/section>\n\t\t\t\t\t<\/div>\n\t\t<\/section>\n\t\t\t\t\t<\/div>\n\t\t<\/main>\n\t\t\t\t<section class=\"elementor-section elementor-top-section elementor-element elementor-element-abecfd3 elementor-section-boxed elementor-section-height-default elementor-section-height-default\" data-id=\"abecfd3\" data-element_type=\"section\" data-e-type=\"section\">\n\t\t\t\t\t\t<div class=\"elementor-container elementor-column-gap-default\">\n\t\t\t\t\t<div class=\"elementor-column elementor-col-100 elementor-top-column elementor-element elementor-element-d9cdc4d\" data-id=\"d9cdc4d\" data-element_type=\"column\" data-e-type=\"column\">\n\t\t\t<div class=\"elementor-widget-wrap elementor-element-populated\">\n\t\t\t\t\t\t<div class=\"elementor-element elementor-element-174f7cd elementor-widget elementor-widget-template\" data-id=\"174f7cd\" data-element_type=\"widget\" data-e-type=\"widget\" data-widget_type=\"template.default\">\n\t\t\t\t<div class=\"elementor-widget-container\">\n\t\t\t\t\t\t\t<div class=\"elementor-template\">\n\t\t\t\t\t<div data-elementor-type=\"section\" data-elementor-id=\"2447\" class=\"elementor elementor-2447\" data-elementor-post-type=\"elementor_library\">\n\t\t\t\t\t<section class=\"elementor-section elementor-top-section elementor-element elementor-element-42169362 elementor-section-boxed elementor-section-height-default elementor-section-height-default\" data-id=\"42169362\" data-element_type=\"section\" data-e-type=\"section\" data-settings=\"{&quot;background_background&quot;:&quot;classic&quot;}\">\n\t\t\t\t\t\t<div class=\"elementor-container elementor-column-gap-default\">\n\t\t\t\t\t<div class=\"elementor-column elementor-col-100 elementor-top-column elementor-element elementor-element-12e594ee\" data-id=\"12e594ee\" data-element_type=\"column\" data-e-type=\"column\" data-settings=\"{&quot;background_background&quot;:&quot;classic&quot;}\">\n\t\t\t<div class=\"elementor-widget-wrap elementor-element-populated\">\n\t\t\t\t\t\t<section class=\"elementor-section elementor-inner-section elementor-element elementor-element-351c8e1c elementor-section-full_width elementor-section-height-default elementor-section-height-default\" data-id=\"351c8e1c\" data-element_type=\"section\" data-e-type=\"section\">\n\t\t\t\t\t\t<div class=\"elementor-container elementor-column-gap-default\">\n\t\t\t\t\t<div class=\"elementor-column elementor-col-50 elementor-inner-column elementor-element elementor-element-1613bab3\" data-id=\"1613bab3\" data-element_type=\"column\" data-e-type=\"column\">\n\t\t\t<div class=\"elementor-widget-wrap elementor-element-populated\">\n\t\t\t\t\t\t<div class=\"elementor-element elementor-element-4e885d38 elementor-button-align-stretch elementor-widget elementor-widget-form\" data-id=\"4e885d38\" data-element_type=\"widget\" data-e-type=\"widget\" data-settings=\"{&quot;step_next_label&quot;:&quot;N\\u00e4sta&quot;,&quot;step_previous_label&quot;:&quot;F\\u00f6reg\\u00e5ende&quot;,&quot;button_width&quot;:&quot;100&quot;,&quot;step_type&quot;:&quot;number_text&quot;,&quot;step_icon_shape&quot;:&quot;circle&quot;}\" data-widget_type=\"form.default\">\n\t\t\t\t<div class=\"elementor-widget-container\">\n\t\t\t\t\t\t\t<form class=\"elementor-form\" method=\"post\" name=\"Nytt formul\u00e4r\" aria-label=\"Nytt formul\u00e4r\">\n\t\t\t<input type=\"hidden\" name=\"post_id\" value=\"2447\"\/>\n\t\t\t<input type=\"hidden\" name=\"form_id\" value=\"4e885d38\"\/>\n\t\t\t<input type=\"hidden\" name=\"referer_title\" value=\"Ecolog\" \/>\n\n\t\t\t\n\t\t\t<div class=\"elementor-form-fields-wrapper elementor-labels-above\">\n\t\t\t\t\t\t\t\t<div class=\"elementor-field-type-text elementor-field-group elementor-column elementor-field-group-name elementor-col-100 elementor-field-required\">\n\t\t\t\t\t\t\t\t\t\t\t\t\t<input size=\"1\" type=\"text\" name=\"form_fields[name]\" id=\"form-field-name\" class=\"elementor-field elementor-size-sm  elementor-field-textual\" placeholder=\"Namn\" required=\"required\">\n\t\t\t\t\t\t\t\t\t\t\t<\/div>\n\t\t\t\t\t\t\t\t<div class=\"elementor-field-type-email elementor-field-group elementor-column elementor-field-group-email elementor-col-100 elementor-field-required\">\n\t\t\t\t\t\t\t\t\t\t\t\t\t<input size=\"1\" type=\"email\" name=\"form_fields[email]\" id=\"form-field-email\" class=\"elementor-field elementor-size-sm  elementor-field-textual\" placeholder=\"E-post\" required=\"required\">\n\t\t\t\t\t\t\t\t\t\t\t<\/div>\n\t\t\t\t\t\t\t\t<div class=\"elementor-field-type-textarea elementor-field-group elementor-column elementor-field-group-message elementor-col-100 elementor-field-required\">\n\t\t\t\t\t<textarea class=\"elementor-field-textual elementor-field  elementor-size-sm\" name=\"form_fields[message]\" id=\"form-field-message\" rows=\"7\" placeholder=\"Meddelande\" required=\"required\"><\/textarea>\t\t\t\t<\/div>\n\t\t\t\t\t\t\t\t<div class=\"elementor-field-type-text\">\n\t\t\t\t\t<input size=\"1\" type=\"text\" name=\"form_fields[field_6a5b037]\" id=\"form-field-field_6a5b037\" class=\"elementor-field elementor-size-sm \" style=\"display:none !important;\">\t\t\t\t<\/div>\n\t\t\t\t\t\t\t\t<div class=\"elementor-field-type-recaptcha_v3 elementor-field-group elementor-column elementor-field-group-field_6cf1ca4 elementor-col-100 recaptcha_v3-bottomright\">\n\t\t\t\t\t<div class=\"elementor-field\" id=\"form-field-field_6cf1ca4\"><div class=\"elementor-g-recaptcha\" data-sitekey=\"6Lc9HW4oAAAAAJKjDAIccXSfeVVL5s7gb1-RqLk0\" data-type=\"v3\" data-action=\"Form\" data-badge=\"bottomright\" data-size=\"invisible\"><\/div><\/div>\t\t\t\t<\/div>\n\t\t\t\t\t\t\t\t<div class=\"elementor-field-group elementor-column elementor-field-type-submit elementor-col-100 e-form__buttons\">\n\t\t\t\t\t<button class=\"elementor-button elementor-size-sm\" type=\"submit\">\n\t\t\t\t\t\t<span class=\"elementor-button-content-wrapper\">\n\t\t\t\t\t\t\t\t\t\t\t\t\t\t\t\t\t\t\t\t\t\t<span class=\"elementor-button-text\">Skicka<\/span>\n\t\t\t\t\t\t\t\t\t\t\t\t\t<\/span>\n\t\t\t\t\t<\/button>\n\t\t\t\t<\/div>\n\t\t\t<\/div>\n\t\t<\/form>\n\t\t\t\t\t\t<\/div>\n\t\t\t\t<\/div>\n\t\t\t\t\t<\/div>\n\t\t<\/div>\n\t\t\t\t<div class=\"elementor-column elementor-col-50 elementor-inner-column elementor-element elementor-element-16578f0d\" data-id=\"16578f0d\" data-element_type=\"column\" data-e-type=\"column\">\n\t\t\t<div class=\"elementor-widget-wrap elementor-element-populated\">\n\t\t\t\t\t\t<div class=\"elementor-element elementor-element-3c2de7b9 elementor-widget elementor-widget-heading\" data-id=\"3c2de7b9\" data-element_type=\"widget\" data-e-type=\"widget\" data-widget_type=\"heading.default\">\n\t\t\t\t<div class=\"elementor-widget-container\">\n\t\t\t\t\t<h2 class=\"elementor-heading-title elementor-size-default\">H\u00f6r av dig till oss p\u00e5 Eco Log<\/h2>\t\t\t\t<\/div>\n\t\t\t\t<\/div>\n\t\t\t\t<div class=\"elementor-element elementor-element-59f86405 elementor-widget elementor-widget-text-editor\" data-id=\"59f86405\" data-element_type=\"widget\" data-e-type=\"widget\" data-widget_type=\"text-editor.default\">\n\t\t\t\t<div class=\"elementor-widget-container\">\n\t\t\t\t\t\t\t\t\t<p>Har du funderingar kring v\u00e5ra produkter eller tj\u00e4nster? Kontakta oss via formul\u00e4ret s\u00e5 \u00e5terkommer vi s\u00e5 snart som m\u00f6jligt.<br \/><br \/><\/p><p><strong>Eco Log Sweden AB<\/strong><br \/>Box 84, Norra Hamngatan 41<br \/>826 22 S\u00f6derhamn<\/p><p>info@ecologforestry.com<br \/>Tel: 0270 &#8211; 42 95 00<\/p>\t\t\t\t\t\t\t\t<\/div>\n\t\t\t\t<\/div>\n\t\t\t\t\t<\/div>\n\t\t<\/div>\n\t\t\t\t\t<\/div>\n\t\t<\/section>\n\t\t\t\t\t<\/div>\n\t\t<\/div>\n\t\t\t\t\t<\/div>\n\t\t<\/section>\n\t\t\t\t<\/div>\n\t\t\t\t<\/div>\n\t\t\t\t\t\t<\/div>\n\t\t\t\t<\/div>\n\t\t\t\t<div class=\"elementor-element elementor-element-745ed21 product hover-block elementor-position-top elementor-widget elementor-widget-image-box\" data-id=\"745ed21\" data-element_type=\"widget\" data-e-type=\"widget\" data-widget_type=\"image-box.default\">\n\t\t\t\t<div class=\"elementor-widget-container\">\n\t\t\t\t\t<div class=\"elementor-image-box-wrapper\"><figure class=\"elementor-image-box-img\"><a href=\"https:\/\/ecologforestry.com\/sv\/produkter\/skoerdaraggregat\/skoerdaraggregat-ec-461-lf\/\" tabindex=\"-1\"><img loading=\"lazy\" decoding=\"async\" width=\"800\" height=\"700\" src=\"https:\/\/ecologforestry.com\/wp-content\/uploads\/2023\/10\/461_start.jpg\" class=\"attachment-large size-large wp-image-3901\" alt=\"\" srcset=\"https:\/\/ecologforestry.com\/wp-content\/uploads\/2023\/10\/461_start.jpg 972w, https:\/\/ecologforestry.com\/wp-content\/uploads\/2023\/10\/461_start-300x262.jpg 300w, https:\/\/ecologforestry.com\/wp-content\/uploads\/2023\/10\/461_start-768x672.jpg 768w\" sizes=\"(max-width: 800px) 100vw, 800px\" \/><\/a><\/figure><div class=\"elementor-image-box-content\"><h3 class=\"elementor-image-box-title\"><a href=\"https:\/\/ecologforestry.com\/sv\/produkter\/skoerdaraggregat\/skoerdaraggregat-ec-461-lf\/\">EC 461 LF<br><span> Gallringsexperten  i alla l\u00e4gen<\/span><\/a><\/h3><p class=\"elementor-image-box-description\">SE PRODUKT \u00bb<\/p><\/div><\/div>\t\t\t\t<\/div>\n\t\t\t\t<\/div>\n\t\t\t\t\t<\/div>\n\t\t<\/div>\n\t\t\t\t\t<\/div>\n\t\t<\/section>\n\t\t\t\t<\/div>\n\t\t","protected":false},"excerpt":{"rendered":"<p>Eco Log sk\u00f6rdaraggregat Sk\u00f6rdaraggregat I Eco Logs aggregatserie ing\u00e5r tre h\u00f6g-producerande sk\u00f6rdaraggregat, alla p\u00e5 sitt s\u00e4tt anpassade f\u00f6r att m\u00f6ta skogsbrukets varierade och m\u00e5nga g\u00e5nger kr\u00e4vande utmaningar \u2013 fr\u00e5n klen f\u00f6rstagallring till den allra tuffaste slutavverkning. Samtliga aggregat har konstruerats enligt l\u00e5gfriktionskonceptet som best\u00e5r av fem l\u00f6sningar f\u00f6r att uppn\u00e5 h\u00f6gsta produktion, optimal br\u00e4nsle- och [&hellip;]<\/p>\n","protected":false},"author":1,"featured_media":0,"parent":207,"menu_order":30,"comment_status":"closed","ping_status":"closed","template":"page-product.php","meta":{"_acf_changed":false,"footnotes":""},"class_list":["post-3896","page","type-page","status-publish","hentry"],"acf":[],"_links":{"self":[{"href":"https:\/\/ecologforestry.com\/sv\/wp-json\/wp\/v2\/pages\/3896","targetHints":{"allow":["GET"]}}],"collection":[{"href":"https:\/\/ecologforestry.com\/sv\/wp-json\/wp\/v2\/pages"}],"about":[{"href":"https:\/\/ecologforestry.com\/sv\/wp-json\/wp\/v2\/types\/page"}],"author":[{"embeddable":true,"href":"https:\/\/ecologforestry.com\/sv\/wp-json\/wp\/v2\/users\/1"}],"replies":[{"embeddable":true,"href":"https:\/\/ecologforestry.com\/sv\/wp-json\/wp\/v2\/comments?post=3896"}],"version-history":[{"count":34,"href":"https:\/\/ecologforestry.com\/sv\/wp-json\/wp\/v2\/pages\/3896\/revisions"}],"predecessor-version":[{"id":8535,"href":"https:\/\/ecologforestry.com\/sv\/wp-json\/wp\/v2\/pages\/3896\/revisions\/8535"}],"up":[{"embeddable":true,"href":"https:\/\/ecologforestry.com\/sv\/wp-json\/wp\/v2\/pages\/207"}],"wp:attachment":[{"href":"https:\/\/ecologforestry.com\/sv\/wp-json\/wp\/v2\/media?parent=3896"}],"curies":[{"name":"wp","href":"https:\/\/api.w.org\/{rel}","templated":true}]}}