{"id":4227,"date":"2023-10-24T16:47:22","date_gmt":"2023-10-24T14:47:22","guid":{"rendered":"https:\/\/ecologforestry.com\/?page_id=4227"},"modified":"2025-12-30T10:05:07","modified_gmt":"2025-12-30T09:05:07","slug":"begagnade-produkter","status":"publish","type":"page","link":"https:\/\/ecologforestry.com\/sv\/produkter\/begagnade-produkter\/","title":{"rendered":"Begagnade produkter"},"content":{"rendered":"\t\t<div data-elementor-type=\"wp-page\" data-elementor-id=\"4227\" class=\"elementor elementor-4227\" data-elementor-post-type=\"page\">\n\t\t\t\t\t\t<main class=\"elementor-section elementor-top-section elementor-element elementor-element-3331e9a8 container elementor-section-boxed elementor-section-height-default elementor-section-height-default\" data-id=\"3331e9a8\" data-element_type=\"section\" data-e-type=\"section\">\n\t\t\t\t\t\t<div class=\"elementor-container elementor-column-gap-default\">\n\t\t\t\t\t<section class=\"elementor-column elementor-col-100 elementor-top-column elementor-element elementor-element-72a431b7 row benefitpage\" data-id=\"72a431b7\" data-element_type=\"column\" data-e-type=\"column\" data-settings=\"{&quot;background_background&quot;:&quot;classic&quot;}\">\n\t\t\t<div class=\"elementor-widget-wrap elementor-element-populated\">\n\t\t\t\t\t\t<div class=\"elementor-element elementor-element-14940f57 elementor-widget elementor-widget-heading\" data-id=\"14940f57\" data-element_type=\"widget\" data-e-type=\"widget\" data-widget_type=\"heading.default\">\n\t\t\t\t<div class=\"elementor-widget-container\">\n\t\t\t\t\t<h2 class=\"elementor-heading-title elementor-size-default\">Begagnade produkter<\/h2>\t\t\t\t<\/div>\n\t\t\t\t<\/div>\n\t\t\t\t<div class=\"elementor-element elementor-element-464a42b0 elementor-widget elementor-widget-image\" data-id=\"464a42b0\" data-element_type=\"widget\" data-e-type=\"widget\" data-widget_type=\"image.default\">\n\t\t\t\t<div class=\"elementor-widget-container\">\n\t\t\t\t\t\t\t\t\t\t\t\t\t\t\t<img decoding=\"async\" width=\"38\" height=\"23\" src=\"https:\/\/ecologforestry.com\/wp-content\/uploads\/2023\/08\/ecolog-logo-small.png\" class=\"attachment-large size-large wp-image-111\" alt=\"\" \/>\t\t\t\t\t\t\t\t\t\t\t\t\t\t\t<\/div>\n\t\t\t\t<\/div>\n\t\t\t\t<div class=\"elementor-element elementor-element-644f4a19 elementor-widget elementor-widget-text-editor\" data-id=\"644f4a19\" data-element_type=\"widget\" data-e-type=\"widget\" data-widget_type=\"text-editor.default\">\n\t\t\t\t<div class=\"elementor-widget-container\">\n\t\t\t\t\t\t\t\t\tAtt k\u00f6pa en begagnad Eco Log inneb\u00e4r en ekonomiskt f\u00f6rdelaktig aff\u00e4r, inte bara vid k\u00f6pet utan ocks\u00e5 p\u00e5 l\u00e5ng sikt d\u00e4r du f\u00e5r en skogsmaskin som levererar h\u00f6g produktivitet och effektivitet till ditt skogsbruk.\n\nAtt k\u00f6pa Eco Log ska vara tryggt och d\u00e4rf\u00f6r har v\u00e5ra begagnade maskiner alltid f\u00e5tt en grundlig genomg\u00e5ng, servats och \u00e5tg\u00e4rdats med Eco Logs originaldelar innan leverans.\n<p>Dessutom ing\u00e5r alltid en f\u00f6rdelaktig begagnatgaranti med ett antal kostnadsfria tj\u00e4nster vilket g\u00f6r att du kan k\u00e4nna dig s\u00e4ker p\u00e5 att vi p\u00e5 Eco Log finns d\u00e4r f\u00f6r dig s\u00e5v\u00e4l f\u00f6re som efter k\u00f6pet.<\/p>\n<strong>Begagnatgaranti<\/strong>\t\t\t\t\t\t\t\t<\/div>\n\t\t\t\t<\/div>\n\t\t\t\t<div class=\"elementor-element elementor-element-bb252a0 elementor-widget elementor-widget-image\" data-id=\"bb252a0\" data-element_type=\"widget\" data-e-type=\"widget\" data-widget_type=\"image.default\">\n\t\t\t\t<div class=\"elementor-widget-container\">\n\t\t\t\t\t\t\t\t\t\t\t\t\t\t\t\t<a href=\"https:\/\/ecologforestry.com\/wp-content\/uploads\/2025\/12\/Begagnat_flyer_2025_SV.pdf\" target=\"_blank\">\n\t\t\t\t\t\t\t<img fetchpriority=\"high\" decoding=\"async\" width=\"724\" height=\"1024\" src=\"https:\/\/ecologforestry.com\/wp-content\/uploads\/2025\/12\/Begagnat_flyer_2025_SV-1-724x1024.jpg\" class=\"attachment-large size-large wp-image-8839\" alt=\"Begagnat garanti\" srcset=\"https:\/\/ecologforestry.com\/wp-content\/uploads\/2025\/12\/Begagnat_flyer_2025_SV-1-724x1024.jpg 724w, https:\/\/ecologforestry.com\/wp-content\/uploads\/2025\/12\/Begagnat_flyer_2025_SV-1-212x300.jpg 212w, https:\/\/ecologforestry.com\/wp-content\/uploads\/2025\/12\/Begagnat_flyer_2025_SV-1-768x1086.jpg 768w, https:\/\/ecologforestry.com\/wp-content\/uploads\/2025\/12\/Begagnat_flyer_2025_SV-1-1086x1536.jpg 1086w, https:\/\/ecologforestry.com\/wp-content\/uploads\/2025\/12\/Begagnat_flyer_2025_SV-1-1448x2048.jpg 1448w, https:\/\/ecologforestry.com\/wp-content\/uploads\/2025\/12\/Begagnat_flyer_2025_SV-1-scaled.jpg 1810w\" sizes=\"(max-width: 724px) 100vw, 724px\" \/>\t\t\t\t\t\t\t\t<\/a>\n\t\t\t\t\t\t\t\t\t\t\t\t\t\t\t<\/div>\n\t\t\t\t<\/div>\n\t\t\t\t<div class=\"elementor-element elementor-element-de10c8c elementor-widget elementor-widget-text-editor\" data-id=\"de10c8c\" data-element_type=\"widget\" data-e-type=\"widget\" data-widget_type=\"text-editor.default\">\n\t\t\t\t<div class=\"elementor-widget-container\">\n\t\t\t\t\t\t\t\t\t<p><a title=\"Begagnat_flyer_2020_11_13.pdf\" href=\"https:\/\/ecologforestry.com\/wp-content\/uploads\/2025\/12\/Begagnat_flyer_2025_SV.pdf\" target=\"_blank\" rel=\"noopener\">L\u00e4s mer om v\u00e5r begagnatgaranti i v\u00e5r folder<\/a><\/p>\t\t\t\t\t\t\t\t<\/div>\n\t\t\t\t<\/div>\n\t\t\t\t<section class=\"elementor-section elementor-inner-section elementor-element elementor-element-61a23ba elementor-section-full_width elementor-section-height-default elementor-section-height-default\" data-id=\"61a23ba\" data-element_type=\"section\" data-e-type=\"section\">\n\t\t\t\t\t\t<div class=\"elementor-container elementor-column-gap-default\">\n\t\t\t\t\t<div class=\"elementor-column elementor-col-100 elementor-inner-column elementor-element elementor-element-8342625\" data-id=\"8342625\" data-element_type=\"column\" data-e-type=\"column\">\n\t\t\t<div class=\"elementor-widget-wrap elementor-element-populated\">\n\t\t\t\t\t\t<div class=\"elementor-element elementor-element-bbdeb4b elementor-mobile-align-center elementor-widget-mobile__width-inherit elementor-widget elementor-widget-button\" data-id=\"bbdeb4b\" data-element_type=\"widget\" data-e-type=\"widget\" data-widget_type=\"button.default\">\n\t\t\t\t<div class=\"elementor-widget-container\">\n\t\t\t\t\t\t\t\t\t<div class=\"elementor-button-wrapper\">\n\t\t\t\t\t<a class=\"elementor-button elementor-button-link elementor-size-sm\" href=\"https:\/\/usedmachinery.ecologforestry.com\" target=\"_blank\">\n\t\t\t\t\t\t<span class=\"elementor-button-content-wrapper\">\n\t\t\t\t\t\t\t\t\t<span class=\"elementor-button-text\">Begagnade produkter<\/span>\n\t\t\t\t\t<\/span>\n\t\t\t\t\t<\/a>\n\t\t\t\t<\/div>\n\t\t\t\t\t\t\t\t<\/div>\n\t\t\t\t<\/div>\n\t\t\t\t\t<\/div>\n\t\t<\/div>\n\t\t\t\t\t<\/div>\n\t\t<\/section>\n\t\t\t\t\t<\/div>\n\t\t<\/section>\n\t\t\t\t\t<\/div>\n\t\t<\/main>\n\t\t\t\t<section class=\"elementor-section elementor-top-section elementor-element elementor-element-3837145 elementor-section-boxed elementor-section-height-default elementor-section-height-default\" data-id=\"3837145\" data-element_type=\"section\" data-e-type=\"section\">\n\t\t\t\t\t\t<div class=\"elementor-container elementor-column-gap-default\">\n\t\t\t\t\t<div class=\"elementor-column elementor-col-100 elementor-top-column elementor-element elementor-element-1494c5a\" data-id=\"1494c5a\" data-element_type=\"column\" data-e-type=\"column\">\n\t\t\t<div class=\"elementor-widget-wrap elementor-element-populated\">\n\t\t\t\t\t\t<div class=\"elementor-element elementor-element-013c905 elementor-widget elementor-widget-template\" data-id=\"013c905\" data-element_type=\"widget\" data-e-type=\"widget\" data-widget_type=\"template.default\">\n\t\t\t\t<div class=\"elementor-widget-container\">\n\t\t\t\t\t\t\t<div class=\"elementor-template\">\n\t\t\t\t\t<div data-elementor-type=\"section\" data-elementor-id=\"2447\" class=\"elementor elementor-2447\" data-elementor-post-type=\"elementor_library\">\n\t\t\t\t\t<section class=\"elementor-section elementor-top-section elementor-element elementor-element-42169362 elementor-section-boxed elementor-section-height-default elementor-section-height-default\" data-id=\"42169362\" data-element_type=\"section\" data-e-type=\"section\" data-settings=\"{&quot;background_background&quot;:&quot;classic&quot;}\">\n\t\t\t\t\t\t<div class=\"elementor-container elementor-column-gap-default\">\n\t\t\t\t\t<div class=\"elementor-column elementor-col-100 elementor-top-column elementor-element elementor-element-12e594ee\" data-id=\"12e594ee\" data-element_type=\"column\" data-e-type=\"column\" data-settings=\"{&quot;background_background&quot;:&quot;classic&quot;}\">\n\t\t\t<div class=\"elementor-widget-wrap elementor-element-populated\">\n\t\t\t\t\t\t<section class=\"elementor-section elementor-inner-section elementor-element elementor-element-351c8e1c elementor-section-full_width elementor-section-height-default elementor-section-height-default\" data-id=\"351c8e1c\" data-element_type=\"section\" data-e-type=\"section\">\n\t\t\t\t\t\t<div class=\"elementor-container elementor-column-gap-default\">\n\t\t\t\t\t<div class=\"elementor-column elementor-col-50 elementor-inner-column elementor-element elementor-element-1613bab3\" data-id=\"1613bab3\" data-element_type=\"column\" data-e-type=\"column\">\n\t\t\t<div class=\"elementor-widget-wrap elementor-element-populated\">\n\t\t\t\t\t\t<div class=\"elementor-element elementor-element-4e885d38 elementor-button-align-stretch elementor-widget elementor-widget-form\" data-id=\"4e885d38\" data-element_type=\"widget\" data-e-type=\"widget\" data-settings=\"{&quot;step_next_label&quot;:&quot;N\\u00e4sta&quot;,&quot;step_previous_label&quot;:&quot;F\\u00f6reg\\u00e5ende&quot;,&quot;button_width&quot;:&quot;100&quot;,&quot;step_type&quot;:&quot;number_text&quot;,&quot;step_icon_shape&quot;:&quot;circle&quot;}\" data-widget_type=\"form.default\">\n\t\t\t\t<div class=\"elementor-widget-container\">\n\t\t\t\t\t\t\t<form class=\"elementor-form\" method=\"post\" name=\"Nytt formul\u00e4r\" aria-label=\"Nytt formul\u00e4r\">\n\t\t\t<input type=\"hidden\" name=\"post_id\" value=\"2447\"\/>\n\t\t\t<input type=\"hidden\" name=\"form_id\" value=\"4e885d38\"\/>\n\t\t\t<input type=\"hidden\" name=\"referer_title\" value=\"Ecolog\" \/>\n\n\t\t\t\n\t\t\t<div class=\"elementor-form-fields-wrapper elementor-labels-above\">\n\t\t\t\t\t\t\t\t<div class=\"elementor-field-type-text elementor-field-group elementor-column elementor-field-group-name elementor-col-100 elementor-field-required\">\n\t\t\t\t\t\t\t\t\t\t\t\t\t<input size=\"1\" type=\"text\" name=\"form_fields[name]\" id=\"form-field-name\" class=\"elementor-field elementor-size-sm  elementor-field-textual\" placeholder=\"Namn\" required=\"required\">\n\t\t\t\t\t\t\t\t\t\t\t<\/div>\n\t\t\t\t\t\t\t\t<div class=\"elementor-field-type-email elementor-field-group elementor-column elementor-field-group-email elementor-col-100 elementor-field-required\">\n\t\t\t\t\t\t\t\t\t\t\t\t\t<input size=\"1\" type=\"email\" name=\"form_fields[email]\" id=\"form-field-email\" class=\"elementor-field elementor-size-sm  elementor-field-textual\" placeholder=\"E-post\" required=\"required\">\n\t\t\t\t\t\t\t\t\t\t\t<\/div>\n\t\t\t\t\t\t\t\t<div class=\"elementor-field-type-textarea elementor-field-group elementor-column elementor-field-group-message elementor-col-100 elementor-field-required\">\n\t\t\t\t\t<textarea class=\"elementor-field-textual elementor-field  elementor-size-sm\" name=\"form_fields[message]\" id=\"form-field-message\" rows=\"7\" placeholder=\"Meddelande\" required=\"required\"><\/textarea>\t\t\t\t<\/div>\n\t\t\t\t\t\t\t\t<div class=\"elementor-field-type-text\">\n\t\t\t\t\t<input size=\"1\" type=\"text\" name=\"form_fields[field_6a5b037]\" id=\"form-field-field_6a5b037\" class=\"elementor-field elementor-size-sm \" style=\"display:none !important;\">\t\t\t\t<\/div>\n\t\t\t\t\t\t\t\t<div class=\"elementor-field-type-recaptcha_v3 elementor-field-group elementor-column elementor-field-group-field_6cf1ca4 elementor-col-100 recaptcha_v3-bottomright\">\n\t\t\t\t\t<div class=\"elementor-field\" id=\"form-field-field_6cf1ca4\"><div class=\"elementor-g-recaptcha\" data-sitekey=\"6Lc9HW4oAAAAAJKjDAIccXSfeVVL5s7gb1-RqLk0\" data-type=\"v3\" data-action=\"Form\" data-badge=\"bottomright\" data-size=\"invisible\"><\/div><\/div>\t\t\t\t<\/div>\n\t\t\t\t\t\t\t\t<div class=\"elementor-field-group elementor-column elementor-field-type-submit elementor-col-100 e-form__buttons\">\n\t\t\t\t\t<button class=\"elementor-button elementor-size-sm\" type=\"submit\">\n\t\t\t\t\t\t<span class=\"elementor-button-content-wrapper\">\n\t\t\t\t\t\t\t\t\t\t\t\t\t\t\t\t\t\t\t\t\t\t<span class=\"elementor-button-text\">Skicka<\/span>\n\t\t\t\t\t\t\t\t\t\t\t\t\t<\/span>\n\t\t\t\t\t<\/button>\n\t\t\t\t<\/div>\n\t\t\t<\/div>\n\t\t<\/form>\n\t\t\t\t\t\t<\/div>\n\t\t\t\t<\/div>\n\t\t\t\t\t<\/div>\n\t\t<\/div>\n\t\t\t\t<div class=\"elementor-column elementor-col-50 elementor-inner-column elementor-element elementor-element-16578f0d\" data-id=\"16578f0d\" data-element_type=\"column\" data-e-type=\"column\">\n\t\t\t<div class=\"elementor-widget-wrap elementor-element-populated\">\n\t\t\t\t\t\t<div class=\"elementor-element elementor-element-3c2de7b9 elementor-widget elementor-widget-heading\" data-id=\"3c2de7b9\" data-element_type=\"widget\" data-e-type=\"widget\" data-widget_type=\"heading.default\">\n\t\t\t\t<div class=\"elementor-widget-container\">\n\t\t\t\t\t<h2 class=\"elementor-heading-title elementor-size-default\">H\u00f6r av dig till oss p\u00e5 Eco Log<\/h2>\t\t\t\t<\/div>\n\t\t\t\t<\/div>\n\t\t\t\t<div class=\"elementor-element elementor-element-59f86405 elementor-widget elementor-widget-text-editor\" data-id=\"59f86405\" data-element_type=\"widget\" data-e-type=\"widget\" data-widget_type=\"text-editor.default\">\n\t\t\t\t<div class=\"elementor-widget-container\">\n\t\t\t\t\t\t\t\t\t<p>Har du funderingar kring v\u00e5ra produkter eller tj\u00e4nster? Kontakta oss via formul\u00e4ret s\u00e5 \u00e5terkommer vi s\u00e5 snart som m\u00f6jligt.<br \/><br \/><\/p><p><strong>Eco Log Sweden AB<\/strong><br \/>Box 84, Norra Hamngatan 41<br \/>826 22 S\u00f6derhamn<\/p><p>info@ecologforestry.com<br \/>Tel: 0270 &#8211; 42 95 00<\/p>\t\t\t\t\t\t\t\t<\/div>\n\t\t\t\t<\/div>\n\t\t\t\t\t<\/div>\n\t\t<\/div>\n\t\t\t\t\t<\/div>\n\t\t<\/section>\n\t\t\t\t\t<\/div>\n\t\t<\/div>\n\t\t\t\t\t<\/div>\n\t\t<\/section>\n\t\t\t\t<\/div>\n\t\t\t\t<\/div>\n\t\t\t\t\t\t<\/div>\n\t\t\t\t<\/div>\n\t\t\t\t\t<\/div>\n\t\t<\/div>\n\t\t\t\t\t<\/div>\n\t\t<\/section>\n\t\t\t\t<\/div>\n\t\t","protected":false},"excerpt":{"rendered":"<p>Begagnade produkter Att k\u00f6pa en begagnad Eco Log inneb\u00e4r en ekonomiskt f\u00f6rdelaktig aff\u00e4r, inte bara vid k\u00f6pet utan ocks\u00e5 p\u00e5 l\u00e5ng sikt d\u00e4r du f\u00e5r en skogsmaskin som levererar h\u00f6g produktivitet och effektivitet till ditt skogsbruk. Att k\u00f6pa Eco Log ska vara tryggt och d\u00e4rf\u00f6r har v\u00e5ra begagnade maskiner alltid f\u00e5tt en grundlig genomg\u00e5ng, servats [&hellip;]<\/p>\n","protected":false},"author":1,"featured_media":0,"parent":207,"menu_order":50,"comment_status":"closed","ping_status":"closed","template":"page-product.php","meta":{"_acf_changed":false,"footnotes":""},"class_list":["post-4227","page","type-page","status-publish","hentry"],"acf":[],"_links":{"self":[{"href":"https:\/\/ecologforestry.com\/sv\/wp-json\/wp\/v2\/pages\/4227","targetHints":{"allow":["GET"]}}],"collection":[{"href":"https:\/\/ecologforestry.com\/sv\/wp-json\/wp\/v2\/pages"}],"about":[{"href":"https:\/\/ecologforestry.com\/sv\/wp-json\/wp\/v2\/types\/page"}],"author":[{"embeddable":true,"href":"https:\/\/ecologforestry.com\/sv\/wp-json\/wp\/v2\/users\/1"}],"replies":[{"embeddable":true,"href":"https:\/\/ecologforestry.com\/sv\/wp-json\/wp\/v2\/comments?post=4227"}],"version-history":[{"count":28,"href":"https:\/\/ecologforestry.com\/sv\/wp-json\/wp\/v2\/pages\/4227\/revisions"}],"predecessor-version":[{"id":8842,"href":"https:\/\/ecologforestry.com\/sv\/wp-json\/wp\/v2\/pages\/4227\/revisions\/8842"}],"up":[{"embeddable":true,"href":"https:\/\/ecologforestry.com\/sv\/wp-json\/wp\/v2\/pages\/207"}],"wp:attachment":[{"href":"https:\/\/ecologforestry.com\/sv\/wp-json\/wp\/v2\/media?parent=4227"}],"curies":[{"name":"wp","href":"https:\/\/api.w.org\/{rel}","templated":true}]}}