{"id":5173,"date":"2023-10-26T12:34:16","date_gmt":"2023-10-26T10:34:16","guid":{"rendered":"https:\/\/ecologforestry.com\/?page_id=5173"},"modified":"2025-12-04T16:32:01","modified_gmt":"2025-12-04T15:32:01","slug":"cookie-policy","status":"publish","type":"page","link":"https:\/\/ecologforestry.com\/sv\/cookie-policy\/","title":{"rendered":"Cookie Policy"},"content":{"rendered":"\t\t<div data-elementor-type=\"wp-page\" data-elementor-id=\"5173\" class=\"elementor elementor-5173\" data-elementor-post-type=\"page\">\n\t\t\t\t\t\t<main class=\"elementor-section elementor-top-section elementor-element elementor-element-73cd122e container elementor-section-boxed elementor-section-height-default elementor-section-height-default\" data-id=\"73cd122e\" data-element_type=\"section\" data-e-type=\"section\">\n\t\t\t\t\t\t<div class=\"elementor-container elementor-column-gap-default\">\n\t\t\t\t\t<section class=\"elementor-column elementor-col-100 elementor-top-column elementor-element elementor-element-466f103c row benefitpage\" data-id=\"466f103c\" data-element_type=\"column\" data-e-type=\"column\" data-settings=\"{&quot;background_background&quot;:&quot;classic&quot;}\">\n\t\t\t<div class=\"elementor-widget-wrap elementor-element-populated\">\n\t\t\t\t\t\t<div class=\"elementor-element elementor-element-6a9f5cf1 elementor-widget elementor-widget-heading\" data-id=\"6a9f5cf1\" data-element_type=\"widget\" data-e-type=\"widget\" data-widget_type=\"heading.default\">\n\t\t\t\t<div class=\"elementor-widget-container\">\n\t\t\t\t\t<p class=\"elementor-heading-title elementor-size-default\">ECO LOG<\/p>\t\t\t\t<\/div>\n\t\t\t\t<\/div>\n\t\t\t\t<div class=\"elementor-element elementor-element-4aff71a1 elementor-widget elementor-widget-heading\" data-id=\"4aff71a1\" data-element_type=\"widget\" data-e-type=\"widget\" data-widget_type=\"heading.default\">\n\t\t\t\t<div class=\"elementor-widget-container\">\n\t\t\t\t\t<h2 class=\"elementor-heading-title elementor-size-default\">Cookie Policy<\/h2>\t\t\t\t<\/div>\n\t\t\t\t<\/div>\n\t\t\t\t<div class=\"elementor-element elementor-element-419c1364 elementor-widget elementor-widget-image\" data-id=\"419c1364\" data-element_type=\"widget\" data-e-type=\"widget\" data-widget_type=\"image.default\">\n\t\t\t\t<div class=\"elementor-widget-container\">\n\t\t\t\t\t\t\t\t\t\t\t\t\t\t\t<img decoding=\"async\" width=\"38\" height=\"23\" src=\"https:\/\/ecologforestry.com\/wp-content\/uploads\/2023\/08\/ecolog-logo-small.png\" class=\"attachment-large size-large wp-image-111\" alt=\"\" \/>\t\t\t\t\t\t\t\t\t\t\t\t\t\t\t<\/div>\n\t\t\t\t<\/div>\n\t\t\t\t<div class=\"elementor-element elementor-element-62800b76 elementor-widget elementor-widget-text-editor\" data-id=\"62800b76\" data-element_type=\"widget\" data-e-type=\"widget\" data-widget_type=\"text-editor.default\">\n\t\t\t\t<div class=\"elementor-widget-container\">\n\t\t\t\t\t\t\t\t\t<p data-start=\"403\" data-end=\"515\"><strong data-start=\"403\" data-end=\"515\">Lagen om elektronisk kommunikation kr\u00e4ver att vi informerar dig om att vi anv\u00e4nder cookies p\u00e5 v\u00e5r webbplats.<\/strong><\/p><p data-start=\"517\" data-end=\"721\">Vi anv\u00e4nder cookies f\u00f6r att v\u00e5r webbplats ska fungera korrekt och f\u00f6r att kunna ge dig en b\u00e4ttre och mer relevant upplevelse. De cookies vi anv\u00e4nder lagrar ingen personlig information om dig som bes\u00f6kare.<\/p><p data-start=\"723\" data-end=\"1042\">Cookies \u00e4r sm\u00e5 textfiler som sparas i din webbl\u00e4sare. Med hj\u00e4lp av dem kan vi samla in anonym statistik om hur webbplatsen anv\u00e4nds \u2013 till exempel vilka sidor som bes\u00f6ks och vilka funktioner som \u00e4r mest uppskattade. Informationen hj\u00e4lper oss att utveckla, optimera och f\u00f6rb\u00e4ttra v\u00e5r webbplats och v\u00e5ra digitala tj\u00e4nster.<\/p><p data-start=\"145\" data-end=\"457\">De flesta webbl\u00e4sare \u00e4r som standard inst\u00e4llda p\u00e5 att acceptera cookies. Om du vill kan du \u00e4ndra inst\u00e4llningarna i din webbl\u00e4sare f\u00f6r att blockera eller radera cookies, eller f\u00e5 en varning varje g\u00e5ng en webbplats f\u00f6rs\u00f6ker spara en cookie. Instruktioner f\u00f6r hur du g\u00f6r detta finns i din webbl\u00e4sares hj\u00e4lpfunktion.<\/p><p data-start=\"1044\" data-end=\"1350\">\u00a0<\/p><p data-start=\"459\" data-end=\"653\">Du kan ocks\u00e5 n\u00e4r som helst \u00e4ndra eller \u00e5terkalla ditt samtycke till cookies genom att \u00f6ppna v\u00e5r cookiebanner. Den \u00e4r tillg\u00e4nglig via l\u00e4nken <strong data-start=\"599\" data-end=\"624\">\u201dCookieinst\u00e4llningar\u201d<\/strong> i till v\u00e4nster ovanf\u00f6r sidfoten p\u00e5 v\u00e5r webbplats.<\/p><p data-start=\"1352\" data-end=\"1456\">Du kan l\u00e4sa mer om lagen om elektronisk kommunikation och cookies p\u00e5 <a href=\"http:\/\/www.pts.se\/\" target=\"_blank\" rel=\"noopener\">Post- och Telestyrelsens webbplats<\/a>.<\/p>\t\t\t\t\t\t\t\t<\/div>\n\t\t\t\t<\/div>\n\t\t\t\t<div class=\"elementor-element elementor-element-d3cd96b elementor-widget elementor-widget-html\" data-id=\"d3cd96b\" data-element_type=\"widget\" data-e-type=\"widget\" data-widget_type=\"html.default\">\n\t\t\t\t<div class=\"elementor-widget-container\">\n\t\t\t\t\t<div class=\"uc-embed-tcf\"><\/div>\n<div class=\"uc-embed-tcf\" uc-embed-type=\"purposes\"><\/div>\n\n\n\n\t\t\t\t<\/div>\n\t\t\t\t<\/div>\n\t\t\t\t\t<\/div>\n\t\t<\/section>\n\t\t\t\t\t<\/div>\n\t\t<\/main>\n\t\t\t\t<section class=\"elementor-section elementor-top-section elementor-element elementor-element-8313b34 elementor-section-boxed elementor-section-height-default elementor-section-height-default\" data-id=\"8313b34\" data-element_type=\"section\" data-e-type=\"section\">\n\t\t\t\t\t\t<div class=\"elementor-container elementor-column-gap-default\">\n\t\t\t\t\t<div class=\"elementor-column elementor-col-100 elementor-top-column elementor-element elementor-element-3cb7ce5\" data-id=\"3cb7ce5\" data-element_type=\"column\" data-e-type=\"column\">\n\t\t\t<div class=\"elementor-widget-wrap\">\n\t\t\t\t\t\t\t<\/div>\n\t\t<\/div>\n\t\t\t\t\t<\/div>\n\t\t<\/section>\n\t\t\t\t<\/div>\n\t\t","protected":false},"excerpt":{"rendered":"<p>ECO LOG Cookie Policy Lagen om elektronisk kommunikation kr\u00e4ver att vi informerar dig om att vi anv\u00e4nder cookies p\u00e5 v\u00e5r webbplats. Vi anv\u00e4nder cookies f\u00f6r att v\u00e5r webbplats ska fungera korrekt och f\u00f6r att kunna ge dig en b\u00e4ttre och mer relevant upplevelse. De cookies vi anv\u00e4nder lagrar ingen personlig information om dig som bes\u00f6kare. [&hellip;]<\/p>\n","protected":false},"author":1,"featured_media":0,"parent":0,"menu_order":1010,"comment_status":"closed","ping_status":"open","template":"","meta":{"_acf_changed":false,"footnotes":""},"class_list":["post-5173","page","type-page","status-publish","hentry"],"acf":[],"_links":{"self":[{"href":"https:\/\/ecologforestry.com\/sv\/wp-json\/wp\/v2\/pages\/5173","targetHints":{"allow":["GET"]}}],"collection":[{"href":"https:\/\/ecologforestry.com\/sv\/wp-json\/wp\/v2\/pages"}],"about":[{"href":"https:\/\/ecologforestry.com\/sv\/wp-json\/wp\/v2\/types\/page"}],"author":[{"embeddable":true,"href":"https:\/\/ecologforestry.com\/sv\/wp-json\/wp\/v2\/users\/1"}],"replies":[{"embeddable":true,"href":"https:\/\/ecologforestry.com\/sv\/wp-json\/wp\/v2\/comments?post=5173"}],"version-history":[{"count":64,"href":"https:\/\/ecologforestry.com\/sv\/wp-json\/wp\/v2\/pages\/5173\/revisions"}],"predecessor-version":[{"id":8792,"href":"https:\/\/ecologforestry.com\/sv\/wp-json\/wp\/v2\/pages\/5173\/revisions\/8792"}],"wp:attachment":[{"href":"https:\/\/ecologforestry.com\/sv\/wp-json\/wp\/v2\/media?parent=5173"}],"curies":[{"name":"wp","href":"https:\/\/api.w.org\/{rel}","templated":true}]}}