{"id":9529,"date":"2026-04-10T12:20:08","date_gmt":"2026-04-10T10:20:08","guid":{"rendered":"https:\/\/ecologforestry.com\/?page_id=9529"},"modified":"2026-05-04T14:28:47","modified_gmt":"2026-05-04T12:28:47","slug":"eco-log-d7-wireless","status":"publish","type":"page","link":"https:\/\/ecologforestry.com\/sv\/eco-log-d7-wireless\/","title":{"rendered":"Eco Log D7 Wireless"},"content":{"rendered":"\t\t<div data-elementor-type=\"wp-page\" data-elementor-id=\"9529\" class=\"elementor elementor-9529\" data-elementor-post-type=\"page\">\n\t\t\t\t\t\t<section class=\"elementor-section elementor-top-section elementor-element elementor-element-e5087d5 elementor-section-boxed elementor-section-height-default elementor-section-height-default\" data-id=\"e5087d5\" data-element_type=\"section\" data-e-type=\"section\">\n\t\t\t\t\t\t<div class=\"elementor-container elementor-column-gap-default\">\n\t\t\t\t\t<div class=\"elementor-column elementor-col-100 elementor-top-column elementor-element elementor-element-cfb0b11\" data-id=\"cfb0b11\" data-element_type=\"column\" data-e-type=\"column\">\n\t\t\t<div class=\"elementor-widget-wrap elementor-element-populated\">\n\t\t\t\t\t\t<div class=\"elementor-element elementor-element-91e9ef1 elementor-hidden-mobile_extra elementor-hidden-mobile elementor-hidden-tablet elementor--h-position-center elementor--v-position-middle elementor-arrows-position-inside elementor-pagination-position-inside elementor-widget elementor-widget-slides\" data-id=\"91e9ef1\" data-element_type=\"widget\" data-e-type=\"widget\" data-settings=\"{&quot;navigation&quot;:&quot;both&quot;,&quot;autoplay&quot;:&quot;yes&quot;,&quot;pause_on_hover&quot;:&quot;yes&quot;,&quot;pause_on_interaction&quot;:&quot;yes&quot;,&quot;autoplay_speed&quot;:5000,&quot;infinite&quot;:&quot;yes&quot;,&quot;transition&quot;:&quot;slide&quot;,&quot;transition_speed&quot;:500}\" data-widget_type=\"slides.default\">\n\t\t\t\t<div class=\"elementor-widget-container\">\n\t\t\t\t\t\t\t\t\t<div class=\"elementor-swiper\">\n\t\t\t\t\t<div class=\"elementor-slides-wrapper elementor-main-swiper swiper\" role=\"region\" aria-roledescription=\"carousel\" aria-label=\"Slides\" dir=\"ltr\" data-animation=\"fadeInUp\">\n\t\t\t\t<div class=\"swiper-wrapper elementor-slides\">\n\t\t\t\t\t\t\t\t\t\t<div class=\"elementor-repeater-item-0f25602 swiper-slide\" role=\"group\" aria-roledescription=\"slide\"><div class=\"swiper-slide-bg\" role=\"img\" aria-label=\"Eco Log wireless\"><\/div><div class=\"swiper-slide-inner\" ><div class=\"swiper-slide-contents\"><\/div><\/div><\/div>\t\t\t\t<\/div>\n\t\t\t\t\t\t\t<\/div>\n\t\t\t\t<\/div>\n\t\t\t\t\t\t\t\t<\/div>\n\t\t\t\t<\/div>\n\t\t\t\t\t<\/div>\n\t\t<\/div>\n\t\t\t\t\t<\/div>\n\t\t<\/section>\n\t\t\t\t<section class=\"elementor-section elementor-top-section elementor-element elementor-element-50f5b4b elementor-section-boxed elementor-section-height-default elementor-section-height-default\" data-id=\"50f5b4b\" data-element_type=\"section\" data-e-type=\"section\">\n\t\t\t\t\t\t\t<div class=\"elementor-background-overlay\"><\/div>\n\t\t\t\t\t\t\t<div class=\"elementor-container elementor-column-gap-default\">\n\t\t\t\t\t<div class=\"elementor-column elementor-col-100 elementor-top-column elementor-element elementor-element-01cd45a\" data-id=\"01cd45a\" data-element_type=\"column\" data-e-type=\"column\">\n\t\t\t<div class=\"elementor-widget-wrap elementor-element-populated\">\n\t\t\t\t\t\t<div class=\"elementor-element elementor-element-12bd565 elementor-widget-mobile__width-initial elementor-hidden-desktop elementor--h-position-center elementor--v-position-middle elementor-arrows-position-inside elementor-pagination-position-inside elementor-widget elementor-widget-slides\" data-id=\"12bd565\" data-element_type=\"widget\" data-e-type=\"widget\" data-settings=\"{&quot;navigation&quot;:&quot;both&quot;,&quot;autoplay&quot;:&quot;yes&quot;,&quot;pause_on_hover&quot;:&quot;yes&quot;,&quot;pause_on_interaction&quot;:&quot;yes&quot;,&quot;autoplay_speed&quot;:5000,&quot;infinite&quot;:&quot;yes&quot;,&quot;transition&quot;:&quot;slide&quot;,&quot;transition_speed&quot;:500}\" data-widget_type=\"slides.default\">\n\t\t\t\t<div class=\"elementor-widget-container\">\n\t\t\t\t\t\t\t\t\t<div class=\"elementor-swiper\">\n\t\t\t\t\t<div class=\"elementor-slides-wrapper elementor-main-swiper swiper\" role=\"region\" aria-roledescription=\"carousel\" aria-label=\"Slides\" dir=\"ltr\" data-animation=\"fadeInUp\">\n\t\t\t\t<div class=\"swiper-wrapper elementor-slides\">\n\t\t\t\t\t\t\t\t\t\t<div class=\"elementor-repeater-item-9c67f79 swiper-slide\" role=\"group\" aria-roledescription=\"slide\"><div class=\"swiper-slide-bg\" role=\"img\" aria-label=\"Eco Log D7 Wireless\"><\/div><div class=\"swiper-slide-inner\" ><div class=\"swiper-slide-contents\"><\/div><\/div><\/div>\t\t\t\t<\/div>\n\t\t\t\t\t\t\t<\/div>\n\t\t\t\t<\/div>\n\t\t\t\t\t\t\t\t<\/div>\n\t\t\t\t<\/div>\n\t\t\t\t\t<\/div>\n\t\t<\/div>\n\t\t\t\t\t<\/div>\n\t\t<\/section>\n\t\t\t\t<section class=\"elementor-section elementor-top-section elementor-element elementor-element-a90dca9 elementor-section-boxed elementor-section-height-default elementor-section-height-default\" data-id=\"a90dca9\" data-element_type=\"section\" data-e-type=\"section\">\n\t\t\t\t\t\t\t<div class=\"elementor-background-overlay\"><\/div>\n\t\t\t\t\t\t\t<div class=\"elementor-container elementor-column-gap-default\">\n\t\t\t\t\t<div class=\"elementor-column elementor-col-100 elementor-top-column elementor-element elementor-element-bed4e45\" data-id=\"bed4e45\" data-element_type=\"column\" data-e-type=\"column\">\n\t\t\t<div class=\"elementor-widget-wrap elementor-element-populated\">\n\t\t\t\t\t\t<div class=\"elementor-element elementor-element-24a7baf elementor-widget elementor-widget-text-editor\" data-id=\"24a7baf\" data-element_type=\"widget\" data-e-type=\"widget\" data-widget_type=\"text-editor.default\">\n\t\t\t\t<div class=\"elementor-widget-container\">\n\t\t\t\t\t\t\t\t\t<h2><strong>Eco Log D7 Wireless<\/strong><\/h2>\t\t\t\t\t\t\t\t<\/div>\n\t\t\t\t<\/div>\n\t\t\t\t\t<\/div>\n\t\t<\/div>\n\t\t\t\t\t<\/div>\n\t\t<\/section>\n\t\t\t\t<section class=\"elementor-section elementor-top-section elementor-element elementor-element-fb8cf62 elementor-section-boxed elementor-section-height-default elementor-section-height-default\" data-id=\"fb8cf62\" data-element_type=\"section\" data-e-type=\"section\">\n\t\t\t\t\t\t\t<div class=\"elementor-background-overlay\"><\/div>\n\t\t\t\t\t\t\t<div class=\"elementor-container elementor-column-gap-default\">\n\t\t\t\t\t<div class=\"elementor-column elementor-col-50 elementor-top-column elementor-element elementor-element-114b8c8\" data-id=\"114b8c8\" data-element_type=\"column\" data-e-type=\"column\">\n\t\t\t<div class=\"elementor-widget-wrap elementor-element-populated\">\n\t\t\t\t\t\t<div class=\"elementor-element elementor-element-4674815 elementor-widget__width-initial elementor-widget elementor-widget-text-editor\" data-id=\"4674815\" data-element_type=\"widget\" data-e-type=\"widget\" data-widget_type=\"text-editor.default\">\n\t\t\t\t<div class=\"elementor-widget-container\">\n\t\t\t\t\t\t\t\t\t<p><span style=\"font-size: 16px;\">Gl\u00f6m on\u00f6dig stillest\u00e5ndstid p\u00e5 grund av kabelbrott mellan maskin och aggregat. Fr\u00e5n och med G-seriens sk\u00f6rdare finns m\u00f6jlighet till \u00f6kad drifts\u00e4kerhet med Eco Log D7 Wireless. Genom att ers\u00e4tta kommunikationskabeln med ett mycket tillf\u00f6rlitlig och tr\u00e5dl\u00f6st h\u00f6ghastighetssystem garanterar det tr\u00e5dl\u00f6sa apteringssystemet en s\u00f6ml\u00f6s och st\u00f6rningsfri kommunikation, \u00e4ven under de mest kr\u00e4vande f\u00f6rh\u00e5llandena.<\/span><\/p><h5>S\u00e5 fungerar det<\/h5><p>I s\u00e5v\u00e4l hytt som sk\u00f6rdaraggregat \u00e4r en tr\u00e5dl\u00f6s kommunikationsenhet installerad och det \u00e4r h\u00e4r emellan som all kommunikation sker i realtid. Systemet \u00e4r robust och utformat f\u00f6r att t\u00e5la de tuffa f\u00f6rh\u00e5llanden som maskin och aggregat ofta uts\u00e4tts f\u00f6r under arbetet i skogen. Det ger en kontinuerlig och st\u00f6rningsfri kommunikation &#8211; \u00e4ven i omr\u00e5den med mycket signalst\u00f6rningar.<\/p>\t\t\t\t\t\t\t\t<\/div>\n\t\t\t\t<\/div>\n\t\t\t\t\t<\/div>\n\t\t<\/div>\n\t\t\t\t<div class=\"elementor-column elementor-col-50 elementor-top-column elementor-element elementor-element-26deb33\" data-id=\"26deb33\" data-element_type=\"column\" data-e-type=\"column\">\n\t\t\t<div class=\"elementor-widget-wrap elementor-element-populated\">\n\t\t\t\t\t\t<div class=\"elementor-element elementor-element-99481fb elementor-widget elementor-widget-text-editor\" data-id=\"99481fb\" data-element_type=\"widget\" data-e-type=\"widget\" data-widget_type=\"text-editor.default\">\n\t\t\t\t<div class=\"elementor-widget-container\">\n\t\t\t\t\t\t\t\t\t<h5><b>D\u00e4rf\u00f6r ska du v\u00e4lja Wireless:<\/b><\/h5><ul><li><strong>Eliminerar stillest\u00e5ndstid<\/strong> som orsakas av trasiga kablar \u2013 inga fler kostsamma avbrott.<\/li><li>Ger kontinuerlig, st\u00f6rningsfri kommunikation f\u00f6r <strong>s\u00f6ml\u00f6s drift.<\/strong><\/li><li>Utformad f\u00f6r skogsbrukets tuffa f\u00f6rh\u00e5llanden<\/li><li><strong>Framtidss\u00e4krad tr\u00e5dl\u00f6s teknik<\/strong> \u2013 byggd f\u00f6r att h\u00e5lla dig uppkopplad, produktiv och l\u00f6nsam.<\/li><\/ul>\t\t\t\t\t\t\t\t<\/div>\n\t\t\t\t<\/div>\n\t\t\t\t\t<\/div>\n\t\t<\/div>\n\t\t\t\t\t<\/div>\n\t\t<\/section>\n\t\t\t\t<section class=\"elementor-section elementor-top-section elementor-element elementor-element-3021fb3 elementor-section-boxed elementor-section-height-default elementor-section-height-default\" data-id=\"3021fb3\" data-element_type=\"section\" data-e-type=\"section\">\n\t\t\t\t\t\t<div class=\"elementor-container elementor-column-gap-default\">\n\t\t\t\t\t<div class=\"elementor-column elementor-col-100 elementor-top-column elementor-element elementor-element-80c2926\" data-id=\"80c2926\" data-element_type=\"column\" data-e-type=\"column\">\n\t\t\t<div class=\"elementor-widget-wrap elementor-element-populated\">\n\t\t\t\t\t\t<div class=\"elementor-element elementor-element-d327fdd elementor-align-center elementor-widget elementor-widget-global elementor-global-5220 elementor-widget-button\" data-id=\"d327fdd\" data-element_type=\"widget\" data-e-type=\"widget\" data-widget_type=\"button.default\">\n\t\t\t\t<div class=\"elementor-widget-container\">\n\t\t\t\t\t\t\t\t\t<div class=\"elementor-button-wrapper\">\n\t\t\t\t\t<a class=\"elementor-button elementor-button-link elementor-size-lg\" href=\"https:\/\/ecologforestry.com\/sv\/salj-service\/\">\n\t\t\t\t\t\t<span class=\"elementor-button-content-wrapper\">\n\t\t\t\t\t\t\t\t\t<span class=\"elementor-button-text\">KONTAKTA DIN S\u00c4LJARE<\/span>\n\t\t\t\t\t<\/span>\n\t\t\t\t\t<\/a>\n\t\t\t\t<\/div>\n\t\t\t\t\t\t\t\t<\/div>\n\t\t\t\t<\/div>\n\t\t\t\t\t<\/div>\n\t\t<\/div>\n\t\t\t\t\t<\/div>\n\t\t<\/section>\n\t\t\t\t<\/div>\n\t\t","protected":false},"excerpt":{"rendered":"<p>Eco Log D7 Wireless Gl\u00f6m on\u00f6dig stillest\u00e5ndstid p\u00e5 grund av kabelbrott mellan maskin och aggregat. Fr\u00e5n och med G-seriens sk\u00f6rdare finns m\u00f6jlighet till \u00f6kad drifts\u00e4kerhet med Eco Log D7 Wireless. Genom att ers\u00e4tta kommunikationskabeln med ett mycket tillf\u00f6rlitlig och tr\u00e5dl\u00f6st h\u00f6ghastighetssystem garanterar det tr\u00e5dl\u00f6sa apteringssystemet en s\u00f6ml\u00f6s och st\u00f6rningsfri kommunikation, \u00e4ven under de mest kr\u00e4vande [&hellip;]<\/p>\n","protected":false},"author":2,"featured_media":9531,"parent":0,"menu_order":0,"comment_status":"closed","ping_status":"closed","template":"","meta":{"_acf_changed":false,"footnotes":""},"class_list":["post-9529","page","type-page","status-publish","has-post-thumbnail","hentry"],"acf":[],"_links":{"self":[{"href":"https:\/\/ecologforestry.com\/sv\/wp-json\/wp\/v2\/pages\/9529","targetHints":{"allow":["GET"]}}],"collection":[{"href":"https:\/\/ecologforestry.com\/sv\/wp-json\/wp\/v2\/pages"}],"about":[{"href":"https:\/\/ecologforestry.com\/sv\/wp-json\/wp\/v2\/types\/page"}],"author":[{"embeddable":true,"href":"https:\/\/ecologforestry.com\/sv\/wp-json\/wp\/v2\/users\/2"}],"replies":[{"embeddable":true,"href":"https:\/\/ecologforestry.com\/sv\/wp-json\/wp\/v2\/comments?post=9529"}],"version-history":[{"count":23,"href":"https:\/\/ecologforestry.com\/sv\/wp-json\/wp\/v2\/pages\/9529\/revisions"}],"predecessor-version":[{"id":9588,"href":"https:\/\/ecologforestry.com\/sv\/wp-json\/wp\/v2\/pages\/9529\/revisions\/9588"}],"wp:featuredmedia":[{"embeddable":true,"href":"https:\/\/ecologforestry.com\/sv\/wp-json\/wp\/v2\/media\/9531"}],"wp:attachment":[{"href":"https:\/\/ecologforestry.com\/sv\/wp-json\/wp\/v2\/media?parent=9529"}],"curies":[{"name":"wp","href":"https:\/\/api.w.org\/{rel}","templated":true}]}}